{"id":1644,"date":"2026-04-19T18:43:58","date_gmt":"2026-04-19T18:43:58","guid":{"rendered":"https:\/\/livia.azdigi.shop\/?post_type=product&#038;p=1644"},"modified":"2026-04-19T18:43:58","modified_gmt":"2026-04-19T18:43:58","slug":"ao-xuan-he-dang-ngan-co-duc","status":"publish","type":"product","link":"https:\/\/livia.azdigi.shop\/?product=ao-xuan-he-dang-ngan-co-duc","title":{"rendered":"\u00c1o xu\u00e2n h\u00e8 d\u00e1ng ng\u1eafn c\u1ed5 \u0111\u1ee9c"},"content":{"rendered":"<p data-path-to-node=\"9,0\">D\u01b0\u1edbi \u00e1nh n\u1eafng trong tr\u1ebbo c\u1ee7a bu\u1ed5i s\u1edbm, m\u1eabu <b data-path-to-node=\"9,0\" data-index-in-node=\"43\">\u00e1o xu\u00e2n h\u00e8 d\u00e1ng ng\u1eafn<\/b> hi\u1ec7n l\u00ean nh\u01b0 m\u1ed9t l\u1eddi kh\u1eb3ng \u0111\u1ecbnh v\u1ec1 s\u1ef1 tr\u1ebb trung v\u00e0 thanh l\u1ecbch. Kh\u00f4ng qu\u00e1 c\u1ea7u k\u1ef3, thi\u1ebft k\u1ebf n\u00e0y t\u1eadp trung v\u00e0o phom d\u00e1ng ch\u1ec9n chu \u0111\u1ec3 n\u00e0ng t\u1ef1 tin trong m\u1ecdi b\u01b0\u1edbc \u0111i. <b data-path-to-node=\"9,0\" data-index-in-node=\"225\">Ch\u00ednh v\u00ec th\u1ebf<\/b>, \u0111\u00e2y l\u00e0 m\u00f3n \u0111\u1ed3 kh\u00f4ng th\u1ec3 thi\u1ebfu trong t\u1ee7 \u0111\u1ed3 c\u1ee7a nh\u1eefng c\u00f4 n\u00e0ng hi\u1ec7n \u0111\u1ea1i.<\/p>\n<h3 data-path-to-node=\"9,1\">Thi\u1ebft k\u1ebf c\u1ee7a \u00e1o xu\u00e2n h\u00e8 d\u00e1ng ng\u1eafn c\u1ed5 \u0111\u1ee9c<\/h3>\n<p data-path-to-node=\"9,2\">M\u1eabu <b data-path-to-node=\"9,2\" data-index-in-node=\"4\">\u00e1o xu\u00e2n h\u00e8 d\u00e1ng ng\u1eafn<\/b> s\u1edf h\u1eefu c\u1ed5 \u0111\u1ee9c c\u1ed5 \u0111i\u1ec3n k\u1ebft h\u1ee3p c\u00f9ng d\u00e1ng \u00e1o l\u1eedng hi\u1ec7n \u0111\u1ea1i. Thi\u1ebft k\u1ebf n\u00e0y gi\u00fap t\u00f4n l\u00ean v\u00f2ng eo v\u00e0 t\u1ea1o c\u1ea3m gi\u00e1c \u0111\u00f4i ch\u00e2n d\u00e0i h\u01a1n. <b data-path-to-node=\"9,2\" data-index-in-node=\"151\">Th\u00eam v\u00e0o \u0111\u00f3<\/b>, h\u00e0ng c\u00fac tinh t\u1ebf v\u00e0 \u0111\u01b0\u1eddng may s\u1eafc s\u1ea3o gi\u00fap t\u1ed5ng th\u1ec3 trang ph\u1ee5c th\u00eam ph\u1ea7n sang tr\u1ecdng.<\/p>\n<h3 data-path-to-node=\"9,3\">Ch\u1ea5t li\u1ec7u cao c\u1ea5p v\u00e0 tho\u00e1ng m\u00e1t<\/h3>\n<p data-path-to-node=\"9,4\">LIVIA \u01b0u ti\u00ean s\u1eed d\u1ee5ng d\u00f2ng v\u1ea3i cao c\u1ea5p cho m\u1eabu\u00a0n\u00e0y. B\u1ec1 m\u1eb7t v\u1ea3i m\u1ec1m m\u1ecbn, c\u00f3 \u0111\u1ed9 \u0111\u1ee9ng phom v\u1eeba ph\u1ea3i nh\u01b0ng v\u1eabn \u0111\u1ea3m b\u1ea3o s\u1ef1 tho\u00e1ng m\u00e1t. <b data-path-to-node=\"9,4\" data-index-in-node=\"151\">Nh\u1edd v\u1eady<\/b>, n\u00e0ng c\u00f3 th\u1ec3 tho\u1ea3i m\u00e1i di\u1ec7n \u00e1o su\u1ed1t c\u1ea3 ng\u00e0y d\u00e0i m\u00e0 kh\u00f4ng lo b\u00ed b\u00e1ch.<\/p>\n<h3 data-path-to-node=\"9,5\">G\u1ee3i \u00fd ph\u1ed1i \u0111\u1ed3 chu\u1ea9n gu<\/h3>\n<p data-path-to-node=\"9,6\">N\u00e0ng s\u1ebd tr\u1edf n\u00ean v\u00f4 c\u00f9ng ng\u1ecdt ng\u00e0o khi di\u1ec7n nguy\u00ean set c\u00f9ng ch\u00e2n v\u00e1y \u0111\u1ed3ng m\u00e0u. <b data-path-to-node=\"9,6\" data-index-in-node=\"78\">H\u01a1n n\u1eefa<\/b>, m\u1eabu\u00a0n\u00e0y c\u0169ng c\u1ef1c k\u1ef3 &#8220;\u0103n r\u01a1&#8221; khi ph\u1ed1i c\u00f9ng qu\u1ea7n <a href=\"https:\/\/livia.azdigi.shop\/?product=quan-xuan-he-dang-ngan\"><strong>xu\u00e2n h\u00e8 d\u00e1ng ng\u1eafn<\/strong><\/a> ho\u1eb7c qu\u1ea7n t\u00e2y \u1ed1ng su\u00f4ng. \u0110\u1eebng qu\u00ean m\u1ed9t \u0111\u00f4i gi\u00e0y b\u00fap b\u00ea ho\u1eb7c sandal quai m\u1ea3nh \u0111\u1ec3 ho\u00e0n thi\u1ec7n v\u1ebb ngo\u00e0i trong tr\u1ebbo nh\u00e9.<\/p>\n<hr data-path-to-node=\"9,7\" \/>\n<p data-path-to-node=\"9,8\"><i data-path-to-node=\"9,8\" data-index-in-node=\"0\">Tham kh\u1ea3o th\u00eam c\u00e1c xu h\u01b0\u1edbng ph\u1ed1i \u0111\u1ed3 t\u1ea1i <a href=\"https:\/\/livia.azdigi.shop\/\">Trang ch\u1ee7 &#8211; LIVIA store<\/a><\/i><\/p>\n","protected":false},"excerpt":{"rendered":"<p>D\u01b0\u1edbi \u00e1nh n\u1eafng trong tr\u1ebbo c\u1ee7a bu\u1ed5i s\u1edbm, m\u1eabu \u00e1o xu\u00e2n h\u00e8 d\u00e1ng ng\u1eafn hi\u1ec7n l\u00ean nh\u01b0 m\u1ed9t l\u1eddi kh\u1eb3ng \u0111\u1ecbnh v\u1ec1 s\u1ef1 tr\u1ebb trung v\u00e0 thanh l\u1ecbch. Kh\u00f4ng qu\u00e1 c\u1ea7u k\u1ef3, thi\u1ebft k\u1ebf n\u00e0y t\u1eadp trung v\u00e0o phom d\u00e1ng ch\u1ec9n chu \u0111\u1ec3 n\u00e0ng t\u1ef1 tin trong m\u1ecdi b\u01b0\u1edbc \u0111i. Ch\u00ednh v\u00ec th\u1ebf, \u0111\u00e2y l\u00e0 [&#8230;]\n","protected":false},"featured_media":1645,"comment_status":"open","ping_status":"closed","template":"","meta":[],"product_brand":[],"product_cat":[19],"product_tag":[],"class_list":{"0":"post-1644","1":"product","2":"type-product","3":"status-publish","4":"has-post-thumbnail","6":"product_cat-ao","8":"first","9":"instock","10":"sale","11":"shipping-taxable","12":"purchasable","13":"product-type-variable"},"yoast_head":"<!-- This site is optimized with the Yoast SEO plugin v27.1.1 - https:\/\/yoast.com\/product\/yoast-seo-wordpress\/ -->\n<title>\u00c1o xu\u00e2n h\u00e8 d\u00e1ng ng\u1eafn c\u1ed5 \u0111\u1ee9c - LIVIA store \u00c1o Xu\u00e2n H\u00e8 D\u00e1ng Ng\u1eafn C\u1ed5 \u0110\u1ee9c<\/title>\n<meta name=\"description\" content=\"M\u1eabu \u00e1o xu\u00e2n h\u00e8 d\u00e1ng ng\u1eafn c\u1ed5 \u0111\u1ee9c v\u1edbi thi\u1ebft k\u1ebf tr\u1ebb trung, t\u00f4n d\u00e1ng. Ch\u1ea5t li\u1ec7u cao c\u1ea5p mang l\u1ea1i s\u1ef1 tho\u1ea3i m\u00e1i t\u1ed1i \u0111a cho n\u00e0ng di\u1ec7n \u0111i l\u00e0m, \u0111i ch\u01a1i. Mua ngay !\" \/>\n<meta name=\"robots\" content=\"index, follow, max-snippet:-1, max-image-preview:large, max-video-preview:-1\" \/>\n<link rel=\"canonical\" href=\"https:\/\/livia.azdigi.shop\/?product=ao-xuan-he-dang-ngan-co-duc\" \/>\n<meta property=\"og:locale\" content=\"en_US\" \/>\n<meta property=\"og:type\" content=\"article\" \/>\n<meta property=\"og:title\" content=\"\u00c1o xu\u00e2n h\u00e8 d\u00e1ng ng\u1eafn c\u1ed5 \u0111\u1ee9c - LIVIA store \u00c1o Xu\u00e2n H\u00e8 D\u00e1ng Ng\u1eafn C\u1ed5 \u0110\u1ee9c\" \/>\n<meta property=\"og:description\" content=\"M\u1eabu \u00e1o xu\u00e2n h\u00e8 d\u00e1ng ng\u1eafn c\u1ed5 \u0111\u1ee9c v\u1edbi thi\u1ebft k\u1ebf tr\u1ebb trung, t\u00f4n d\u00e1ng. Ch\u1ea5t li\u1ec7u cao c\u1ea5p mang l\u1ea1i s\u1ef1 tho\u1ea3i m\u00e1i t\u1ed1i \u0111a cho n\u00e0ng di\u1ec7n \u0111i l\u00e0m, \u0111i ch\u01a1i. Mua ngay !\" \/>\n<meta property=\"og:url\" content=\"https:\/\/livia.azdigi.shop\/?product=ao-xuan-he-dang-ngan-co-duc\" \/>\n<meta property=\"og:site_name\" content=\"LIVIA store\" \/>\n<meta property=\"og:image\" content=\"https:\/\/livia.azdigi.shop\/wp-content\/uploads\/2026\/04\/Ao-xuan-he-dang-ngan-co-duc-2-scaled.jpg\" \/>\n\t<meta property=\"og:image:width\" content=\"1708\" \/>\n\t<meta property=\"og:image:height\" content=\"2560\" \/>\n\t<meta property=\"og:image:type\" content=\"image\/jpeg\" \/>\n<meta name=\"twitter:card\" content=\"summary_large_image\" \/>\n<meta name=\"twitter:label1\" content=\"Est. reading time\" \/>\n\t<meta name=\"twitter:data1\" content=\"2 minutes\" \/>\n<script type=\"application\/ld+json\" class=\"yoast-schema-graph\">{\"@context\":\"https:\/\/schema.org\",\"@graph\":[{\"@type\":\"WebPage\",\"@id\":\"https:\/\/livia.azdigi.shop\/?product=ao-xuan-he-dang-ngan-co-duc\",\"url\":\"https:\/\/livia.azdigi.shop\/?product=ao-xuan-he-dang-ngan-co-duc\",\"name\":\"\u00c1o xu\u00e2n h\u00e8 d\u00e1ng ng\u1eafn c\u1ed5 \u0111\u1ee9c - LIVIA store \u00c1o Xu\u00e2n H\u00e8 D\u00e1ng Ng\u1eafn C\u1ed5 \u0110\u1ee9c\",\"isPartOf\":{\"@id\":\"https:\/\/livia.azdigi.shop\/#website\"},\"primaryImageOfPage\":{\"@id\":\"https:\/\/livia.azdigi.shop\/?product=ao-xuan-he-dang-ngan-co-duc#primaryimage\"},\"image\":{\"@id\":\"https:\/\/livia.azdigi.shop\/?product=ao-xuan-he-dang-ngan-co-duc#primaryimage\"},\"thumbnailUrl\":\"https:\/\/livia.azdigi.shop\/wp-content\/uploads\/2026\/04\/Ao-xuan-he-dang-ngan-co-duc-2-scaled.jpg\",\"datePublished\":\"2026-04-19T18:43:58+00:00\",\"description\":\"M\u1eabu \u00e1o xu\u00e2n h\u00e8 d\u00e1ng ng\u1eafn c\u1ed5 \u0111\u1ee9c v\u1edbi thi\u1ebft k\u1ebf tr\u1ebb trung, t\u00f4n d\u00e1ng. Ch\u1ea5t li\u1ec7u cao c\u1ea5p mang l\u1ea1i s\u1ef1 tho\u1ea3i m\u00e1i t\u1ed1i \u0111a cho n\u00e0ng di\u1ec7n \u0111i l\u00e0m, \u0111i ch\u01a1i. Mua ngay !\",\"breadcrumb\":{\"@id\":\"https:\/\/livia.azdigi.shop\/?product=ao-xuan-he-dang-ngan-co-duc#breadcrumb\"},\"inLanguage\":\"en-US\",\"potentialAction\":[{\"@type\":\"ReadAction\",\"target\":[\"https:\/\/livia.azdigi.shop\/?product=ao-xuan-he-dang-ngan-co-duc\"]}]},{\"@type\":\"ImageObject\",\"inLanguage\":\"en-US\",\"@id\":\"https:\/\/livia.azdigi.shop\/?product=ao-xuan-he-dang-ngan-co-duc#primaryimage\",\"url\":\"https:\/\/livia.azdigi.shop\/wp-content\/uploads\/2026\/04\/Ao-xuan-he-dang-ngan-co-duc-2-scaled.jpg\",\"contentUrl\":\"https:\/\/livia.azdigi.shop\/wp-content\/uploads\/2026\/04\/Ao-xuan-he-dang-ngan-co-duc-2-scaled.jpg\",\"width\":1708,\"height\":2560,\"caption\":\"Evoto\"},{\"@type\":\"BreadcrumbList\",\"@id\":\"https:\/\/livia.azdigi.shop\/?product=ao-xuan-he-dang-ngan-co-duc#breadcrumb\",\"itemListElement\":[{\"@type\":\"ListItem\",\"position\":1,\"name\":\"Home\",\"item\":\"https:\/\/livia.azdigi.shop\/\"},{\"@type\":\"ListItem\",\"position\":2,\"name\":\"Shop\",\"item\":\"https:\/\/livia.azdigi.shop\/?page_id=45\"},{\"@type\":\"ListItem\",\"position\":3,\"name\":\"\u00c1o xu\u00e2n h\u00e8 d\u00e1ng ng\u1eafn c\u1ed5 \u0111\u1ee9c\"}]},{\"@type\":\"WebSite\",\"@id\":\"https:\/\/livia.azdigi.shop\/#website\",\"url\":\"https:\/\/livia.azdigi.shop\/\",\"name\":\"livia\",\"description\":\"\",\"publisher\":{\"@id\":\"https:\/\/livia.azdigi.shop\/#organization\"},\"potentialAction\":[{\"@type\":\"SearchAction\",\"target\":{\"@type\":\"EntryPoint\",\"urlTemplate\":\"https:\/\/livia.azdigi.shop\/?s={search_term_string}\"},\"query-input\":{\"@type\":\"PropertyValueSpecification\",\"valueRequired\":true,\"valueName\":\"search_term_string\"}}],\"inLanguage\":\"en-US\"},{\"@type\":\"Organization\",\"@id\":\"https:\/\/livia.azdigi.shop\/#organization\",\"name\":\"thoitrangnu\",\"url\":\"https:\/\/livia.azdigi.shop\/\",\"logo\":{\"@type\":\"ImageObject\",\"inLanguage\":\"en-US\",\"@id\":\"https:\/\/livia.azdigi.shop\/#\/schema\/logo\/image\/\",\"url\":\"https:\/\/livia.azdigi.shop\/wp-content\/uploads\/2026\/03\/Screenshot-2026-03-05-143026.png\",\"contentUrl\":\"https:\/\/livia.azdigi.shop\/wp-content\/uploads\/2026\/03\/Screenshot-2026-03-05-143026.png\",\"width\":438,\"height\":270,\"caption\":\"thoitrangnu\"},\"image\":{\"@id\":\"https:\/\/livia.azdigi.shop\/#\/schema\/logo\/image\/\"}}]}<\/script>\n<!-- \/ Yoast SEO plugin. -->","yoast_head_json":{"title":"\u00c1o xu\u00e2n h\u00e8 d\u00e1ng ng\u1eafn c\u1ed5 \u0111\u1ee9c - LIVIA store \u00c1o Xu\u00e2n H\u00e8 D\u00e1ng Ng\u1eafn C\u1ed5 \u0110\u1ee9c","description":"M\u1eabu \u00e1o xu\u00e2n h\u00e8 d\u00e1ng ng\u1eafn c\u1ed5 \u0111\u1ee9c v\u1edbi thi\u1ebft k\u1ebf tr\u1ebb trung, t\u00f4n d\u00e1ng. Ch\u1ea5t li\u1ec7u cao c\u1ea5p mang l\u1ea1i s\u1ef1 tho\u1ea3i m\u00e1i t\u1ed1i \u0111a cho n\u00e0ng di\u1ec7n \u0111i l\u00e0m, \u0111i ch\u01a1i. Mua ngay !","robots":{"index":"index","follow":"follow","max-snippet":"max-snippet:-1","max-image-preview":"max-image-preview:large","max-video-preview":"max-video-preview:-1"},"canonical":"https:\/\/livia.azdigi.shop\/?product=ao-xuan-he-dang-ngan-co-duc","og_locale":"en_US","og_type":"article","og_title":"\u00c1o xu\u00e2n h\u00e8 d\u00e1ng ng\u1eafn c\u1ed5 \u0111\u1ee9c - LIVIA store \u00c1o Xu\u00e2n H\u00e8 D\u00e1ng Ng\u1eafn C\u1ed5 \u0110\u1ee9c","og_description":"M\u1eabu \u00e1o xu\u00e2n h\u00e8 d\u00e1ng ng\u1eafn c\u1ed5 \u0111\u1ee9c v\u1edbi thi\u1ebft k\u1ebf tr\u1ebb trung, t\u00f4n d\u00e1ng. Ch\u1ea5t li\u1ec7u cao c\u1ea5p mang l\u1ea1i s\u1ef1 tho\u1ea3i m\u00e1i t\u1ed1i \u0111a cho n\u00e0ng di\u1ec7n \u0111i l\u00e0m, \u0111i ch\u01a1i. Mua ngay !","og_url":"https:\/\/livia.azdigi.shop\/?product=ao-xuan-he-dang-ngan-co-duc","og_site_name":"LIVIA store","og_image":[{"width":1708,"height":2560,"url":"https:\/\/livia.azdigi.shop\/wp-content\/uploads\/2026\/04\/Ao-xuan-he-dang-ngan-co-duc-2-scaled.jpg","type":"image\/jpeg"}],"twitter_card":"summary_large_image","twitter_misc":{"Est. reading time":"2 minutes"},"schema":{"@context":"https:\/\/schema.org","@graph":[{"@type":"WebPage","@id":"https:\/\/livia.azdigi.shop\/?product=ao-xuan-he-dang-ngan-co-duc","url":"https:\/\/livia.azdigi.shop\/?product=ao-xuan-he-dang-ngan-co-duc","name":"\u00c1o xu\u00e2n h\u00e8 d\u00e1ng ng\u1eafn c\u1ed5 \u0111\u1ee9c - LIVIA store \u00c1o Xu\u00e2n H\u00e8 D\u00e1ng Ng\u1eafn C\u1ed5 \u0110\u1ee9c","isPartOf":{"@id":"https:\/\/livia.azdigi.shop\/#website"},"primaryImageOfPage":{"@id":"https:\/\/livia.azdigi.shop\/?product=ao-xuan-he-dang-ngan-co-duc#primaryimage"},"image":{"@id":"https:\/\/livia.azdigi.shop\/?product=ao-xuan-he-dang-ngan-co-duc#primaryimage"},"thumbnailUrl":"https:\/\/livia.azdigi.shop\/wp-content\/uploads\/2026\/04\/Ao-xuan-he-dang-ngan-co-duc-2-scaled.jpg","datePublished":"2026-04-19T18:43:58+00:00","description":"M\u1eabu \u00e1o xu\u00e2n h\u00e8 d\u00e1ng ng\u1eafn c\u1ed5 \u0111\u1ee9c v\u1edbi thi\u1ebft k\u1ebf tr\u1ebb trung, t\u00f4n d\u00e1ng. Ch\u1ea5t li\u1ec7u cao c\u1ea5p mang l\u1ea1i s\u1ef1 tho\u1ea3i m\u00e1i t\u1ed1i \u0111a cho n\u00e0ng di\u1ec7n \u0111i l\u00e0m, \u0111i ch\u01a1i. Mua ngay !","breadcrumb":{"@id":"https:\/\/livia.azdigi.shop\/?product=ao-xuan-he-dang-ngan-co-duc#breadcrumb"},"inLanguage":"en-US","potentialAction":[{"@type":"ReadAction","target":["https:\/\/livia.azdigi.shop\/?product=ao-xuan-he-dang-ngan-co-duc"]}]},{"@type":"ImageObject","inLanguage":"en-US","@id":"https:\/\/livia.azdigi.shop\/?product=ao-xuan-he-dang-ngan-co-duc#primaryimage","url":"https:\/\/livia.azdigi.shop\/wp-content\/uploads\/2026\/04\/Ao-xuan-he-dang-ngan-co-duc-2-scaled.jpg","contentUrl":"https:\/\/livia.azdigi.shop\/wp-content\/uploads\/2026\/04\/Ao-xuan-he-dang-ngan-co-duc-2-scaled.jpg","width":1708,"height":2560,"caption":"Evoto"},{"@type":"BreadcrumbList","@id":"https:\/\/livia.azdigi.shop\/?product=ao-xuan-he-dang-ngan-co-duc#breadcrumb","itemListElement":[{"@type":"ListItem","position":1,"name":"Home","item":"https:\/\/livia.azdigi.shop\/"},{"@type":"ListItem","position":2,"name":"Shop","item":"https:\/\/livia.azdigi.shop\/?page_id=45"},{"@type":"ListItem","position":3,"name":"\u00c1o xu\u00e2n h\u00e8 d\u00e1ng ng\u1eafn c\u1ed5 \u0111\u1ee9c"}]},{"@type":"WebSite","@id":"https:\/\/livia.azdigi.shop\/#website","url":"https:\/\/livia.azdigi.shop\/","name":"livia","description":"","publisher":{"@id":"https:\/\/livia.azdigi.shop\/#organization"},"potentialAction":[{"@type":"SearchAction","target":{"@type":"EntryPoint","urlTemplate":"https:\/\/livia.azdigi.shop\/?s={search_term_string}"},"query-input":{"@type":"PropertyValueSpecification","valueRequired":true,"valueName":"search_term_string"}}],"inLanguage":"en-US"},{"@type":"Organization","@id":"https:\/\/livia.azdigi.shop\/#organization","name":"thoitrangnu","url":"https:\/\/livia.azdigi.shop\/","logo":{"@type":"ImageObject","inLanguage":"en-US","@id":"https:\/\/livia.azdigi.shop\/#\/schema\/logo\/image\/","url":"https:\/\/livia.azdigi.shop\/wp-content\/uploads\/2026\/03\/Screenshot-2026-03-05-143026.png","contentUrl":"https:\/\/livia.azdigi.shop\/wp-content\/uploads\/2026\/03\/Screenshot-2026-03-05-143026.png","width":438,"height":270,"caption":"thoitrangnu"},"image":{"@id":"https:\/\/livia.azdigi.shop\/#\/schema\/logo\/image\/"}}]}},"_links":{"self":[{"href":"https:\/\/livia.azdigi.shop\/index.php?rest_route=\/wp\/v2\/product\/1644","targetHints":{"allow":["GET"]}}],"collection":[{"href":"https:\/\/livia.azdigi.shop\/index.php?rest_route=\/wp\/v2\/product"}],"about":[{"href":"https:\/\/livia.azdigi.shop\/index.php?rest_route=\/wp\/v2\/types\/product"}],"replies":[{"embeddable":true,"href":"https:\/\/livia.azdigi.shop\/index.php?rest_route=%2Fwp%2Fv2%2Fcomments&post=1644"}],"wp:featuredmedia":[{"embeddable":true,"href":"https:\/\/livia.azdigi.shop\/index.php?rest_route=\/wp\/v2\/media\/1645"}],"wp:attachment":[{"href":"https:\/\/livia.azdigi.shop\/index.php?rest_route=%2Fwp%2Fv2%2Fmedia&parent=1644"}],"wp:term":[{"taxonomy":"product_brand","embeddable":true,"href":"https:\/\/livia.azdigi.shop\/index.php?rest_route=%2Fwp%2Fv2%2Fproduct_brand&post=1644"},{"taxonomy":"product_cat","embeddable":true,"href":"https:\/\/livia.azdigi.shop\/index.php?rest_route=%2Fwp%2Fv2%2Fproduct_cat&post=1644"},{"taxonomy":"product_tag","embeddable":true,"href":"https:\/\/livia.azdigi.shop\/index.php?rest_route=%2Fwp%2Fv2%2Fproduct_tag&post=1644"}],"curies":[{"name":"wp","href":"https:\/\/api.w.org\/{rel}","templated":true}]}}