{"id":1627,"date":"2026-04-19T18:17:06","date_gmt":"2026-04-19T18:17:06","guid":{"rendered":"https:\/\/livia.azdigi.shop\/?post_type=product&#038;p=1627"},"modified":"2026-04-20T17:47:44","modified_gmt":"2026-04-20T17:47:44","slug":"ao-xuan-he-co-duc-dang-rong-tay-chom","status":"publish","type":"product","link":"https:\/\/livia.azdigi.shop\/?product=ao-xuan-he-co-duc-dang-rong-tay-chom","title":{"rendered":"\u00c1o Xu\u00e2n H\u00e8 c\u1ed5 \u0111\u1ee9c d\u00e1ng r\u1ed9ng, tay ch\u1eddm"},"content":{"rendered":"<p data-path-to-node=\"5,0\"><strong>\u00c1o S\u01a1 Mi K\u1ebb S\u1ecdc D\u00e1ng Su\u00f4ng Cao C\u1ea5p | LIVIA Store<\/strong><\/p>\n<p data-path-to-node=\"5,0\">N\u1ebfu nh\u1eefng b\u1ea3n k\u1ebf ho\u1ea1ch d\u00e0y c\u1ed9m l\u00e0m ng\u00e0y m\u1edbi tr\u1edf n\u00ean n\u1eb7ng n\u1ec1, chi\u1ebfc \u00e1o s\u01a1 mi n\u00e0y ch\u00ednh l\u00e0 n\u1ed1t nh\u1ea1c trong tr\u1ebbo d\u00e0nh cho n\u00e0ng. Thi\u1ebft k\u1ebf \u0111\u01b0a n\u00e0ng tr\u1edf v\u1ec1 v\u1edbi s\u1ef1 \u0111i\u1ec1m nhi\u00ean v\u00e0 t\u1ef1 t\u1ea1i. <b data-path-to-node=\"5,0\" data-index-in-node=\"178\">B\u00ean c\u1ea1nh \u0111\u00f3<\/b>, \u0111\u00e2y kh\u00f4ng ch\u1ec9 l\u00e0 m\u00f3n \u0111\u1ed3 th\u1eddi trang m\u00e0 c\u00f2n l\u00e0 l\u1eddi th\u1ee7 th\u1ec9 v\u1ec1 m\u1ed9t &#8216;chuy\u1ec7n nh\u1eb9 t\u00eanh&#8217;. <b data-path-to-node=\"5,0\" data-index-in-node=\"274\">V\u00ec v\u1eady<\/b>, s\u1ef1 chuy\u00ean nghi\u1ec7p s\u1ebd h\u00f2a c\u00f9ng n\u00e9t ph\u00f3ng kho\u00e1ng \u0111\u1ec3 gi\u00fap n\u00e0ng b\u1eaft \u0111\u1ea7u ng\u00e0y m\u1edbi d\u1ecbu d\u00e0ng nh\u1ea5t.<\/p>\n<h3 data-path-to-node=\"5,1\">Thi\u1ebft k\u1ebf thanh l\u1ecbch<\/h3>\n<p data-path-to-node=\"5,2\">\u00c1o s\u01a1 mi d\u00e1ng su\u00f4ng v\u1edbi phom \u0111\u1ee9ng v\u1eeba ph\u1ea3i gi\u00fap t\u1ed5ng th\u1ec3 g\u1ecdn g\u00e0ng. <b data-path-to-node=\"5,2\" data-index-in-node=\"67\">Th\u00eam v\u00e0o \u0111\u00f3<\/b>, h\u1ecda ti\u1ebft k\u1ebb s\u1ecdc xanh nh\u1ea1t t\u1ea1o c\u1ea3m gi\u00e1c thanh tho\u00e1t v\u00e0 tr\u1ebb trung. Chi ti\u1ebft th\u00eau logo tinh t\u1ebf l\u00e0 \u0111i\u1ec3m nh\u1ea5n nh\u1eb9 nh\u00e0ng \u0111\u1ec3 gi\u1eef cho thi\u1ebft k\u1ebf kh\u00f4ng b\u1ecb \u0111\u01a1n \u0111i\u1ec7u.<\/p>\n<h3 data-path-to-node=\"5,3\">Ch\u1ea5t li\u1ec7u cao c\u1ea5p<\/h3>\n<p data-path-to-node=\"5,4\">Livia s\u1eed d\u1ee5ng v\u1ea3i Poplin cao c\u1ea5p cho thi\u1ebft k\u1ebf n\u00e0y. Th\u00e0nh ph\u1ea7n v\u1ea3i bao g\u1ed3m 75% Poly, 25% Cotton v\u00e0 5% Spandex. <b data-path-to-node=\"5,4\" data-index-in-node=\"110\">Nh\u1edd v\u1eady<\/b>, b\u1ec1 m\u1eb7t v\u1ea3i lu\u00f4n m\u1ec1m m\u1ecbn, tho\u00e1ng m\u00e1t v\u00e0 gi\u1eef phom chu\u1ea9n m\u1ef1c sau nhi\u1ec1u l\u1ea7n di\u1ec7n.<\/p>\n<h3 data-path-to-node=\"5,5\">C\u00e1ch ph\u1ed1i \u0111\u1ed3 g\u1ee3i \u00fd<\/h3>\n<p data-path-to-node=\"5,6\">Thi\u1ebft k\u1ebf n\u00e0y r\u1ea5t ph\u00f9 h\u1ee3p cho m\u00f4i tr\u01b0\u1eddng c\u00f4ng s\u1edf ho\u1eb7c \u0111i caf\u00e9. N\u00e0ng s\u1ebd tr\u1edf n\u00ean ho\u00e0n h\u1ea3o khi s\u01a1 vin c\u00f9ng <a href=\"https:\/\/livia.azdigi.shop\/?product=quan-xuan-he-dang-ngan\"><strong>qu\u1ea7n xu\u00e2n h\u00e8 d\u00e1ng ng\u1eafn<\/strong><\/a>. <b data-path-to-node=\"5,6\" data-index-in-node=\"136\">H\u01a1n n\u1eefa<\/b>, n\u00e0ng c\u00f3 th\u1ec3 t\u1ea1o th\u00eam \u0111i\u1ec3m nh\u1ea5n b\u1eb1ng c\u00e1ch kho\u00e1c h\u1edd m\u1ed9t chi\u1ebfc \u00e1o len m\u1ecfng qua vai.<\/p>\n","protected":false},"excerpt":{"rendered":"<p>\u00c1o S\u01a1 Mi K\u1ebb S\u1ecdc D\u00e1ng Su\u00f4ng Cao C\u1ea5p | LIVIA Store N\u1ebfu nh\u1eefng b\u1ea3n k\u1ebf ho\u1ea1ch d\u00e0y c\u1ed9m l\u00e0m ng\u00e0y m\u1edbi tr\u1edf n\u00ean n\u1eb7ng n\u1ec1, chi\u1ebfc \u00e1o s\u01a1 mi n\u00e0y ch\u00ednh l\u00e0 n\u1ed1t nh\u1ea1c trong tr\u1ebbo d\u00e0nh cho n\u00e0ng. Thi\u1ebft k\u1ebf \u0111\u01b0a n\u00e0ng tr\u1edf v\u1ec1 v\u1edbi s\u1ef1 \u0111i\u1ec1m nhi\u00ean v\u00e0 t\u1ef1 t\u1ea1i. B\u00ean c\u1ea1nh [&#8230;]\n","protected":false},"featured_media":1755,"comment_status":"open","ping_status":"closed","template":"","meta":[],"product_brand":[],"product_cat":[19,26],"product_tag":[],"class_list":{"0":"post-1627","1":"product","2":"type-product","3":"status-publish","4":"has-post-thumbnail","6":"product_cat-ao","7":"product_cat-cham-dong","9":"first","10":"instock","11":"sale","12":"shipping-taxable","13":"purchasable","14":"product-type-variable"},"yoast_head":"<!-- This site is optimized with the Yoast SEO plugin v27.1.1 - https:\/\/yoast.com\/product\/yoast-seo-wordpress\/ -->\n<title>\u00c1o Xu\u00e2n H\u00e8 c\u1ed5 \u0111\u1ee9c d\u00e1ng r\u1ed9ng, tay ch\u1eddm - LIVIA store \u00c1o S\u01a1 Mi K\u1ebb S\u1ecdc D\u00e1ng.<\/title>\n<meta name=\"description\" content=\"Chi\u1ebfc \u00e1o s\u01a1 mi k\u1ebb s\u1ecdc d\u00e1ng su\u00f4ng t\u1eeb v\u1ea3i Poplin cao c\u1ea5p gi\u00fap n\u00e0ng c\u00f4ng s\u1edf lu\u00f4n thanh l\u1ecbch v\u00e0 nh\u1eb9 t\u00eanh. Thi\u1ebft k\u1ebf tr\u1ebb trung, tho\u00e1ng m\u00e1t, gi\u1eef phom chu\u1ea9n.\" \/>\n<meta name=\"robots\" content=\"index, follow, max-snippet:-1, max-image-preview:large, max-video-preview:-1\" \/>\n<link rel=\"canonical\" href=\"https:\/\/livia.azdigi.shop\/?product=ao-xuan-he-co-duc-dang-rong-tay-chom\" \/>\n<meta property=\"og:locale\" content=\"en_US\" \/>\n<meta property=\"og:type\" content=\"article\" \/>\n<meta property=\"og:title\" content=\"\u00c1o Xu\u00e2n H\u00e8 c\u1ed5 \u0111\u1ee9c d\u00e1ng r\u1ed9ng, tay ch\u1eddm - LIVIA store \u00c1o S\u01a1 Mi K\u1ebb S\u1ecdc D\u00e1ng.\" \/>\n<meta property=\"og:description\" content=\"Chi\u1ebfc \u00e1o s\u01a1 mi k\u1ebb s\u1ecdc d\u00e1ng su\u00f4ng t\u1eeb v\u1ea3i Poplin cao c\u1ea5p gi\u00fap n\u00e0ng c\u00f4ng s\u1edf lu\u00f4n thanh l\u1ecbch v\u00e0 nh\u1eb9 t\u00eanh. Thi\u1ebft k\u1ebf tr\u1ebb trung, tho\u00e1ng m\u00e1t, gi\u1eef phom chu\u1ea9n.\" \/>\n<meta property=\"og:url\" content=\"https:\/\/livia.azdigi.shop\/?product=ao-xuan-he-co-duc-dang-rong-tay-chom\" \/>\n<meta property=\"og:site_name\" content=\"LIVIA store\" \/>\n<meta property=\"article:modified_time\" content=\"2026-04-20T17:47:44+00:00\" \/>\n<meta property=\"og:image\" content=\"https:\/\/livia.azdigi.shop\/wp-content\/uploads\/2026\/04\/Ao-Xuan-He-co-duc-dang-rong-tay-chom-11-scaled.jpg\" \/>\n\t<meta property=\"og:image:width\" content=\"1775\" \/>\n\t<meta property=\"og:image:height\" content=\"2560\" \/>\n\t<meta property=\"og:image:type\" content=\"image\/jpeg\" \/>\n<meta name=\"twitter:card\" content=\"summary_large_image\" \/>\n<meta name=\"twitter:label1\" content=\"Est. reading time\" \/>\n\t<meta name=\"twitter:data1\" content=\"2 minutes\" \/>\n<script type=\"application\/ld+json\" class=\"yoast-schema-graph\">{\"@context\":\"https:\/\/schema.org\",\"@graph\":[{\"@type\":\"WebPage\",\"@id\":\"https:\/\/livia.azdigi.shop\/?product=ao-xuan-he-co-duc-dang-rong-tay-chom\",\"url\":\"https:\/\/livia.azdigi.shop\/?product=ao-xuan-he-co-duc-dang-rong-tay-chom\",\"name\":\"\u00c1o Xu\u00e2n H\u00e8 c\u1ed5 \u0111\u1ee9c d\u00e1ng r\u1ed9ng, tay ch\u1eddm - LIVIA store \u00c1o S\u01a1 Mi K\u1ebb S\u1ecdc D\u00e1ng.\",\"isPartOf\":{\"@id\":\"https:\/\/livia.azdigi.shop\/#website\"},\"primaryImageOfPage\":{\"@id\":\"https:\/\/livia.azdigi.shop\/?product=ao-xuan-he-co-duc-dang-rong-tay-chom#primaryimage\"},\"image\":{\"@id\":\"https:\/\/livia.azdigi.shop\/?product=ao-xuan-he-co-duc-dang-rong-tay-chom#primaryimage\"},\"thumbnailUrl\":\"https:\/\/livia.azdigi.shop\/wp-content\/uploads\/2026\/04\/Ao-Xuan-He-co-duc-dang-rong-tay-chom-11-scaled.jpg\",\"datePublished\":\"2026-04-19T18:17:06+00:00\",\"dateModified\":\"2026-04-20T17:47:44+00:00\",\"description\":\"Chi\u1ebfc \u00e1o s\u01a1 mi k\u1ebb s\u1ecdc d\u00e1ng su\u00f4ng t\u1eeb v\u1ea3i Poplin cao c\u1ea5p gi\u00fap n\u00e0ng c\u00f4ng s\u1edf lu\u00f4n thanh l\u1ecbch v\u00e0 nh\u1eb9 t\u00eanh. Thi\u1ebft k\u1ebf tr\u1ebb trung, tho\u00e1ng m\u00e1t, gi\u1eef phom chu\u1ea9n.\",\"breadcrumb\":{\"@id\":\"https:\/\/livia.azdigi.shop\/?product=ao-xuan-he-co-duc-dang-rong-tay-chom#breadcrumb\"},\"inLanguage\":\"en-US\",\"potentialAction\":[{\"@type\":\"ReadAction\",\"target\":[\"https:\/\/livia.azdigi.shop\/?product=ao-xuan-he-co-duc-dang-rong-tay-chom\"]}]},{\"@type\":\"ImageObject\",\"inLanguage\":\"en-US\",\"@id\":\"https:\/\/livia.azdigi.shop\/?product=ao-xuan-he-co-duc-dang-rong-tay-chom#primaryimage\",\"url\":\"https:\/\/livia.azdigi.shop\/wp-content\/uploads\/2026\/04\/Ao-Xuan-He-co-duc-dang-rong-tay-chom-11-scaled.jpg\",\"contentUrl\":\"https:\/\/livia.azdigi.shop\/wp-content\/uploads\/2026\/04\/Ao-Xuan-He-co-duc-dang-rong-tay-chom-11-scaled.jpg\",\"width\":1775,\"height\":2560},{\"@type\":\"BreadcrumbList\",\"@id\":\"https:\/\/livia.azdigi.shop\/?product=ao-xuan-he-co-duc-dang-rong-tay-chom#breadcrumb\",\"itemListElement\":[{\"@type\":\"ListItem\",\"position\":1,\"name\":\"Home\",\"item\":\"https:\/\/livia.azdigi.shop\/\"},{\"@type\":\"ListItem\",\"position\":2,\"name\":\"Shop\",\"item\":\"https:\/\/livia.azdigi.shop\/?page_id=45\"},{\"@type\":\"ListItem\",\"position\":3,\"name\":\"\u00c1o Xu\u00e2n H\u00e8 c\u1ed5 \u0111\u1ee9c d\u00e1ng r\u1ed9ng, tay ch\u1eddm\"}]},{\"@type\":\"WebSite\",\"@id\":\"https:\/\/livia.azdigi.shop\/#website\",\"url\":\"https:\/\/livia.azdigi.shop\/\",\"name\":\"livia\",\"description\":\"\",\"publisher\":{\"@id\":\"https:\/\/livia.azdigi.shop\/#organization\"},\"potentialAction\":[{\"@type\":\"SearchAction\",\"target\":{\"@type\":\"EntryPoint\",\"urlTemplate\":\"https:\/\/livia.azdigi.shop\/?s={search_term_string}\"},\"query-input\":{\"@type\":\"PropertyValueSpecification\",\"valueRequired\":true,\"valueName\":\"search_term_string\"}}],\"inLanguage\":\"en-US\"},{\"@type\":\"Organization\",\"@id\":\"https:\/\/livia.azdigi.shop\/#organization\",\"name\":\"thoitrangnu\",\"url\":\"https:\/\/livia.azdigi.shop\/\",\"logo\":{\"@type\":\"ImageObject\",\"inLanguage\":\"en-US\",\"@id\":\"https:\/\/livia.azdigi.shop\/#\/schema\/logo\/image\/\",\"url\":\"https:\/\/livia.azdigi.shop\/wp-content\/uploads\/2026\/03\/Screenshot-2026-03-05-143026.png\",\"contentUrl\":\"https:\/\/livia.azdigi.shop\/wp-content\/uploads\/2026\/03\/Screenshot-2026-03-05-143026.png\",\"width\":438,\"height\":270,\"caption\":\"thoitrangnu\"},\"image\":{\"@id\":\"https:\/\/livia.azdigi.shop\/#\/schema\/logo\/image\/\"}}]}<\/script>\n<!-- \/ Yoast SEO plugin. -->","yoast_head_json":{"title":"\u00c1o Xu\u00e2n H\u00e8 c\u1ed5 \u0111\u1ee9c d\u00e1ng r\u1ed9ng, tay ch\u1eddm - LIVIA store \u00c1o S\u01a1 Mi K\u1ebb S\u1ecdc D\u00e1ng.","description":"Chi\u1ebfc \u00e1o s\u01a1 mi k\u1ebb s\u1ecdc d\u00e1ng su\u00f4ng t\u1eeb v\u1ea3i Poplin cao c\u1ea5p gi\u00fap n\u00e0ng c\u00f4ng s\u1edf lu\u00f4n thanh l\u1ecbch v\u00e0 nh\u1eb9 t\u00eanh. Thi\u1ebft k\u1ebf tr\u1ebb trung, tho\u00e1ng m\u00e1t, gi\u1eef phom chu\u1ea9n.","robots":{"index":"index","follow":"follow","max-snippet":"max-snippet:-1","max-image-preview":"max-image-preview:large","max-video-preview":"max-video-preview:-1"},"canonical":"https:\/\/livia.azdigi.shop\/?product=ao-xuan-he-co-duc-dang-rong-tay-chom","og_locale":"en_US","og_type":"article","og_title":"\u00c1o Xu\u00e2n H\u00e8 c\u1ed5 \u0111\u1ee9c d\u00e1ng r\u1ed9ng, tay ch\u1eddm - LIVIA store \u00c1o S\u01a1 Mi K\u1ebb S\u1ecdc D\u00e1ng.","og_description":"Chi\u1ebfc \u00e1o s\u01a1 mi k\u1ebb s\u1ecdc d\u00e1ng su\u00f4ng t\u1eeb v\u1ea3i Poplin cao c\u1ea5p gi\u00fap n\u00e0ng c\u00f4ng s\u1edf lu\u00f4n thanh l\u1ecbch v\u00e0 nh\u1eb9 t\u00eanh. Thi\u1ebft k\u1ebf tr\u1ebb trung, tho\u00e1ng m\u00e1t, gi\u1eef phom chu\u1ea9n.","og_url":"https:\/\/livia.azdigi.shop\/?product=ao-xuan-he-co-duc-dang-rong-tay-chom","og_site_name":"LIVIA store","article_modified_time":"2026-04-20T17:47:44+00:00","og_image":[{"width":1775,"height":2560,"url":"https:\/\/livia.azdigi.shop\/wp-content\/uploads\/2026\/04\/Ao-Xuan-He-co-duc-dang-rong-tay-chom-11-scaled.jpg","type":"image\/jpeg"}],"twitter_card":"summary_large_image","twitter_misc":{"Est. reading time":"2 minutes"},"schema":{"@context":"https:\/\/schema.org","@graph":[{"@type":"WebPage","@id":"https:\/\/livia.azdigi.shop\/?product=ao-xuan-he-co-duc-dang-rong-tay-chom","url":"https:\/\/livia.azdigi.shop\/?product=ao-xuan-he-co-duc-dang-rong-tay-chom","name":"\u00c1o Xu\u00e2n H\u00e8 c\u1ed5 \u0111\u1ee9c d\u00e1ng r\u1ed9ng, tay ch\u1eddm - LIVIA store \u00c1o S\u01a1 Mi K\u1ebb S\u1ecdc D\u00e1ng.","isPartOf":{"@id":"https:\/\/livia.azdigi.shop\/#website"},"primaryImageOfPage":{"@id":"https:\/\/livia.azdigi.shop\/?product=ao-xuan-he-co-duc-dang-rong-tay-chom#primaryimage"},"image":{"@id":"https:\/\/livia.azdigi.shop\/?product=ao-xuan-he-co-duc-dang-rong-tay-chom#primaryimage"},"thumbnailUrl":"https:\/\/livia.azdigi.shop\/wp-content\/uploads\/2026\/04\/Ao-Xuan-He-co-duc-dang-rong-tay-chom-11-scaled.jpg","datePublished":"2026-04-19T18:17:06+00:00","dateModified":"2026-04-20T17:47:44+00:00","description":"Chi\u1ebfc \u00e1o s\u01a1 mi k\u1ebb s\u1ecdc d\u00e1ng su\u00f4ng t\u1eeb v\u1ea3i Poplin cao c\u1ea5p gi\u00fap n\u00e0ng c\u00f4ng s\u1edf lu\u00f4n thanh l\u1ecbch v\u00e0 nh\u1eb9 t\u00eanh. Thi\u1ebft k\u1ebf tr\u1ebb trung, tho\u00e1ng m\u00e1t, gi\u1eef phom chu\u1ea9n.","breadcrumb":{"@id":"https:\/\/livia.azdigi.shop\/?product=ao-xuan-he-co-duc-dang-rong-tay-chom#breadcrumb"},"inLanguage":"en-US","potentialAction":[{"@type":"ReadAction","target":["https:\/\/livia.azdigi.shop\/?product=ao-xuan-he-co-duc-dang-rong-tay-chom"]}]},{"@type":"ImageObject","inLanguage":"en-US","@id":"https:\/\/livia.azdigi.shop\/?product=ao-xuan-he-co-duc-dang-rong-tay-chom#primaryimage","url":"https:\/\/livia.azdigi.shop\/wp-content\/uploads\/2026\/04\/Ao-Xuan-He-co-duc-dang-rong-tay-chom-11-scaled.jpg","contentUrl":"https:\/\/livia.azdigi.shop\/wp-content\/uploads\/2026\/04\/Ao-Xuan-He-co-duc-dang-rong-tay-chom-11-scaled.jpg","width":1775,"height":2560},{"@type":"BreadcrumbList","@id":"https:\/\/livia.azdigi.shop\/?product=ao-xuan-he-co-duc-dang-rong-tay-chom#breadcrumb","itemListElement":[{"@type":"ListItem","position":1,"name":"Home","item":"https:\/\/livia.azdigi.shop\/"},{"@type":"ListItem","position":2,"name":"Shop","item":"https:\/\/livia.azdigi.shop\/?page_id=45"},{"@type":"ListItem","position":3,"name":"\u00c1o Xu\u00e2n H\u00e8 c\u1ed5 \u0111\u1ee9c d\u00e1ng r\u1ed9ng, tay ch\u1eddm"}]},{"@type":"WebSite","@id":"https:\/\/livia.azdigi.shop\/#website","url":"https:\/\/livia.azdigi.shop\/","name":"livia","description":"","publisher":{"@id":"https:\/\/livia.azdigi.shop\/#organization"},"potentialAction":[{"@type":"SearchAction","target":{"@type":"EntryPoint","urlTemplate":"https:\/\/livia.azdigi.shop\/?s={search_term_string}"},"query-input":{"@type":"PropertyValueSpecification","valueRequired":true,"valueName":"search_term_string"}}],"inLanguage":"en-US"},{"@type":"Organization","@id":"https:\/\/livia.azdigi.shop\/#organization","name":"thoitrangnu","url":"https:\/\/livia.azdigi.shop\/","logo":{"@type":"ImageObject","inLanguage":"en-US","@id":"https:\/\/livia.azdigi.shop\/#\/schema\/logo\/image\/","url":"https:\/\/livia.azdigi.shop\/wp-content\/uploads\/2026\/03\/Screenshot-2026-03-05-143026.png","contentUrl":"https:\/\/livia.azdigi.shop\/wp-content\/uploads\/2026\/03\/Screenshot-2026-03-05-143026.png","width":438,"height":270,"caption":"thoitrangnu"},"image":{"@id":"https:\/\/livia.azdigi.shop\/#\/schema\/logo\/image\/"}}]}},"_links":{"self":[{"href":"https:\/\/livia.azdigi.shop\/index.php?rest_route=\/wp\/v2\/product\/1627","targetHints":{"allow":["GET"]}}],"collection":[{"href":"https:\/\/livia.azdigi.shop\/index.php?rest_route=\/wp\/v2\/product"}],"about":[{"href":"https:\/\/livia.azdigi.shop\/index.php?rest_route=\/wp\/v2\/types\/product"}],"replies":[{"embeddable":true,"href":"https:\/\/livia.azdigi.shop\/index.php?rest_route=%2Fwp%2Fv2%2Fcomments&post=1627"}],"wp:featuredmedia":[{"embeddable":true,"href":"https:\/\/livia.azdigi.shop\/index.php?rest_route=\/wp\/v2\/media\/1755"}],"wp:attachment":[{"href":"https:\/\/livia.azdigi.shop\/index.php?rest_route=%2Fwp%2Fv2%2Fmedia&parent=1627"}],"wp:term":[{"taxonomy":"product_brand","embeddable":true,"href":"https:\/\/livia.azdigi.shop\/index.php?rest_route=%2Fwp%2Fv2%2Fproduct_brand&post=1627"},{"taxonomy":"product_cat","embeddable":true,"href":"https:\/\/livia.azdigi.shop\/index.php?rest_route=%2Fwp%2Fv2%2Fproduct_cat&post=1627"},{"taxonomy":"product_tag","embeddable":true,"href":"https:\/\/livia.azdigi.shop\/index.php?rest_route=%2Fwp%2Fv2%2Fproduct_tag&post=1627"}],"curies":[{"name":"wp","href":"https:\/\/api.w.org\/{rel}","templated":true}]}}