{"id":1600,"date":"2026-04-19T16:41:49","date_gmt":"2026-04-19T16:41:49","guid":{"rendered":"https:\/\/livia.azdigi.shop\/?post_type=product&#038;p=1600"},"modified":"2026-04-19T16:43:52","modified_gmt":"2026-04-19T16:43:52","slug":"dam-chan-xep-ly-co-gia-khan","status":"publish","type":"product","link":"https:\/\/livia.azdigi.shop\/?product=dam-chan-xep-ly-co-gia-khan","title":{"rendered":"\u0110\u1ea7m ch\u00e2n x\u1ebfp ly c\u1ed5 gi\u1ea3 kh\u0103n"},"content":{"rendered":"<h1 data-section-id=\"15om5z0\" data-start=\"120\" data-end=\"182\">\u0110\u1ea7m ch\u00e2n x\u1ebfp ly c\u1ed5 gi\u1ea3 kh\u0103n \u2013 thanh l\u1ecbch, tinh t\u1ebf v\u00e0 n\u1eef t\u00ednh<\/h1>\n<h2 data-section-id=\"vn57je\" data-start=\"184\" data-end=\"206\">C\u1ea3m h\u1ee9ng thi\u1ebft k\u1ebf<\/h2>\n<p data-start=\"207\" data-end=\"405\">\u0110\u1ea7m ch\u00e2n x\u1ebfp ly c\u1ed5 gi\u1ea3 kh\u0103n \u0111\u01b0\u1ee3c l\u1ea5y c\u1ea3m h\u1ee9ng t\u1eeb v\u1ebb \u0111\u1eb9p thanh l\u1ecbch v\u00e0 c\u1ed5 \u0111i\u1ec3n c\u1ee7a ng\u01b0\u1eddi ph\u1ee5 n\u1eef hi\u1ec7n \u0111\u1ea1i. \u0110\u1ed3ng th\u1eddi, thi\u1ebft k\u1ebf h\u01b0\u1edbng \u0111\u1ebfn s\u1ef1 nh\u1eb9 nh\u00e0ng, tinh t\u1ebf nh\u01b0ng v\u1eabn \u0111\u1ee7 n\u1ed5i b\u1eadt trong m\u1ecdi ho\u00e0n c\u1ea3nh.<\/p>\n<p data-start=\"407\" data-end=\"535\">B\u00ean c\u1ea1nh \u0111\u00f3, chi ti\u1ebft c\u1ed5 gi\u1ea3 kh\u0103n t\u1ea1o \u0111i\u1ec3m nh\u1ea5n m\u1ec1m m\u1ea1i. V\u00ec v\u1eady, t\u1ed5ng th\u1ec3 trang ph\u1ee5c mang l\u1ea1i c\u1ea3m gi\u00e1c sang tr\u1ecdng v\u00e0 duy\u00ean d\u00e1ng.<\/p>\n<h2 data-section-id=\"2a54pb\" data-start=\"542\" data-end=\"555\">Thi\u1ebft k\u1ebf<\/h2>\n<p data-start=\"556\" data-end=\"683\">\u0110\u1ea7m ch\u00e2n x\u1ebfp ly c\u1ed5 gi\u1ea3 kh\u0103n s\u1edf h\u1eefu phom d\u00e1ng \u00f4m nh\u1eb9 ph\u1ea7n th\u00e2n tr\u00ean. Do \u0111\u00f3, thi\u1ebft k\u1ebf gi\u00fap t\u00f4n d\u00e1ng v\u00e0 t\u1ea1o s\u1ef1 c\u00e2n \u0111\u1ed1i cho c\u01a1 th\u1ec3.<\/p>\n<p data-start=\"685\" data-end=\"850\">Ph\u1ea7n c\u1ed5 gi\u1ea3 kh\u0103n l\u00e0 \u0111i\u1ec3m nh\u1ea5n n\u1ed5i b\u1eadt, mang l\u1ea1i v\u1ebb thanh l\u1ecbch v\u00e0 n\u1eef t\u00ednh. Trong khi \u0111\u00f3, ch\u00e2n v\u00e1y x\u1ebfp ly gi\u00fap t\u1ea1o \u0111\u1ed9 chuy\u1ec3n \u0111\u1ed9ng m\u1ec1m m\u1ea1i v\u00e0 uy\u1ec3n chuy\u1ec3n khi di chuy\u1ec3n.<\/p>\n<p data-start=\"852\" data-end=\"977\">Ngo\u00e0i ra, d\u00e1ng v\u00e1y A-line nh\u1eb9 gi\u00fap che khuy\u1ebft \u0111i\u1ec3m v\u00f9ng h\u00f4ng v\u00e0 \u0111\u00f9i. V\u00ec v\u1eady, s\u1ea3n ph\u1ea9m ph\u00f9 h\u1ee3p v\u1edbi nhi\u1ec1u d\u00e1ng ng\u01b0\u1eddi kh\u00e1c nhau.<\/p>\n<h2 data-section-id=\"103ci14\" data-start=\"984\" data-end=\"998\">Ch\u1ea5t li\u1ec7u<\/h2>\n<p data-start=\"999\" data-end=\"1117\">S\u1ea3n ph\u1ea9m s\u1eed d\u1ee5ng ch\u1ea5t li\u1ec7u v\u1ea3i m\u1ec1m nh\u1eb9, c\u00f3 \u0111\u1ed9 r\u1ee7 v\u1eeba ph\u1ea3i. Do \u0111\u00f3, trang ph\u1ee5c lu\u00f4n mang l\u1ea1i c\u1ea3m gi\u00e1c tho\u1ea3i m\u00e1i khi m\u1eb7c.<\/p>\n<p data-start=\"1119\" data-end=\"1235\">H\u01a1n n\u1eefa, ch\u1ea5t li\u1ec7u gi\u00fap gi\u1eef n\u1ebfp x\u1ebfp ly t\u1ed1t. V\u00ec v\u1eady, t\u1ed5ng th\u1ec3 lu\u00f4n g\u1ecdn g\u00e0ng v\u00e0 ch\u1ec9n chu trong su\u1ed1t qu\u00e1 tr\u00ecnh s\u1eed d\u1ee5ng.<\/p>\n<p data-start=\"1237\" data-end=\"1318\">B\u00ean c\u1ea1nh \u0111\u00f3, b\u1ec1 m\u1eb7t v\u1ea3i m\u1ecbn gi\u00fap t\u0103ng t\u00ednh th\u1ea9m m\u1ef9 v\u00e0 s\u1ef1 sang tr\u1ecdng cho thi\u1ebft k\u1ebf.<\/p>\n<h2 data-section-id=\"dc1tlj\" data-start=\"1325\" data-end=\"1343\">G\u1ee3i \u00fd ph\u1ed1i \u0111\u1ed3<\/h2>\n<p data-start=\"1344\" data-end=\"1497\">\u0110\u1ea7m ch\u00e2n x\u1ebfp ly c\u1ed5 gi\u1ea3 kh\u0103n ph\u00f9 h\u1ee3p v\u1edbi nhi\u1ec1u ho\u00e0n c\u1ea3nh kh\u00e1c nhau. V\u00ed d\u1ee5, b\u1ea1n c\u00f3 th\u1ec3 ph\u1ed1i c\u00f9ng gi\u00e0y cao g\u00f3t \u0111\u1ec3 t\u1ea1o v\u1ebb thanh l\u1ecbch khi \u0111i l\u00e0m ho\u1eb7c d\u1ef1 ti\u1ec7c.<\/p>\n<p data-start=\"1499\" data-end=\"1648\">Ngo\u00e0i ra, khi k\u1ebft h\u1ee3p v\u1edbi gi\u00e0y b\u00fap b\u00ea ho\u1eb7c mary jane, t\u1ed5ng th\u1ec3 s\u1ebd tr\u1edf n\u00ean n\u1eef t\u00ednh h\u01a1n. Trong khi \u0111\u00f3, sneaker tr\u1eafng gi\u00fap outfit tr\u1ebb trung v\u00e0 hi\u1ec7n \u0111\u1ea1i.<\/p>\n<p data-start=\"1650\" data-end=\"1750\">N\u1ebfu mu\u1ed1n ho\u00e0n thi\u1ec7n phong c\u00e1ch, b\u1ea1n c\u00f3 th\u1ec3 s\u1eed d\u1ee5ng t\u00fai nh\u1ecf ho\u1eb7c ph\u1ee5 ki\u1ec7n t\u1ed1i gi\u1ea3n \u0111\u1ec3 gi\u1eef s\u1ef1 tinh t\u1ebf.<\/p>\n<h2 data-section-id=\"op80jt\" data-start=\"1757\" data-end=\"1780\">H\u01b0\u1edbng d\u1eabn b\u1ea3o qu\u1ea3n<\/h2>\n<p data-start=\"1781\" data-end=\"1908\">Tr\u01b0\u1edbc h\u1ebft, n\u00ean gi\u1eb7t tay nh\u1eb9 nh\u00e0ng ho\u1eb7c ch\u1ebf \u0111\u1ed9 gi\u1eb7t nh\u1eb9 \u0111\u1ec3 gi\u1eef form d\u00e1ng v\u00e0 n\u1ebfp x\u1ebfp ly. \u0110\u1ed3ng th\u1eddi, tr\u00e1nh v\u1eaft m\u1ea1nh ho\u1eb7c ng\u00e2m l\u00e2u.<\/p>\n<p data-start=\"1910\" data-end=\"1993\">Sau \u0111\u00f3, h\u00e3y ph\u01a1i \u1edf n\u01a1i tho\u00e1ng m\u00e1t, tr\u00e1nh \u00e1nh n\u1eafng tr\u1ef1c ti\u1ebfp \u0111\u1ec3 gi\u1eef m\u00e0u v\u1ea3i b\u1ec1n l\u00e2u.<\/p>\n<p data-start=\"1995\" data-end=\"2080\">Cu\u1ed1i c\u00f9ng, n\u1ebfu c\u1ea7n, c\u00f3 th\u1ec3 l\u00e0\/\u1ee7i \u1edf nhi\u1ec7t \u0111\u1ed9 th\u1ea5p \u0111\u1ec3 gi\u1eef b\u1ec1 m\u1eb7t v\u1ea3i lu\u00f4n ph\u1eb3ng v\u00e0 \u0111\u1eb9p.<\/p>\n","protected":false},"excerpt":{"rendered":"<p>\u0110\u1ea7m ch\u00e2n x\u1ebfp ly c\u1ed5 gi\u1ea3 kh\u0103n \u2013 thanh l\u1ecbch, tinh t\u1ebf v\u00e0 n\u1eef t\u00ednh C\u1ea3m h\u1ee9ng thi\u1ebft k\u1ebf \u0110\u1ea7m ch\u00e2n x\u1ebfp ly c\u1ed5 gi\u1ea3 kh\u0103n \u0111\u01b0\u1ee3c l\u1ea5y c\u1ea3m h\u1ee9ng t\u1eeb v\u1ebb \u0111\u1eb9p thanh l\u1ecbch v\u00e0 c\u1ed5 \u0111i\u1ec3n c\u1ee7a ng\u01b0\u1eddi ph\u1ee5 n\u1eef hi\u1ec7n \u0111\u1ea1i. \u0110\u1ed3ng th\u1eddi, thi\u1ebft k\u1ebf h\u01b0\u1edbng \u0111\u1ebfn s\u1ef1 nh\u1eb9 nh\u00e0ng, tinh t\u1ebf [&#8230;]\n","protected":false},"featured_media":1601,"comment_status":"open","ping_status":"closed","template":"","meta":[],"product_brand":[],"product_cat":[32,26,18],"product_tag":[48,29],"class_list":{"0":"post-1600","1":"product","2":"type-product","3":"status-publish","4":"has-post-thumbnail","6":"product_cat-bst","7":"product_cat-cham-dong","8":"product_cat-dam","9":"product_tag-cham-dong","10":"product_tag-dam","12":"first","13":"instock","14":"sale","15":"shipping-taxable","16":"purchasable","17":"product-type-variable"},"yoast_head":"<!-- This site is optimized with the Yoast SEO plugin v27.1.1 - https:\/\/yoast.com\/product\/yoast-seo-wordpress\/ -->\n<title>\u0110\u1ea7m ch\u00e2n x\u1ebfp ly c\u1ed5 gi\u1ea3 kh\u0103n - LIVIA store<\/title>\n<meta name=\"description\" content=\"\u0110\u1ea7m ch\u00e2n x\u1ebfp ly c\u1ed5 gi\u1ea3 kh\u0103n thanh l\u1ecbch, n\u1eef t\u00ednh, sang tr\u1ecdng. Ph\u00f9 h\u1ee3p \u0111i l\u00e0m, d\u1ea1o ph\u1ed1 v\u00e0 d\u1ef1 ti\u1ec7c nh\u1eb9 phong c\u00e1ch hi\u1ec7n \u0111\u1ea1i.\" \/>\n<meta name=\"robots\" content=\"index, follow, max-snippet:-1, max-image-preview:large, max-video-preview:-1\" \/>\n<link rel=\"canonical\" href=\"https:\/\/livia.azdigi.shop\/?product=dam-chan-xep-ly-co-gia-khan\" \/>\n<meta property=\"og:locale\" content=\"en_US\" \/>\n<meta property=\"og:type\" content=\"article\" \/>\n<meta property=\"og:title\" content=\"\u0110\u1ea7m ch\u00e2n x\u1ebfp ly c\u1ed5 gi\u1ea3 kh\u0103n - LIVIA store\" \/>\n<meta property=\"og:description\" content=\"\u0110\u1ea7m ch\u00e2n x\u1ebfp ly c\u1ed5 gi\u1ea3 kh\u0103n thanh l\u1ecbch, n\u1eef t\u00ednh, sang tr\u1ecdng. Ph\u00f9 h\u1ee3p \u0111i l\u00e0m, d\u1ea1o ph\u1ed1 v\u00e0 d\u1ef1 ti\u1ec7c nh\u1eb9 phong c\u00e1ch hi\u1ec7n \u0111\u1ea1i.\" \/>\n<meta property=\"og:url\" content=\"https:\/\/livia.azdigi.shop\/?product=dam-chan-xep-ly-co-gia-khan\" \/>\n<meta property=\"og:site_name\" content=\"LIVIA store\" \/>\n<meta property=\"article:modified_time\" content=\"2026-04-19T16:43:52+00:00\" \/>\n<meta property=\"og:image\" content=\"https:\/\/livia.azdigi.shop\/wp-content\/uploads\/2026\/04\/z7742797306598_297fbbf455f023640615162c4cf6a531.jpg\" \/>\n\t<meta property=\"og:image:width\" content=\"1708\" \/>\n\t<meta property=\"og:image:height\" content=\"2502\" \/>\n\t<meta property=\"og:image:type\" content=\"image\/jpeg\" \/>\n<meta name=\"twitter:card\" content=\"summary_large_image\" \/>\n<meta name=\"twitter:label1\" content=\"Est. reading time\" \/>\n\t<meta name=\"twitter:data1\" content=\"3 minutes\" \/>\n<script type=\"application\/ld+json\" class=\"yoast-schema-graph\">{\"@context\":\"https:\/\/schema.org\",\"@graph\":[{\"@type\":\"WebPage\",\"@id\":\"https:\/\/livia.azdigi.shop\/?product=dam-chan-xep-ly-co-gia-khan\",\"url\":\"https:\/\/livia.azdigi.shop\/?product=dam-chan-xep-ly-co-gia-khan\",\"name\":\"\u0110\u1ea7m ch\u00e2n x\u1ebfp ly c\u1ed5 gi\u1ea3 kh\u0103n - LIVIA store\",\"isPartOf\":{\"@id\":\"https:\/\/livia.azdigi.shop\/#website\"},\"primaryImageOfPage\":{\"@id\":\"https:\/\/livia.azdigi.shop\/?product=dam-chan-xep-ly-co-gia-khan#primaryimage\"},\"image\":{\"@id\":\"https:\/\/livia.azdigi.shop\/?product=dam-chan-xep-ly-co-gia-khan#primaryimage\"},\"thumbnailUrl\":\"https:\/\/livia.azdigi.shop\/wp-content\/uploads\/2026\/04\/z7742797306598_297fbbf455f023640615162c4cf6a531.jpg\",\"datePublished\":\"2026-04-19T16:41:49+00:00\",\"dateModified\":\"2026-04-19T16:43:52+00:00\",\"description\":\"\u0110\u1ea7m ch\u00e2n x\u1ebfp ly c\u1ed5 gi\u1ea3 kh\u0103n thanh l\u1ecbch, n\u1eef t\u00ednh, sang tr\u1ecdng. Ph\u00f9 h\u1ee3p \u0111i l\u00e0m, d\u1ea1o ph\u1ed1 v\u00e0 d\u1ef1 ti\u1ec7c nh\u1eb9 phong c\u00e1ch hi\u1ec7n \u0111\u1ea1i.\",\"breadcrumb\":{\"@id\":\"https:\/\/livia.azdigi.shop\/?product=dam-chan-xep-ly-co-gia-khan#breadcrumb\"},\"inLanguage\":\"en-US\",\"potentialAction\":[{\"@type\":\"ReadAction\",\"target\":[\"https:\/\/livia.azdigi.shop\/?product=dam-chan-xep-ly-co-gia-khan\"]}]},{\"@type\":\"ImageObject\",\"inLanguage\":\"en-US\",\"@id\":\"https:\/\/livia.azdigi.shop\/?product=dam-chan-xep-ly-co-gia-khan#primaryimage\",\"url\":\"https:\/\/livia.azdigi.shop\/wp-content\/uploads\/2026\/04\/z7742797306598_297fbbf455f023640615162c4cf6a531.jpg\",\"contentUrl\":\"https:\/\/livia.azdigi.shop\/wp-content\/uploads\/2026\/04\/z7742797306598_297fbbf455f023640615162c4cf6a531.jpg\",\"width\":1708,\"height\":2502},{\"@type\":\"BreadcrumbList\",\"@id\":\"https:\/\/livia.azdigi.shop\/?product=dam-chan-xep-ly-co-gia-khan#breadcrumb\",\"itemListElement\":[{\"@type\":\"ListItem\",\"position\":1,\"name\":\"Home\",\"item\":\"https:\/\/livia.azdigi.shop\/\"},{\"@type\":\"ListItem\",\"position\":2,\"name\":\"Shop\",\"item\":\"https:\/\/livia.azdigi.shop\/?page_id=45\"},{\"@type\":\"ListItem\",\"position\":3,\"name\":\"\u0110\u1ea7m ch\u00e2n x\u1ebfp ly c\u1ed5 gi\u1ea3 kh\u0103n\"}]},{\"@type\":\"WebSite\",\"@id\":\"https:\/\/livia.azdigi.shop\/#website\",\"url\":\"https:\/\/livia.azdigi.shop\/\",\"name\":\"livia\",\"description\":\"\",\"publisher\":{\"@id\":\"https:\/\/livia.azdigi.shop\/#organization\"},\"potentialAction\":[{\"@type\":\"SearchAction\",\"target\":{\"@type\":\"EntryPoint\",\"urlTemplate\":\"https:\/\/livia.azdigi.shop\/?s={search_term_string}\"},\"query-input\":{\"@type\":\"PropertyValueSpecification\",\"valueRequired\":true,\"valueName\":\"search_term_string\"}}],\"inLanguage\":\"en-US\"},{\"@type\":\"Organization\",\"@id\":\"https:\/\/livia.azdigi.shop\/#organization\",\"name\":\"thoitrangnu\",\"url\":\"https:\/\/livia.azdigi.shop\/\",\"logo\":{\"@type\":\"ImageObject\",\"inLanguage\":\"en-US\",\"@id\":\"https:\/\/livia.azdigi.shop\/#\/schema\/logo\/image\/\",\"url\":\"https:\/\/livia.azdigi.shop\/wp-content\/uploads\/2026\/03\/Screenshot-2026-03-05-143026.png\",\"contentUrl\":\"https:\/\/livia.azdigi.shop\/wp-content\/uploads\/2026\/03\/Screenshot-2026-03-05-143026.png\",\"width\":438,\"height\":270,\"caption\":\"thoitrangnu\"},\"image\":{\"@id\":\"https:\/\/livia.azdigi.shop\/#\/schema\/logo\/image\/\"}}]}<\/script>\n<!-- \/ Yoast SEO plugin. -->","yoast_head_json":{"title":"\u0110\u1ea7m ch\u00e2n x\u1ebfp ly c\u1ed5 gi\u1ea3 kh\u0103n - LIVIA store","description":"\u0110\u1ea7m ch\u00e2n x\u1ebfp ly c\u1ed5 gi\u1ea3 kh\u0103n thanh l\u1ecbch, n\u1eef t\u00ednh, sang tr\u1ecdng. Ph\u00f9 h\u1ee3p \u0111i l\u00e0m, d\u1ea1o ph\u1ed1 v\u00e0 d\u1ef1 ti\u1ec7c nh\u1eb9 phong c\u00e1ch hi\u1ec7n \u0111\u1ea1i.","robots":{"index":"index","follow":"follow","max-snippet":"max-snippet:-1","max-image-preview":"max-image-preview:large","max-video-preview":"max-video-preview:-1"},"canonical":"https:\/\/livia.azdigi.shop\/?product=dam-chan-xep-ly-co-gia-khan","og_locale":"en_US","og_type":"article","og_title":"\u0110\u1ea7m ch\u00e2n x\u1ebfp ly c\u1ed5 gi\u1ea3 kh\u0103n - LIVIA store","og_description":"\u0110\u1ea7m ch\u00e2n x\u1ebfp ly c\u1ed5 gi\u1ea3 kh\u0103n thanh l\u1ecbch, n\u1eef t\u00ednh, sang tr\u1ecdng. Ph\u00f9 h\u1ee3p \u0111i l\u00e0m, d\u1ea1o ph\u1ed1 v\u00e0 d\u1ef1 ti\u1ec7c nh\u1eb9 phong c\u00e1ch hi\u1ec7n \u0111\u1ea1i.","og_url":"https:\/\/livia.azdigi.shop\/?product=dam-chan-xep-ly-co-gia-khan","og_site_name":"LIVIA store","article_modified_time":"2026-04-19T16:43:52+00:00","og_image":[{"width":1708,"height":2502,"url":"https:\/\/livia.azdigi.shop\/wp-content\/uploads\/2026\/04\/z7742797306598_297fbbf455f023640615162c4cf6a531.jpg","type":"image\/jpeg"}],"twitter_card":"summary_large_image","twitter_misc":{"Est. reading time":"3 minutes"},"schema":{"@context":"https:\/\/schema.org","@graph":[{"@type":"WebPage","@id":"https:\/\/livia.azdigi.shop\/?product=dam-chan-xep-ly-co-gia-khan","url":"https:\/\/livia.azdigi.shop\/?product=dam-chan-xep-ly-co-gia-khan","name":"\u0110\u1ea7m ch\u00e2n x\u1ebfp ly c\u1ed5 gi\u1ea3 kh\u0103n - LIVIA store","isPartOf":{"@id":"https:\/\/livia.azdigi.shop\/#website"},"primaryImageOfPage":{"@id":"https:\/\/livia.azdigi.shop\/?product=dam-chan-xep-ly-co-gia-khan#primaryimage"},"image":{"@id":"https:\/\/livia.azdigi.shop\/?product=dam-chan-xep-ly-co-gia-khan#primaryimage"},"thumbnailUrl":"https:\/\/livia.azdigi.shop\/wp-content\/uploads\/2026\/04\/z7742797306598_297fbbf455f023640615162c4cf6a531.jpg","datePublished":"2026-04-19T16:41:49+00:00","dateModified":"2026-04-19T16:43:52+00:00","description":"\u0110\u1ea7m ch\u00e2n x\u1ebfp ly c\u1ed5 gi\u1ea3 kh\u0103n thanh l\u1ecbch, n\u1eef t\u00ednh, sang tr\u1ecdng. Ph\u00f9 h\u1ee3p \u0111i l\u00e0m, d\u1ea1o ph\u1ed1 v\u00e0 d\u1ef1 ti\u1ec7c nh\u1eb9 phong c\u00e1ch hi\u1ec7n \u0111\u1ea1i.","breadcrumb":{"@id":"https:\/\/livia.azdigi.shop\/?product=dam-chan-xep-ly-co-gia-khan#breadcrumb"},"inLanguage":"en-US","potentialAction":[{"@type":"ReadAction","target":["https:\/\/livia.azdigi.shop\/?product=dam-chan-xep-ly-co-gia-khan"]}]},{"@type":"ImageObject","inLanguage":"en-US","@id":"https:\/\/livia.azdigi.shop\/?product=dam-chan-xep-ly-co-gia-khan#primaryimage","url":"https:\/\/livia.azdigi.shop\/wp-content\/uploads\/2026\/04\/z7742797306598_297fbbf455f023640615162c4cf6a531.jpg","contentUrl":"https:\/\/livia.azdigi.shop\/wp-content\/uploads\/2026\/04\/z7742797306598_297fbbf455f023640615162c4cf6a531.jpg","width":1708,"height":2502},{"@type":"BreadcrumbList","@id":"https:\/\/livia.azdigi.shop\/?product=dam-chan-xep-ly-co-gia-khan#breadcrumb","itemListElement":[{"@type":"ListItem","position":1,"name":"Home","item":"https:\/\/livia.azdigi.shop\/"},{"@type":"ListItem","position":2,"name":"Shop","item":"https:\/\/livia.azdigi.shop\/?page_id=45"},{"@type":"ListItem","position":3,"name":"\u0110\u1ea7m ch\u00e2n x\u1ebfp ly c\u1ed5 gi\u1ea3 kh\u0103n"}]},{"@type":"WebSite","@id":"https:\/\/livia.azdigi.shop\/#website","url":"https:\/\/livia.azdigi.shop\/","name":"livia","description":"","publisher":{"@id":"https:\/\/livia.azdigi.shop\/#organization"},"potentialAction":[{"@type":"SearchAction","target":{"@type":"EntryPoint","urlTemplate":"https:\/\/livia.azdigi.shop\/?s={search_term_string}"},"query-input":{"@type":"PropertyValueSpecification","valueRequired":true,"valueName":"search_term_string"}}],"inLanguage":"en-US"},{"@type":"Organization","@id":"https:\/\/livia.azdigi.shop\/#organization","name":"thoitrangnu","url":"https:\/\/livia.azdigi.shop\/","logo":{"@type":"ImageObject","inLanguage":"en-US","@id":"https:\/\/livia.azdigi.shop\/#\/schema\/logo\/image\/","url":"https:\/\/livia.azdigi.shop\/wp-content\/uploads\/2026\/03\/Screenshot-2026-03-05-143026.png","contentUrl":"https:\/\/livia.azdigi.shop\/wp-content\/uploads\/2026\/03\/Screenshot-2026-03-05-143026.png","width":438,"height":270,"caption":"thoitrangnu"},"image":{"@id":"https:\/\/livia.azdigi.shop\/#\/schema\/logo\/image\/"}}]}},"_links":{"self":[{"href":"https:\/\/livia.azdigi.shop\/index.php?rest_route=\/wp\/v2\/product\/1600","targetHints":{"allow":["GET"]}}],"collection":[{"href":"https:\/\/livia.azdigi.shop\/index.php?rest_route=\/wp\/v2\/product"}],"about":[{"href":"https:\/\/livia.azdigi.shop\/index.php?rest_route=\/wp\/v2\/types\/product"}],"replies":[{"embeddable":true,"href":"https:\/\/livia.azdigi.shop\/index.php?rest_route=%2Fwp%2Fv2%2Fcomments&post=1600"}],"wp:featuredmedia":[{"embeddable":true,"href":"https:\/\/livia.azdigi.shop\/index.php?rest_route=\/wp\/v2\/media\/1601"}],"wp:attachment":[{"href":"https:\/\/livia.azdigi.shop\/index.php?rest_route=%2Fwp%2Fv2%2Fmedia&parent=1600"}],"wp:term":[{"taxonomy":"product_brand","embeddable":true,"href":"https:\/\/livia.azdigi.shop\/index.php?rest_route=%2Fwp%2Fv2%2Fproduct_brand&post=1600"},{"taxonomy":"product_cat","embeddable":true,"href":"https:\/\/livia.azdigi.shop\/index.php?rest_route=%2Fwp%2Fv2%2Fproduct_cat&post=1600"},{"taxonomy":"product_tag","embeddable":true,"href":"https:\/\/livia.azdigi.shop\/index.php?rest_route=%2Fwp%2Fv2%2Fproduct_tag&post=1600"}],"curies":[{"name":"wp","href":"https:\/\/api.w.org\/{rel}","templated":true}]}}