{"id":1588,"date":"2026-04-19T16:26:10","date_gmt":"2026-04-19T16:26:10","guid":{"rendered":"https:\/\/livia.azdigi.shop\/?post_type=product&#038;p=1588"},"modified":"2026-04-19T16:26:52","modified_gmt":"2026-04-19T16:26:52","slug":"quan-sooc-dang-ngan-bo-than-b","status":"publish","type":"product","link":"https:\/\/livia.azdigi.shop\/?product=quan-sooc-dang-ngan-bo-than-b","title":{"rendered":"Qu\u1ea7n sooc d\u00e1ng ng\u1eafn b\u1ed5 th\u00e2n B"},"content":{"rendered":"<h1 data-section-id=\"2g1idu\" data-start=\"122\" data-end=\"190\">Qu\u1ea7n sooc d\u00e1ng ng\u1eafn b\u1ed5 th\u00e2n B \u2013 tr\u1ebb trung, n\u0103ng \u0111\u1ed9ng v\u00e0 d\u1ec5 ph\u1ed1i \u0111\u1ed3<\/h1>\n<h2 data-section-id=\"vn57je\" data-start=\"192\" data-end=\"214\">C\u1ea3m h\u1ee9ng thi\u1ebft k\u1ebf<\/h2>\n<p data-start=\"215\" data-end=\"445\">Qu\u1ea7n sooc d\u00e1ng ng\u1eafn b\u1ed5 th\u00e2n B \u0111\u01b0\u1ee3c l\u1ea5y c\u1ea3m h\u1ee9ng t\u1eeb phong c\u00e1ch th\u1eddi trang hi\u1ec7n \u0111\u1ea1i, \u0111\u1ec1 cao s\u1ef1 tho\u1ea3i m\u00e1i v\u00e0 t\u00ednh \u1ee9ng d\u1ee5ng cao. \u0110\u1ed3ng th\u1eddi, thi\u1ebft k\u1ebf h\u01b0\u1edbng \u0111\u1ebfn h\u00ecnh \u1ea3nh tr\u1ebb trung, n\u0103ng \u0111\u1ed9ng nh\u01b0ng v\u1eabn gi\u1eef \u0111\u01b0\u1ee3c s\u1ef1 g\u1ecdn g\u00e0ng v\u00e0 thanh l\u1ecbch.<\/p>\n<p data-start=\"447\" data-end=\"583\">B\u00ean c\u1ea1nh \u0111\u00f3, chi ti\u1ebft b\u1ed5 th\u00e2n gi\u00fap t\u1ea1o \u0111i\u1ec3m nh\u1ea5n c\u1ea5u tr\u00fac cho trang ph\u1ee5c. V\u00ec v\u1eady, t\u1ed5ng th\u1ec3 tr\u1edf n\u00ean c\u00e1 t\u00ednh nh\u01b0ng kh\u00f4ng k\u00e9m ph\u1ea7n tinh t\u1ebf.<\/p>\n<h2 data-section-id=\"2a54pb\" data-start=\"590\" data-end=\"603\">Thi\u1ebft k\u1ebf<\/h2>\n<p data-start=\"604\" data-end=\"761\">Qu\u1ea7n sooc d\u00e1ng ng\u1eafn b\u1ed5 th\u00e2n B s\u1edf h\u1eefu phom d\u00e1ng ng\u1eafn g\u1ecdn, gi\u00fap t\u00f4n \u0111\u00f4i ch\u00e2n v\u00e0 t\u1ea1o c\u1ea3m gi\u00e1c n\u0103ng \u0111\u1ed9ng. Do \u0111\u00f3, thi\u1ebft k\u1ebf ph\u00f9 h\u1ee3p v\u1edbi nhi\u1ec1u d\u00e1ng ng\u01b0\u1eddi kh\u00e1c nhau.<\/p>\n<p data-start=\"763\" data-end=\"940\">Chi ti\u1ebft b\u1ed5 th\u00e2n \u0111\u01b0\u1ee3c x\u1eed l\u00fd tinh t\u1ebf, gi\u00fap t\u1ea1o hi\u1ec7u \u1ee9ng th\u1ecb gi\u00e1c g\u1ecdn g\u00e0ng v\u00e0 hi\u1ec7n \u0111\u1ea1i h\u01a1n. Ngo\u00e0i ra, \u0111\u01b0\u1eddng may ch\u1eafc ch\u1eafn gi\u00fap t\u0103ng \u0111\u1ed9 b\u1ec1n v\u00e0 gi\u1eef form t\u1ed1t trong qu\u00e1 tr\u00ecnh s\u1eed d\u1ee5ng.<\/p>\n<p data-start=\"942\" data-end=\"1008\">V\u00ec v\u1eady, s\u1ea3n ph\u1ea9m d\u1ec5 d\u00e0ng \u1ee9ng d\u1ee5ng trong nhi\u1ec1u ho\u00e0n c\u1ea3nh h\u1eb1ng ng\u00e0y.<\/p>\n<h2 data-section-id=\"103ci14\" data-start=\"1015\" data-end=\"1029\">Ch\u1ea5t li\u1ec7u<\/h2>\n<p data-start=\"1030\" data-end=\"1146\">S\u1ea3n ph\u1ea9m s\u1eed d\u1ee5ng ch\u1ea5t li\u1ec7u v\u1ea3i m\u1ec1m nh\u1eb9 v\u00e0 tho\u00e1ng kh\u00ed. Do \u0111\u00f3, ng\u01b0\u1eddi m\u1eb7c lu\u00f4n c\u1ea3m th\u1ea5y tho\u1ea3i m\u00e1i trong th\u1eddi ti\u1ebft n\u00f3ng.<\/p>\n<p data-start=\"1148\" data-end=\"1268\">H\u01a1n n\u1eefa, ch\u1ea5t li\u1ec7u c\u00f3 \u0111\u1ed9 \u0111\u1ee9ng form v\u1eeba ph\u1ea3i. V\u00ec v\u1eady, qu\u1ea7n lu\u00f4n gi\u1eef \u0111\u01b0\u1ee3c d\u00e1ng g\u1ecdn g\u00e0ng v\u00e0 kh\u00f4ng b\u1ecb bi\u1ebfn d\u1ea1ng khi s\u1eed d\u1ee5ng.<\/p>\n<p data-start=\"1270\" data-end=\"1343\">B\u00ean c\u1ea1nh \u0111\u00f3, v\u1ea3i \u00edt nh\u0103n gi\u00fap s\u1ea3n ph\u1ea9m lu\u00f4n ch\u1ec9n chu trong su\u1ed1t ng\u00e0y d\u00e0i.<\/p>\n<h2 data-section-id=\"dc1tlj\" data-start=\"1350\" data-end=\"1368\">G\u1ee3i \u00fd ph\u1ed1i \u0111\u1ed3<\/h2>\n<p data-start=\"1369\" data-end=\"1517\">Qu\u1ea7n sooc d\u00e1ng ng\u1eafn b\u1ed5 th\u00e2n B r\u1ea5t d\u1ec5 ph\u1ed1i \u0111\u1ed3 trong nhi\u1ec1u phong c\u00e1ch kh\u00e1c nhau. V\u00ed d\u1ee5, b\u1ea1n c\u00f3 th\u1ec3 k\u1ebft h\u1ee3p c\u00f9ng \u00e1o thun basic \u0111\u1ec3 t\u1ea1o outfit n\u0103ng \u0111\u1ed9ng.<\/p>\n<p data-start=\"1519\" data-end=\"1672\">Ngo\u00e0i ra, khi ph\u1ed1i v\u1edbi \u00e1o s\u01a1 mi ho\u1eb7c \u00e1o blouse, t\u1ed5ng th\u1ec3 s\u1ebd tr\u1edf n\u00ean thanh l\u1ecbch h\u01a1n. Trong khi \u0111\u00f3, \u00e1o croptop gi\u00fap mang l\u1ea1i v\u1ebb ngo\u00e0i tr\u1ebb trung v\u00e0 c\u00e1 t\u00ednh.<\/p>\n<p data-start=\"1674\" data-end=\"1777\">N\u1ebfu mu\u1ed1n ho\u00e0n thi\u1ec7n phong c\u00e1ch, b\u1ea1n c\u00f3 th\u1ec3 k\u1ebft h\u1ee3p c\u00f9ng sneaker tr\u1eafng ho\u1eb7c sandal \u0111\u1ec3 t\u0103ng s\u1ef1 tho\u1ea3i m\u00e1i.<\/p>\n<h2 data-section-id=\"op80jt\" data-start=\"1784\" data-end=\"1807\">H\u01b0\u1edbng d\u1eabn b\u1ea3o qu\u1ea3n<\/h2>\n<p data-start=\"1808\" data-end=\"1922\">Tr\u01b0\u1edbc h\u1ebft, n\u00ean gi\u1eb7t qu\u1ea7n b\u1eb1ng tay ho\u1eb7c ch\u1ebf \u0111\u1ed9 gi\u1eb7t nh\u1eb9 \u0111\u1ec3 gi\u1eef form d\u00e1ng. \u0110\u1ed3ng th\u1eddi, tr\u00e1nh ng\u00e2m qu\u00e1 l\u00e2u trong n\u01b0\u1edbc.<\/p>\n<p data-start=\"1924\" data-end=\"2009\">Sau \u0111\u00f3, h\u00e3y ph\u01a1i \u1edf n\u01a1i tho\u00e1ng m\u00e1t v\u00e0 tr\u00e1nh \u00e1nh n\u1eafng tr\u1ef1c ti\u1ebfp \u0111\u1ec3 gi\u1eef m\u00e0u v\u1ea3i b\u1ec1n \u0111\u1eb9p.<\/p>\n<p data-start=\"2011\" data-end=\"2096\">Cu\u1ed1i c\u00f9ng, n\u1ebfu c\u1ea7n, c\u00f3 th\u1ec3 l\u00e0\/\u1ee7i \u1edf nhi\u1ec7t \u0111\u1ed9 th\u1ea5p \u0111\u1ec3 gi\u1eef b\u1ec1 m\u1eb7t v\u1ea3i lu\u00f4n ph\u1eb3ng v\u00e0 \u0111\u1eb9p.<\/p>\n","protected":false},"excerpt":{"rendered":"<p>Qu\u1ea7n sooc d\u00e1ng ng\u1eafn b\u1ed5 th\u00e2n B \u2013 tr\u1ebb trung, n\u0103ng \u0111\u1ed9ng v\u00e0 d\u1ec5 ph\u1ed1i \u0111\u1ed3 C\u1ea3m h\u1ee9ng thi\u1ebft k\u1ebf Qu\u1ea7n sooc d\u00e1ng ng\u1eafn b\u1ed5 th\u00e2n B \u0111\u01b0\u1ee3c l\u1ea5y c\u1ea3m h\u1ee9ng t\u1eeb phong c\u00e1ch th\u1eddi trang hi\u1ec7n \u0111\u1ea1i, \u0111\u1ec1 cao s\u1ef1 tho\u1ea3i m\u00e1i v\u00e0 t\u00ednh \u1ee9ng d\u1ee5ng cao. \u0110\u1ed3ng th\u1eddi, thi\u1ebft k\u1ebf h\u01b0\u1edbng \u0111\u1ebfn h\u00ecnh [&#8230;]\n","protected":false},"featured_media":1598,"comment_status":"open","ping_status":"closed","template":"","meta":[],"product_brand":[],"product_cat":[28,32,20],"product_tag":[47,46,36],"class_list":{"0":"post-1588","1":"product","2":"type-product","3":"status-publish","4":"has-post-thumbnail","6":"product_cat-ban-sac","7":"product_cat-bst","8":"product_cat-quan","9":"product_tag-b","10":"product_tag-ban-sac","11":"product_tag-quan","13":"first","14":"instock","15":"sale","16":"shipping-taxable","17":"purchasable","18":"product-type-variable"},"yoast_head":"<!-- This site is optimized with the Yoast SEO plugin v27.1.1 - https:\/\/yoast.com\/product\/yoast-seo-wordpress\/ -->\n<title>Qu\u1ea7n sooc d\u00e1ng ng\u1eafn b\u1ed5 th\u00e2n B - LIVIA store<\/title>\n<meta name=\"description\" content=\"Qu\u1ea7n sooc d\u00e1ng ng\u1eafn b\u1ed5 th\u00e2n B tr\u1ebb trung, n\u0103ng \u0111\u1ed9ng, d\u1ec5 ph\u1ed1i \u0111\u1ed3. Ph\u00f9 h\u1ee3p \u0111i ch\u01a1i, d\u1ea1o ph\u1ed1 v\u00e0 phong c\u00e1ch m\u00f9a h\u00e8 hi\u1ec7n \u0111\u1ea1i.\" \/>\n<meta name=\"robots\" content=\"index, follow, max-snippet:-1, max-image-preview:large, max-video-preview:-1\" \/>\n<link rel=\"canonical\" href=\"https:\/\/livia.azdigi.shop\/?product=quan-sooc-dang-ngan-bo-than-b\" \/>\n<meta property=\"og:locale\" content=\"en_US\" \/>\n<meta property=\"og:type\" content=\"article\" \/>\n<meta property=\"og:title\" content=\"Qu\u1ea7n sooc d\u00e1ng ng\u1eafn b\u1ed5 th\u00e2n B - LIVIA store\" \/>\n<meta property=\"og:description\" content=\"Qu\u1ea7n sooc d\u00e1ng ng\u1eafn b\u1ed5 th\u00e2n B tr\u1ebb trung, n\u0103ng \u0111\u1ed9ng, d\u1ec5 ph\u1ed1i \u0111\u1ed3. Ph\u00f9 h\u1ee3p \u0111i ch\u01a1i, d\u1ea1o ph\u1ed1 v\u00e0 phong c\u00e1ch m\u00f9a h\u00e8 hi\u1ec7n \u0111\u1ea1i.\" \/>\n<meta property=\"og:url\" content=\"https:\/\/livia.azdigi.shop\/?product=quan-sooc-dang-ngan-bo-than-b\" \/>\n<meta property=\"og:site_name\" content=\"LIVIA store\" \/>\n<meta property=\"article:modified_time\" content=\"2026-04-19T16:26:52+00:00\" \/>\n<meta property=\"og:image\" content=\"https:\/\/livia.azdigi.shop\/wp-content\/uploads\/2026\/04\/z7742783501358_bdd2c25d6c83ae31e473338c5f67def7.jpg\" \/>\n\t<meta property=\"og:image:width\" content=\"1366\" \/>\n\t<meta property=\"og:image:height\" content=\"1996\" \/>\n\t<meta property=\"og:image:type\" content=\"image\/jpeg\" \/>\n<meta name=\"twitter:card\" content=\"summary_large_image\" \/>\n<meta name=\"twitter:label1\" content=\"Est. reading time\" \/>\n\t<meta name=\"twitter:data1\" content=\"3 minutes\" \/>\n<script type=\"application\/ld+json\" class=\"yoast-schema-graph\">{\"@context\":\"https:\/\/schema.org\",\"@graph\":[{\"@type\":\"WebPage\",\"@id\":\"https:\/\/livia.azdigi.shop\/?product=quan-sooc-dang-ngan-bo-than-b\",\"url\":\"https:\/\/livia.azdigi.shop\/?product=quan-sooc-dang-ngan-bo-than-b\",\"name\":\"Qu\u1ea7n sooc d\u00e1ng ng\u1eafn b\u1ed5 th\u00e2n B - LIVIA store\",\"isPartOf\":{\"@id\":\"https:\/\/livia.azdigi.shop\/#website\"},\"primaryImageOfPage\":{\"@id\":\"https:\/\/livia.azdigi.shop\/?product=quan-sooc-dang-ngan-bo-than-b#primaryimage\"},\"image\":{\"@id\":\"https:\/\/livia.azdigi.shop\/?product=quan-sooc-dang-ngan-bo-than-b#primaryimage\"},\"thumbnailUrl\":\"https:\/\/livia.azdigi.shop\/wp-content\/uploads\/2026\/04\/z7742783501358_bdd2c25d6c83ae31e473338c5f67def7.jpg\",\"datePublished\":\"2026-04-19T16:26:10+00:00\",\"dateModified\":\"2026-04-19T16:26:52+00:00\",\"description\":\"Qu\u1ea7n sooc d\u00e1ng ng\u1eafn b\u1ed5 th\u00e2n B tr\u1ebb trung, n\u0103ng \u0111\u1ed9ng, d\u1ec5 ph\u1ed1i \u0111\u1ed3. Ph\u00f9 h\u1ee3p \u0111i ch\u01a1i, d\u1ea1o ph\u1ed1 v\u00e0 phong c\u00e1ch m\u00f9a h\u00e8 hi\u1ec7n \u0111\u1ea1i.\",\"breadcrumb\":{\"@id\":\"https:\/\/livia.azdigi.shop\/?product=quan-sooc-dang-ngan-bo-than-b#breadcrumb\"},\"inLanguage\":\"en-US\",\"potentialAction\":[{\"@type\":\"ReadAction\",\"target\":[\"https:\/\/livia.azdigi.shop\/?product=quan-sooc-dang-ngan-bo-than-b\"]}]},{\"@type\":\"ImageObject\",\"inLanguage\":\"en-US\",\"@id\":\"https:\/\/livia.azdigi.shop\/?product=quan-sooc-dang-ngan-bo-than-b#primaryimage\",\"url\":\"https:\/\/livia.azdigi.shop\/wp-content\/uploads\/2026\/04\/z7742783501358_bdd2c25d6c83ae31e473338c5f67def7.jpg\",\"contentUrl\":\"https:\/\/livia.azdigi.shop\/wp-content\/uploads\/2026\/04\/z7742783501358_bdd2c25d6c83ae31e473338c5f67def7.jpg\",\"width\":1366,\"height\":1996},{\"@type\":\"BreadcrumbList\",\"@id\":\"https:\/\/livia.azdigi.shop\/?product=quan-sooc-dang-ngan-bo-than-b#breadcrumb\",\"itemListElement\":[{\"@type\":\"ListItem\",\"position\":1,\"name\":\"Home\",\"item\":\"https:\/\/livia.azdigi.shop\/\"},{\"@type\":\"ListItem\",\"position\":2,\"name\":\"Shop\",\"item\":\"https:\/\/livia.azdigi.shop\/?page_id=45\"},{\"@type\":\"ListItem\",\"position\":3,\"name\":\"Qu\u1ea7n sooc d\u00e1ng ng\u1eafn b\u1ed5 th\u00e2n B\"}]},{\"@type\":\"WebSite\",\"@id\":\"https:\/\/livia.azdigi.shop\/#website\",\"url\":\"https:\/\/livia.azdigi.shop\/\",\"name\":\"livia\",\"description\":\"\",\"publisher\":{\"@id\":\"https:\/\/livia.azdigi.shop\/#organization\"},\"potentialAction\":[{\"@type\":\"SearchAction\",\"target\":{\"@type\":\"EntryPoint\",\"urlTemplate\":\"https:\/\/livia.azdigi.shop\/?s={search_term_string}\"},\"query-input\":{\"@type\":\"PropertyValueSpecification\",\"valueRequired\":true,\"valueName\":\"search_term_string\"}}],\"inLanguage\":\"en-US\"},{\"@type\":\"Organization\",\"@id\":\"https:\/\/livia.azdigi.shop\/#organization\",\"name\":\"thoitrangnu\",\"url\":\"https:\/\/livia.azdigi.shop\/\",\"logo\":{\"@type\":\"ImageObject\",\"inLanguage\":\"en-US\",\"@id\":\"https:\/\/livia.azdigi.shop\/#\/schema\/logo\/image\/\",\"url\":\"https:\/\/livia.azdigi.shop\/wp-content\/uploads\/2026\/03\/Screenshot-2026-03-05-143026.png\",\"contentUrl\":\"https:\/\/livia.azdigi.shop\/wp-content\/uploads\/2026\/03\/Screenshot-2026-03-05-143026.png\",\"width\":438,\"height\":270,\"caption\":\"thoitrangnu\"},\"image\":{\"@id\":\"https:\/\/livia.azdigi.shop\/#\/schema\/logo\/image\/\"}}]}<\/script>\n<!-- \/ Yoast SEO plugin. -->","yoast_head_json":{"title":"Qu\u1ea7n sooc d\u00e1ng ng\u1eafn b\u1ed5 th\u00e2n B - LIVIA store","description":"Qu\u1ea7n sooc d\u00e1ng ng\u1eafn b\u1ed5 th\u00e2n B tr\u1ebb trung, n\u0103ng \u0111\u1ed9ng, d\u1ec5 ph\u1ed1i \u0111\u1ed3. Ph\u00f9 h\u1ee3p \u0111i ch\u01a1i, d\u1ea1o ph\u1ed1 v\u00e0 phong c\u00e1ch m\u00f9a h\u00e8 hi\u1ec7n \u0111\u1ea1i.","robots":{"index":"index","follow":"follow","max-snippet":"max-snippet:-1","max-image-preview":"max-image-preview:large","max-video-preview":"max-video-preview:-1"},"canonical":"https:\/\/livia.azdigi.shop\/?product=quan-sooc-dang-ngan-bo-than-b","og_locale":"en_US","og_type":"article","og_title":"Qu\u1ea7n sooc d\u00e1ng ng\u1eafn b\u1ed5 th\u00e2n B - LIVIA store","og_description":"Qu\u1ea7n sooc d\u00e1ng ng\u1eafn b\u1ed5 th\u00e2n B tr\u1ebb trung, n\u0103ng \u0111\u1ed9ng, d\u1ec5 ph\u1ed1i \u0111\u1ed3. Ph\u00f9 h\u1ee3p \u0111i ch\u01a1i, d\u1ea1o ph\u1ed1 v\u00e0 phong c\u00e1ch m\u00f9a h\u00e8 hi\u1ec7n \u0111\u1ea1i.","og_url":"https:\/\/livia.azdigi.shop\/?product=quan-sooc-dang-ngan-bo-than-b","og_site_name":"LIVIA store","article_modified_time":"2026-04-19T16:26:52+00:00","og_image":[{"width":1366,"height":1996,"url":"https:\/\/livia.azdigi.shop\/wp-content\/uploads\/2026\/04\/z7742783501358_bdd2c25d6c83ae31e473338c5f67def7.jpg","type":"image\/jpeg"}],"twitter_card":"summary_large_image","twitter_misc":{"Est. reading time":"3 minutes"},"schema":{"@context":"https:\/\/schema.org","@graph":[{"@type":"WebPage","@id":"https:\/\/livia.azdigi.shop\/?product=quan-sooc-dang-ngan-bo-than-b","url":"https:\/\/livia.azdigi.shop\/?product=quan-sooc-dang-ngan-bo-than-b","name":"Qu\u1ea7n sooc d\u00e1ng ng\u1eafn b\u1ed5 th\u00e2n B - LIVIA store","isPartOf":{"@id":"https:\/\/livia.azdigi.shop\/#website"},"primaryImageOfPage":{"@id":"https:\/\/livia.azdigi.shop\/?product=quan-sooc-dang-ngan-bo-than-b#primaryimage"},"image":{"@id":"https:\/\/livia.azdigi.shop\/?product=quan-sooc-dang-ngan-bo-than-b#primaryimage"},"thumbnailUrl":"https:\/\/livia.azdigi.shop\/wp-content\/uploads\/2026\/04\/z7742783501358_bdd2c25d6c83ae31e473338c5f67def7.jpg","datePublished":"2026-04-19T16:26:10+00:00","dateModified":"2026-04-19T16:26:52+00:00","description":"Qu\u1ea7n sooc d\u00e1ng ng\u1eafn b\u1ed5 th\u00e2n B tr\u1ebb trung, n\u0103ng \u0111\u1ed9ng, d\u1ec5 ph\u1ed1i \u0111\u1ed3. Ph\u00f9 h\u1ee3p \u0111i ch\u01a1i, d\u1ea1o ph\u1ed1 v\u00e0 phong c\u00e1ch m\u00f9a h\u00e8 hi\u1ec7n \u0111\u1ea1i.","breadcrumb":{"@id":"https:\/\/livia.azdigi.shop\/?product=quan-sooc-dang-ngan-bo-than-b#breadcrumb"},"inLanguage":"en-US","potentialAction":[{"@type":"ReadAction","target":["https:\/\/livia.azdigi.shop\/?product=quan-sooc-dang-ngan-bo-than-b"]}]},{"@type":"ImageObject","inLanguage":"en-US","@id":"https:\/\/livia.azdigi.shop\/?product=quan-sooc-dang-ngan-bo-than-b#primaryimage","url":"https:\/\/livia.azdigi.shop\/wp-content\/uploads\/2026\/04\/z7742783501358_bdd2c25d6c83ae31e473338c5f67def7.jpg","contentUrl":"https:\/\/livia.azdigi.shop\/wp-content\/uploads\/2026\/04\/z7742783501358_bdd2c25d6c83ae31e473338c5f67def7.jpg","width":1366,"height":1996},{"@type":"BreadcrumbList","@id":"https:\/\/livia.azdigi.shop\/?product=quan-sooc-dang-ngan-bo-than-b#breadcrumb","itemListElement":[{"@type":"ListItem","position":1,"name":"Home","item":"https:\/\/livia.azdigi.shop\/"},{"@type":"ListItem","position":2,"name":"Shop","item":"https:\/\/livia.azdigi.shop\/?page_id=45"},{"@type":"ListItem","position":3,"name":"Qu\u1ea7n sooc d\u00e1ng ng\u1eafn b\u1ed5 th\u00e2n B"}]},{"@type":"WebSite","@id":"https:\/\/livia.azdigi.shop\/#website","url":"https:\/\/livia.azdigi.shop\/","name":"livia","description":"","publisher":{"@id":"https:\/\/livia.azdigi.shop\/#organization"},"potentialAction":[{"@type":"SearchAction","target":{"@type":"EntryPoint","urlTemplate":"https:\/\/livia.azdigi.shop\/?s={search_term_string}"},"query-input":{"@type":"PropertyValueSpecification","valueRequired":true,"valueName":"search_term_string"}}],"inLanguage":"en-US"},{"@type":"Organization","@id":"https:\/\/livia.azdigi.shop\/#organization","name":"thoitrangnu","url":"https:\/\/livia.azdigi.shop\/","logo":{"@type":"ImageObject","inLanguage":"en-US","@id":"https:\/\/livia.azdigi.shop\/#\/schema\/logo\/image\/","url":"https:\/\/livia.azdigi.shop\/wp-content\/uploads\/2026\/03\/Screenshot-2026-03-05-143026.png","contentUrl":"https:\/\/livia.azdigi.shop\/wp-content\/uploads\/2026\/03\/Screenshot-2026-03-05-143026.png","width":438,"height":270,"caption":"thoitrangnu"},"image":{"@id":"https:\/\/livia.azdigi.shop\/#\/schema\/logo\/image\/"}}]}},"_links":{"self":[{"href":"https:\/\/livia.azdigi.shop\/index.php?rest_route=\/wp\/v2\/product\/1588","targetHints":{"allow":["GET"]}}],"collection":[{"href":"https:\/\/livia.azdigi.shop\/index.php?rest_route=\/wp\/v2\/product"}],"about":[{"href":"https:\/\/livia.azdigi.shop\/index.php?rest_route=\/wp\/v2\/types\/product"}],"replies":[{"embeddable":true,"href":"https:\/\/livia.azdigi.shop\/index.php?rest_route=%2Fwp%2Fv2%2Fcomments&post=1588"}],"wp:featuredmedia":[{"embeddable":true,"href":"https:\/\/livia.azdigi.shop\/index.php?rest_route=\/wp\/v2\/media\/1598"}],"wp:attachment":[{"href":"https:\/\/livia.azdigi.shop\/index.php?rest_route=%2Fwp%2Fv2%2Fmedia&parent=1588"}],"wp:term":[{"taxonomy":"product_brand","embeddable":true,"href":"https:\/\/livia.azdigi.shop\/index.php?rest_route=%2Fwp%2Fv2%2Fproduct_brand&post=1588"},{"taxonomy":"product_cat","embeddable":true,"href":"https:\/\/livia.azdigi.shop\/index.php?rest_route=%2Fwp%2Fv2%2Fproduct_cat&post=1588"},{"taxonomy":"product_tag","embeddable":true,"href":"https:\/\/livia.azdigi.shop\/index.php?rest_route=%2Fwp%2Fv2%2Fproduct_tag&post=1588"}],"curies":[{"name":"wp","href":"https:\/\/api.w.org\/{rel}","templated":true}]}}