{"id":1578,"date":"2026-04-19T16:14:57","date_gmt":"2026-04-19T16:14:57","guid":{"rendered":"https:\/\/livia.azdigi.shop\/?post_type=product&#038;p=1578"},"modified":"2026-04-19T16:54:41","modified_gmt":"2026-04-19T16:54:41","slug":"dam-co-u-phoi-to-nhun-co-chan-a","status":"publish","type":"product","link":"https:\/\/livia.azdigi.shop\/?product=dam-co-u-phoi-to-nhun-co-chan-a","title":{"rendered":"\u0110\u1ea7m c\u1ed5 U ph\u1ed1i t\u01a1 nh\u00fan c\u1ed5, ch\u00e2n A"},"content":{"rendered":"<h1 data-section-id=\"12k7ro5\" data-start=\"125\" data-end=\"193\">\u0110\u1ea7m c\u1ed5 U ph\u1ed1i t\u01a1 nh\u00fan c\u1ed5, ch\u00e2n A \u2013 thanh l\u1ecbch, n\u1eef t\u00ednh v\u00e0 hi\u1ec7n \u0111\u1ea1i<\/h1>\n<h2 data-section-id=\"vn57je\" data-start=\"195\" data-end=\"217\">C\u1ea3m h\u1ee9ng thi\u1ebft k\u1ebf<\/h2>\n<p data-start=\"218\" data-end=\"423\">\u0110\u1ea7m c\u1ed5 U ph\u1ed1i t\u01a1 nh\u00fan c\u1ed5, ch\u00e2n A \u0111\u01b0\u1ee3c l\u1ea5y c\u1ea3m h\u1ee9ng t\u1eeb v\u1ebb \u0111\u1eb9p nh\u1eb9 nh\u00e0ng v\u00e0 tinh t\u1ebf c\u1ee7a ng\u01b0\u1eddi ph\u1ee5 n\u1eef hi\u1ec7n \u0111\u1ea1i. \u0110\u1ed3ng th\u1eddi, thi\u1ebft k\u1ebf h\u01b0\u1edbng \u0111\u1ebfn s\u1ef1 thanh l\u1ecbch nh\u01b0ng v\u1eabn gi\u1eef \u0111\u01b0\u1ee3c n\u00e9t m\u1ec1m m\u1ea1i v\u00e0 cu\u1ed1n h\u00fat t\u1ef1 nhi\u00ean.<\/p>\n<p data-start=\"425\" data-end=\"545\">B\u00ean c\u1ea1nh \u0111\u00f3, chi ti\u1ebft t\u01a1 nh\u00fan \u1edf c\u1ed5 t\u1ea1o \u0111i\u1ec3m nh\u1ea5n n\u1ed5i b\u1eadt. V\u00ec v\u1eady, t\u1ed5ng th\u1ec3 trang ph\u1ee5c tr\u1edf n\u00ean n\u1eef t\u00ednh v\u00e0 sang tr\u1ecdng h\u01a1n.<\/p>\n<h2 data-section-id=\"2a54pb\" data-start=\"552\" data-end=\"565\">Thi\u1ebft k\u1ebf<\/h2>\n<p data-start=\"566\" data-end=\"733\">\u0110\u1ea7m c\u1ed5 U ph\u1ed1i t\u01a1 nh\u00fan c\u1ed5, ch\u00e2n A s\u1edf h\u1eefu phom d\u00e1ng A-line gi\u00fap t\u1ea1o s\u1ef1 c\u00e2n \u0111\u1ed1i cho c\u01a1 th\u1ec3. Do \u0111\u00f3, thi\u1ebft k\u1ebf c\u00f3 kh\u1ea3 n\u0103ng che khuy\u1ebft \u0111i\u1ec3m v\u00f9ng h\u00f4ng v\u00e0 \u0111\u00f9i m\u1ed9t c\u00e1ch tinh t\u1ebf.<\/p>\n<p data-start=\"735\" data-end=\"869\">Ph\u1ea7n c\u1ed5 U mang l\u1ea1i c\u1ea3m gi\u00e1c thanh tho\u00e1t v\u00e0 g\u1ee3i c\u1ea3m nh\u1eb9 nh\u00e0ng. Trong khi \u0111\u00f3, chi ti\u1ebft t\u01a1 nh\u00fan \u1edf c\u1ed5 t\u1ea1o \u0111i\u1ec3m nh\u1ea5n m\u1ec1m m\u1ea1i v\u00e0 sang tr\u1ecdng.<\/p>\n<p data-start=\"871\" data-end=\"987\">Ngo\u00e0i ra, ph\u1ea7n ch\u00e2n v\u00e1y d\u00e1ng A gi\u00fap ng\u01b0\u1eddi m\u1eb7c di chuy\u1ec3n d\u1ec5 d\u00e0ng. V\u00ec v\u1eady, s\u1ea3n ph\u1ea9m ph\u00f9 h\u1ee3p cho c\u1ea3 \u0111i l\u00e0m l\u1eabn \u0111i ch\u01a1i.<\/p>\n<h2 data-section-id=\"103ci14\" data-start=\"994\" data-end=\"1008\">Ch\u1ea5t li\u1ec7u<\/h2>\n<p data-start=\"1009\" data-end=\"1147\">S\u1ea3n ph\u1ea9m s\u1eed d\u1ee5ng ch\u1ea5t li\u1ec7u v\u1ea3i m\u1ec1m nh\u1eb9, c\u00f3 \u0111\u1ed9 r\u1ee7 v\u1eeba ph\u1ea3i. Do \u0111\u00f3, trang ph\u1ee5c lu\u00f4n mang l\u1ea1i c\u1ea3m gi\u00e1c tho\u1ea3i m\u00e1i khi m\u1eb7c trong th\u1eddi gian d\u00e0i.<\/p>\n<p data-start=\"1149\" data-end=\"1248\">H\u01a1n n\u1eefa, ch\u1ea5t li\u1ec7u gi\u00fap gi\u1eef form d\u00e1ng A-line \u1ed5n \u0111\u1ecbnh. V\u00ec v\u1eady, t\u1ed5ng th\u1ec3 lu\u00f4n g\u1ecdn g\u00e0ng v\u00e0 thanh l\u1ecbch.<\/p>\n<p data-start=\"1250\" data-end=\"1331\">B\u00ean c\u1ea1nh \u0111\u00f3, b\u1ec1 m\u1eb7t v\u1ea3i m\u1ecbn gi\u00fap t\u0103ng t\u00ednh th\u1ea9m m\u1ef9 v\u00e0 s\u1ef1 sang tr\u1ecdng cho thi\u1ebft k\u1ebf.<\/p>\n<h2 data-section-id=\"dc1tlj\" data-start=\"1338\" data-end=\"1356\">G\u1ee3i \u00fd ph\u1ed1i \u0111\u1ed3<\/h2>\n<p data-start=\"1357\" data-end=\"1529\">\u0110\u1ea7m c\u1ed5 U ph\u1ed1i t\u01a1 r\u1ea5t d\u1ec5 ph\u1ed1i trong nhi\u1ec1u phong c\u00e1ch kh\u00e1c nhau. V\u00ed d\u1ee5, b\u1ea1n c\u00f3 th\u1ec3 k\u1ebft h\u1ee3p c\u00f9ng gi\u00e0y cao g\u00f3t \u0111\u1ec3 t\u0103ng v\u1ebb thanh l\u1ecbch khi \u0111i l\u00e0m ho\u1eb7c d\u1ef1 s\u1ef1 ki\u1ec7n.<\/p>\n<p data-start=\"1531\" data-end=\"1679\">Ngo\u00e0i ra, khi ph\u1ed1i c\u00f9ng gi\u00e0y b\u00fap b\u00ea ho\u1eb7c mary jane, t\u1ed5ng th\u1ec3 s\u1ebd tr\u1edf n\u00ean n\u1eef t\u00ednh h\u01a1n. Trong khi \u0111\u00f3, sneaker tr\u1eafng gi\u00fap outfit tr\u1ebb trung v\u00e0 n\u0103ng \u0111\u1ed9ng.<\/p>\n<p data-start=\"1681\" data-end=\"1778\">N\u1ebfu mu\u1ed1n ho\u00e0n thi\u1ec7n phong c\u00e1ch, b\u1ea1n c\u00f3 th\u1ec3 th\u00eam t\u00fai nh\u1ecf ho\u1eb7c ph\u1ee5 ki\u1ec7n t\u1ed1i gi\u1ea3n \u0111\u1ec3 gi\u1eef s\u1ef1 tinh t\u1ebf.<\/p>\n<h2 data-section-id=\"op80jt\" data-start=\"1785\" data-end=\"1808\">H\u01b0\u1edbng d\u1eabn b\u1ea3o qu\u1ea3n<\/h2>\n<p data-start=\"1809\" data-end=\"1938\">Tr\u01b0\u1edbc h\u1ebft, n\u00ean gi\u1eb7t tay nh\u1eb9 nh\u00e0ng ho\u1eb7c d\u00f9ng ch\u1ebf \u0111\u1ed9 gi\u1eb7t nh\u1eb9 \u0111\u1ec3 gi\u1eef form d\u00e1ng. \u0110\u1ed3ng th\u1eddi, tr\u00e1nh v\u1eaft m\u1ea1nh ho\u1eb7c ng\u00e2m l\u00e2u trong n\u01b0\u1edbc.<\/p>\n<p data-start=\"1940\" data-end=\"2025\">Sau \u0111\u00f3, h\u00e3y ph\u01a1i \u1edf n\u01a1i tho\u00e1ng m\u00e1t v\u00e0 tr\u00e1nh \u00e1nh n\u1eafng tr\u1ef1c ti\u1ebfp \u0111\u1ec3 gi\u1eef m\u00e0u v\u1ea3i b\u1ec1n l\u00e2u.<\/p>\n<p data-start=\"2027\" data-end=\"2109\">Cu\u1ed1i c\u00f9ng, n\u1ebfu c\u1ea7n, c\u00f3 th\u1ec3 l\u00e0\/\u1ee7i \u1edf nhi\u1ec7t \u0111\u1ed9 th\u1ea5p \u0111\u1ec3 gi\u1eef b\u1ec1 m\u1eb7t v\u1ea3i lu\u00f4n ph\u1eb3ng \u0111\u1eb9p.<\/p>\n","protected":false},"excerpt":{"rendered":"<p>\u0110\u1ea7m c\u1ed5 U ph\u1ed1i t\u01a1 nh\u00fan c\u1ed5, ch\u00e2n A \u2013 thanh l\u1ecbch, n\u1eef t\u00ednh v\u00e0 hi\u1ec7n \u0111\u1ea1i C\u1ea3m h\u1ee9ng thi\u1ebft k\u1ebf \u0110\u1ea7m c\u1ed5 U ph\u1ed1i t\u01a1 nh\u00fan c\u1ed5, ch\u00e2n A \u0111\u01b0\u1ee3c l\u1ea5y c\u1ea3m h\u1ee9ng t\u1eeb v\u1ebb \u0111\u1eb9p nh\u1eb9 nh\u00e0ng v\u00e0 tinh t\u1ebf c\u1ee7a ng\u01b0\u1eddi ph\u1ee5 n\u1eef hi\u1ec7n \u0111\u1ea1i. \u0110\u1ed3ng th\u1eddi, thi\u1ebft k\u1ebf h\u01b0\u1edbng \u0111\u1ebfn s\u1ef1 [&#8230;]\n","protected":false},"featured_media":1579,"comment_status":"open","ping_status":"closed","template":"","meta":[],"product_brand":[],"product_cat":[28,18],"product_tag":[46,29,45],"class_list":{"0":"post-1578","1":"product","2":"type-product","3":"status-publish","4":"has-post-thumbnail","6":"product_cat-ban-sac","7":"product_cat-dam","8":"product_tag-ban-sac","9":"product_tag-dam","10":"product_tag-to","12":"first","13":"instock","14":"sale","15":"shipping-taxable","16":"purchasable","17":"product-type-variable"},"yoast_head":"<!-- This site is optimized with the Yoast SEO plugin v27.1.1 - https:\/\/yoast.com\/product\/yoast-seo-wordpress\/ -->\n<title>\u0110\u1ea7m c\u1ed5 U ph\u1ed1i t\u01a1 nh\u00fan c\u1ed5, ch\u00e2n A - LIVIA store<\/title>\n<meta name=\"description\" content=\"\u0110\u1ea7m c\u1ed5 U ph\u1ed1i t\u01a1 nh\u00fan c\u1ed5 ch\u00e2n A thanh l\u1ecbch, n\u1eef t\u00ednh, sang tr\u1ecdng. Ph\u00f9 h\u1ee3p \u0111i l\u00e0m, d\u1ea1o ph\u1ed1 v\u00e0 d\u1ef1 ti\u1ec7c nh\u1eb9 phong c\u00e1ch hi\u1ec7n \u0111\u1ea1i.\" \/>\n<meta name=\"robots\" content=\"index, follow, max-snippet:-1, max-image-preview:large, max-video-preview:-1\" \/>\n<link rel=\"canonical\" href=\"https:\/\/livia.azdigi.shop\/?product=dam-co-u-phoi-to-nhun-co-chan-a\" \/>\n<meta property=\"og:locale\" content=\"en_US\" \/>\n<meta property=\"og:type\" content=\"article\" \/>\n<meta property=\"og:title\" content=\"\u0110\u1ea7m c\u1ed5 U ph\u1ed1i t\u01a1 nh\u00fan c\u1ed5, ch\u00e2n A - LIVIA store\" \/>\n<meta property=\"og:description\" content=\"\u0110\u1ea7m c\u1ed5 U ph\u1ed1i t\u01a1 nh\u00fan c\u1ed5 ch\u00e2n A thanh l\u1ecbch, n\u1eef t\u00ednh, sang tr\u1ecdng. Ph\u00f9 h\u1ee3p \u0111i l\u00e0m, d\u1ea1o ph\u1ed1 v\u00e0 d\u1ef1 ti\u1ec7c nh\u1eb9 phong c\u00e1ch hi\u1ec7n \u0111\u1ea1i.\" \/>\n<meta property=\"og:url\" content=\"https:\/\/livia.azdigi.shop\/?product=dam-co-u-phoi-to-nhun-co-chan-a\" \/>\n<meta property=\"og:site_name\" content=\"LIVIA store\" \/>\n<meta property=\"article:modified_time\" content=\"2026-04-19T16:54:41+00:00\" \/>\n<meta property=\"og:image\" content=\"https:\/\/livia.azdigi.shop\/wp-content\/uploads\/2026\/04\/z7742747731498_a8f961394d7fc8433dde86422dbdb802.jpg\" \/>\n\t<meta property=\"og:image:width\" content=\"1708\" \/>\n\t<meta property=\"og:image:height\" content=\"2488\" \/>\n\t<meta property=\"og:image:type\" content=\"image\/jpeg\" \/>\n<meta name=\"twitter:card\" content=\"summary_large_image\" \/>\n<meta name=\"twitter:label1\" content=\"Est. reading time\" \/>\n\t<meta name=\"twitter:data1\" content=\"3 minutes\" \/>\n<script type=\"application\/ld+json\" class=\"yoast-schema-graph\">{\"@context\":\"https:\/\/schema.org\",\"@graph\":[{\"@type\":\"WebPage\",\"@id\":\"https:\/\/livia.azdigi.shop\/?product=dam-co-u-phoi-to-nhun-co-chan-a\",\"url\":\"https:\/\/livia.azdigi.shop\/?product=dam-co-u-phoi-to-nhun-co-chan-a\",\"name\":\"\u0110\u1ea7m c\u1ed5 U ph\u1ed1i t\u01a1 nh\u00fan c\u1ed5, ch\u00e2n A - LIVIA store\",\"isPartOf\":{\"@id\":\"https:\/\/livia.azdigi.shop\/#website\"},\"primaryImageOfPage\":{\"@id\":\"https:\/\/livia.azdigi.shop\/?product=dam-co-u-phoi-to-nhun-co-chan-a#primaryimage\"},\"image\":{\"@id\":\"https:\/\/livia.azdigi.shop\/?product=dam-co-u-phoi-to-nhun-co-chan-a#primaryimage\"},\"thumbnailUrl\":\"https:\/\/livia.azdigi.shop\/wp-content\/uploads\/2026\/04\/z7742747731498_a8f961394d7fc8433dde86422dbdb802.jpg\",\"datePublished\":\"2026-04-19T16:14:57+00:00\",\"dateModified\":\"2026-04-19T16:54:41+00:00\",\"description\":\"\u0110\u1ea7m c\u1ed5 U ph\u1ed1i t\u01a1 nh\u00fan c\u1ed5 ch\u00e2n A thanh l\u1ecbch, n\u1eef t\u00ednh, sang tr\u1ecdng. Ph\u00f9 h\u1ee3p \u0111i l\u00e0m, d\u1ea1o ph\u1ed1 v\u00e0 d\u1ef1 ti\u1ec7c nh\u1eb9 phong c\u00e1ch hi\u1ec7n \u0111\u1ea1i.\",\"breadcrumb\":{\"@id\":\"https:\/\/livia.azdigi.shop\/?product=dam-co-u-phoi-to-nhun-co-chan-a#breadcrumb\"},\"inLanguage\":\"en-US\",\"potentialAction\":[{\"@type\":\"ReadAction\",\"target\":[\"https:\/\/livia.azdigi.shop\/?product=dam-co-u-phoi-to-nhun-co-chan-a\"]}]},{\"@type\":\"ImageObject\",\"inLanguage\":\"en-US\",\"@id\":\"https:\/\/livia.azdigi.shop\/?product=dam-co-u-phoi-to-nhun-co-chan-a#primaryimage\",\"url\":\"https:\/\/livia.azdigi.shop\/wp-content\/uploads\/2026\/04\/z7742747731498_a8f961394d7fc8433dde86422dbdb802.jpg\",\"contentUrl\":\"https:\/\/livia.azdigi.shop\/wp-content\/uploads\/2026\/04\/z7742747731498_a8f961394d7fc8433dde86422dbdb802.jpg\",\"width\":1708,\"height\":2488},{\"@type\":\"BreadcrumbList\",\"@id\":\"https:\/\/livia.azdigi.shop\/?product=dam-co-u-phoi-to-nhun-co-chan-a#breadcrumb\",\"itemListElement\":[{\"@type\":\"ListItem\",\"position\":1,\"name\":\"Home\",\"item\":\"https:\/\/livia.azdigi.shop\/\"},{\"@type\":\"ListItem\",\"position\":2,\"name\":\"Shop\",\"item\":\"https:\/\/livia.azdigi.shop\/?page_id=45\"},{\"@type\":\"ListItem\",\"position\":3,\"name\":\"\u0110\u1ea7m c\u1ed5 U ph\u1ed1i t\u01a1 nh\u00fan c\u1ed5, ch\u00e2n A\"}]},{\"@type\":\"WebSite\",\"@id\":\"https:\/\/livia.azdigi.shop\/#website\",\"url\":\"https:\/\/livia.azdigi.shop\/\",\"name\":\"livia\",\"description\":\"\",\"publisher\":{\"@id\":\"https:\/\/livia.azdigi.shop\/#organization\"},\"potentialAction\":[{\"@type\":\"SearchAction\",\"target\":{\"@type\":\"EntryPoint\",\"urlTemplate\":\"https:\/\/livia.azdigi.shop\/?s={search_term_string}\"},\"query-input\":{\"@type\":\"PropertyValueSpecification\",\"valueRequired\":true,\"valueName\":\"search_term_string\"}}],\"inLanguage\":\"en-US\"},{\"@type\":\"Organization\",\"@id\":\"https:\/\/livia.azdigi.shop\/#organization\",\"name\":\"thoitrangnu\",\"url\":\"https:\/\/livia.azdigi.shop\/\",\"logo\":{\"@type\":\"ImageObject\",\"inLanguage\":\"en-US\",\"@id\":\"https:\/\/livia.azdigi.shop\/#\/schema\/logo\/image\/\",\"url\":\"https:\/\/livia.azdigi.shop\/wp-content\/uploads\/2026\/03\/Screenshot-2026-03-05-143026.png\",\"contentUrl\":\"https:\/\/livia.azdigi.shop\/wp-content\/uploads\/2026\/03\/Screenshot-2026-03-05-143026.png\",\"width\":438,\"height\":270,\"caption\":\"thoitrangnu\"},\"image\":{\"@id\":\"https:\/\/livia.azdigi.shop\/#\/schema\/logo\/image\/\"}}]}<\/script>\n<!-- \/ Yoast SEO plugin. -->","yoast_head_json":{"title":"\u0110\u1ea7m c\u1ed5 U ph\u1ed1i t\u01a1 nh\u00fan c\u1ed5, ch\u00e2n A - LIVIA store","description":"\u0110\u1ea7m c\u1ed5 U ph\u1ed1i t\u01a1 nh\u00fan c\u1ed5 ch\u00e2n A thanh l\u1ecbch, n\u1eef t\u00ednh, sang tr\u1ecdng. Ph\u00f9 h\u1ee3p \u0111i l\u00e0m, d\u1ea1o ph\u1ed1 v\u00e0 d\u1ef1 ti\u1ec7c nh\u1eb9 phong c\u00e1ch hi\u1ec7n \u0111\u1ea1i.","robots":{"index":"index","follow":"follow","max-snippet":"max-snippet:-1","max-image-preview":"max-image-preview:large","max-video-preview":"max-video-preview:-1"},"canonical":"https:\/\/livia.azdigi.shop\/?product=dam-co-u-phoi-to-nhun-co-chan-a","og_locale":"en_US","og_type":"article","og_title":"\u0110\u1ea7m c\u1ed5 U ph\u1ed1i t\u01a1 nh\u00fan c\u1ed5, ch\u00e2n A - LIVIA store","og_description":"\u0110\u1ea7m c\u1ed5 U ph\u1ed1i t\u01a1 nh\u00fan c\u1ed5 ch\u00e2n A thanh l\u1ecbch, n\u1eef t\u00ednh, sang tr\u1ecdng. Ph\u00f9 h\u1ee3p \u0111i l\u00e0m, d\u1ea1o ph\u1ed1 v\u00e0 d\u1ef1 ti\u1ec7c nh\u1eb9 phong c\u00e1ch hi\u1ec7n \u0111\u1ea1i.","og_url":"https:\/\/livia.azdigi.shop\/?product=dam-co-u-phoi-to-nhun-co-chan-a","og_site_name":"LIVIA store","article_modified_time":"2026-04-19T16:54:41+00:00","og_image":[{"width":1708,"height":2488,"url":"https:\/\/livia.azdigi.shop\/wp-content\/uploads\/2026\/04\/z7742747731498_a8f961394d7fc8433dde86422dbdb802.jpg","type":"image\/jpeg"}],"twitter_card":"summary_large_image","twitter_misc":{"Est. reading time":"3 minutes"},"schema":{"@context":"https:\/\/schema.org","@graph":[{"@type":"WebPage","@id":"https:\/\/livia.azdigi.shop\/?product=dam-co-u-phoi-to-nhun-co-chan-a","url":"https:\/\/livia.azdigi.shop\/?product=dam-co-u-phoi-to-nhun-co-chan-a","name":"\u0110\u1ea7m c\u1ed5 U ph\u1ed1i t\u01a1 nh\u00fan c\u1ed5, ch\u00e2n A - LIVIA store","isPartOf":{"@id":"https:\/\/livia.azdigi.shop\/#website"},"primaryImageOfPage":{"@id":"https:\/\/livia.azdigi.shop\/?product=dam-co-u-phoi-to-nhun-co-chan-a#primaryimage"},"image":{"@id":"https:\/\/livia.azdigi.shop\/?product=dam-co-u-phoi-to-nhun-co-chan-a#primaryimage"},"thumbnailUrl":"https:\/\/livia.azdigi.shop\/wp-content\/uploads\/2026\/04\/z7742747731498_a8f961394d7fc8433dde86422dbdb802.jpg","datePublished":"2026-04-19T16:14:57+00:00","dateModified":"2026-04-19T16:54:41+00:00","description":"\u0110\u1ea7m c\u1ed5 U ph\u1ed1i t\u01a1 nh\u00fan c\u1ed5 ch\u00e2n A thanh l\u1ecbch, n\u1eef t\u00ednh, sang tr\u1ecdng. Ph\u00f9 h\u1ee3p \u0111i l\u00e0m, d\u1ea1o ph\u1ed1 v\u00e0 d\u1ef1 ti\u1ec7c nh\u1eb9 phong c\u00e1ch hi\u1ec7n \u0111\u1ea1i.","breadcrumb":{"@id":"https:\/\/livia.azdigi.shop\/?product=dam-co-u-phoi-to-nhun-co-chan-a#breadcrumb"},"inLanguage":"en-US","potentialAction":[{"@type":"ReadAction","target":["https:\/\/livia.azdigi.shop\/?product=dam-co-u-phoi-to-nhun-co-chan-a"]}]},{"@type":"ImageObject","inLanguage":"en-US","@id":"https:\/\/livia.azdigi.shop\/?product=dam-co-u-phoi-to-nhun-co-chan-a#primaryimage","url":"https:\/\/livia.azdigi.shop\/wp-content\/uploads\/2026\/04\/z7742747731498_a8f961394d7fc8433dde86422dbdb802.jpg","contentUrl":"https:\/\/livia.azdigi.shop\/wp-content\/uploads\/2026\/04\/z7742747731498_a8f961394d7fc8433dde86422dbdb802.jpg","width":1708,"height":2488},{"@type":"BreadcrumbList","@id":"https:\/\/livia.azdigi.shop\/?product=dam-co-u-phoi-to-nhun-co-chan-a#breadcrumb","itemListElement":[{"@type":"ListItem","position":1,"name":"Home","item":"https:\/\/livia.azdigi.shop\/"},{"@type":"ListItem","position":2,"name":"Shop","item":"https:\/\/livia.azdigi.shop\/?page_id=45"},{"@type":"ListItem","position":3,"name":"\u0110\u1ea7m c\u1ed5 U ph\u1ed1i t\u01a1 nh\u00fan c\u1ed5, ch\u00e2n A"}]},{"@type":"WebSite","@id":"https:\/\/livia.azdigi.shop\/#website","url":"https:\/\/livia.azdigi.shop\/","name":"livia","description":"","publisher":{"@id":"https:\/\/livia.azdigi.shop\/#organization"},"potentialAction":[{"@type":"SearchAction","target":{"@type":"EntryPoint","urlTemplate":"https:\/\/livia.azdigi.shop\/?s={search_term_string}"},"query-input":{"@type":"PropertyValueSpecification","valueRequired":true,"valueName":"search_term_string"}}],"inLanguage":"en-US"},{"@type":"Organization","@id":"https:\/\/livia.azdigi.shop\/#organization","name":"thoitrangnu","url":"https:\/\/livia.azdigi.shop\/","logo":{"@type":"ImageObject","inLanguage":"en-US","@id":"https:\/\/livia.azdigi.shop\/#\/schema\/logo\/image\/","url":"https:\/\/livia.azdigi.shop\/wp-content\/uploads\/2026\/03\/Screenshot-2026-03-05-143026.png","contentUrl":"https:\/\/livia.azdigi.shop\/wp-content\/uploads\/2026\/03\/Screenshot-2026-03-05-143026.png","width":438,"height":270,"caption":"thoitrangnu"},"image":{"@id":"https:\/\/livia.azdigi.shop\/#\/schema\/logo\/image\/"}}]}},"_links":{"self":[{"href":"https:\/\/livia.azdigi.shop\/index.php?rest_route=\/wp\/v2\/product\/1578","targetHints":{"allow":["GET"]}}],"collection":[{"href":"https:\/\/livia.azdigi.shop\/index.php?rest_route=\/wp\/v2\/product"}],"about":[{"href":"https:\/\/livia.azdigi.shop\/index.php?rest_route=\/wp\/v2\/types\/product"}],"replies":[{"embeddable":true,"href":"https:\/\/livia.azdigi.shop\/index.php?rest_route=%2Fwp%2Fv2%2Fcomments&post=1578"}],"wp:featuredmedia":[{"embeddable":true,"href":"https:\/\/livia.azdigi.shop\/index.php?rest_route=\/wp\/v2\/media\/1579"}],"wp:attachment":[{"href":"https:\/\/livia.azdigi.shop\/index.php?rest_route=%2Fwp%2Fv2%2Fmedia&parent=1578"}],"wp:term":[{"taxonomy":"product_brand","embeddable":true,"href":"https:\/\/livia.azdigi.shop\/index.php?rest_route=%2Fwp%2Fv2%2Fproduct_brand&post=1578"},{"taxonomy":"product_cat","embeddable":true,"href":"https:\/\/livia.azdigi.shop\/index.php?rest_route=%2Fwp%2Fv2%2Fproduct_cat&post=1578"},{"taxonomy":"product_tag","embeddable":true,"href":"https:\/\/livia.azdigi.shop\/index.php?rest_route=%2Fwp%2Fv2%2Fproduct_tag&post=1578"}],"curies":[{"name":"wp","href":"https:\/\/api.w.org\/{rel}","templated":true}]}}