{"id":1552,"date":"2026-04-19T15:52:21","date_gmt":"2026-04-19T15:52:21","guid":{"rendered":"https:\/\/livia.azdigi.shop\/?post_type=product&#038;p=1552"},"modified":"2026-04-19T15:52:59","modified_gmt":"2026-04-19T15:52:59","slug":"dam-dang-a-tay-ngan-phoi-ta-bung","status":"publish","type":"product","link":"https:\/\/livia.azdigi.shop\/?product=dam-dang-a-tay-ngan-phoi-ta-bung","title":{"rendered":"\u0110\u1ea7m d\u00e1ng A tay ng\u1eafn ph\u1ed1i t\u00e0 bung"},"content":{"rendered":"<h1 data-section-id=\"1yn6a8r\" data-start=\"125\" data-end=\"193\">\u0110\u1ea7m d\u00e1ng A tay ng\u1eafn ph\u1ed1i t\u00e0 bung \u2013 thanh l\u1ecbch, bay b\u1ed5ng v\u00e0 n\u1eef t\u00ednh<\/h1>\n<h2 data-section-id=\"vn57je\" data-start=\"195\" data-end=\"217\">C\u1ea3m h\u1ee9ng thi\u1ebft k\u1ebf<\/h2>\n<p data-start=\"218\" data-end=\"420\">\u0110\u1ea7m d\u00e1ng A tay ng\u1eafn ph\u1ed1i t\u00e0 bung \u0111\u01b0\u1ee3c l\u1ea5y c\u1ea3m h\u1ee9ng t\u1eeb s\u1ef1 m\u1ec1m m\u1ea1i v\u00e0 t\u1ef1 do trong chuy\u1ec3n \u0111\u1ed9ng. \u0110\u1ed3ng th\u1eddi, thi\u1ebft k\u1ebf h\u01b0\u1edbng \u0111\u1ebfn h\u00ecnh \u1ea3nh ng\u01b0\u1eddi ph\u1ee5 n\u1eef hi\u1ec7n \u0111\u1ea1i, v\u1eeba thanh l\u1ecbch v\u1eeba mang n\u00e9t bay b\u1ed5ng nh\u1eb9 nh\u00e0ng.<\/p>\n<p data-start=\"422\" data-end=\"573\">B\u00ean c\u1ea1nh \u0111\u00f3, chi ti\u1ebft t\u00e0 bung t\u1ea1o hi\u1ec7u \u1ee9ng uy\u1ec3n chuy\u1ec3n khi di chuy\u1ec3n. V\u00ec v\u1eady, t\u1ed5ng th\u1ec3 trang ph\u1ee5c tr\u1edf n\u00ean s\u1ed1ng \u0111\u1ed9ng v\u00e0 cu\u1ed1n h\u00fat h\u01a1n trong t\u1eebng b\u01b0\u1edbc \u0111i.<\/p>\n<h2 data-section-id=\"2a54pb\" data-start=\"580\" data-end=\"593\">Thi\u1ebft k\u1ebf<\/h2>\n<p data-start=\"594\" data-end=\"746\">\u0110\u1ea7m d\u00e1ng A tay ng\u1eafn ph\u1ed1i t\u00e0 bung s\u1edf h\u1eefu phom d\u00e1ng A-line nh\u1eb9 nh\u00e0ng. Do \u0111\u00f3, thi\u1ebft k\u1ebf gi\u00fap che khuy\u1ebft \u0111i\u1ec3m c\u01a1 th\u1ec3 v\u00e0 t\u1ea1o s\u1ef1 c\u00e2n \u0111\u1ed1i cho t\u1ed5ng th\u1ec3 v\u00f3c d\u00e1ng.<\/p>\n<p data-start=\"748\" data-end=\"926\">Ph\u1ea7n tay ng\u1eafn mang l\u1ea1i c\u1ea3m gi\u00e1c tho\u1ea3i m\u00e1i v\u00e0 d\u1ec5 m\u1eb7c trong nhi\u1ec1u ho\u00e0n c\u1ea3nh. Trong khi \u0111\u00f3, chi ti\u1ebft ph\u1ed1i t\u00e0 bung l\u00e0 \u0111i\u1ec3m nh\u1ea5n n\u1ed5i b\u1eadt, gi\u00fap trang ph\u1ee5c th\u00eam ph\u1ea7n n\u1eef t\u00ednh v\u00e0 m\u1ec1m m\u1ea1i.<\/p>\n<p data-start=\"928\" data-end=\"1036\">Ngo\u00e0i ra, d\u00e1ng v\u00e1y x\u00f2e nh\u1eb9 gi\u00fap ng\u01b0\u1eddi m\u1eb7c di chuy\u1ec3n d\u1ec5 d\u00e0ng. V\u00ec v\u1eady, s\u1ea3n ph\u1ea9m ph\u00f9 h\u1ee3p c\u1ea3 \u0111i l\u00e0m l\u1eabn \u0111i ch\u01a1i.<\/p>\n<h2 data-section-id=\"103ci14\" data-start=\"1043\" data-end=\"1057\">Ch\u1ea5t li\u1ec7u<\/h2>\n<p data-start=\"1058\" data-end=\"1182\">S\u1ea3n ph\u1ea9m s\u1eed d\u1ee5ng ch\u1ea5t li\u1ec7u v\u1ea3i m\u1ec1m nh\u1eb9, c\u00f3 \u0111\u1ed9 r\u1ee7 t\u1ef1 nhi\u00ean. Do \u0111\u00f3, trang ph\u1ee5c lu\u00f4n gi\u1eef \u0111\u01b0\u1ee3c s\u1ef1 tho\u1ea3i m\u00e1i trong su\u1ed1t ng\u00e0y d\u00e0i.<\/p>\n<p data-start=\"1184\" data-end=\"1304\">H\u01a1n n\u1eefa, ch\u1ea5t li\u1ec7u gi\u00fap t\u00e0 v\u00e1y bung nh\u1eb9 \u0111\u1eb9p m\u1eaft khi di chuy\u1ec3n. V\u00ec v\u1eady, t\u1ed5ng th\u1ec3 lu\u00f4n gi\u1eef \u0111\u01b0\u1ee3c s\u1ef1 thanh tho\u00e1t v\u00e0 tinh t\u1ebf.<\/p>\n<p data-start=\"1306\" data-end=\"1385\">B\u00ean c\u1ea1nh \u0111\u00f3, v\u1ea3i \u00edt nh\u0103n n\u00ean gi\u00fap ng\u01b0\u1eddi m\u1eb7c lu\u00f4n ch\u1ec9n chu trong m\u1ecdi t\u00ecnh hu\u1ed1ng.<\/p>\n<h2 data-section-id=\"dc1tlj\" data-start=\"1392\" data-end=\"1410\">G\u1ee3i \u00fd ph\u1ed1i \u0111\u1ed3<\/h2>\n<p data-start=\"1411\" data-end=\"1568\">\u0110\u1ea7m d\u00e1ng A tay ng\u1eafn ph\u1ed1i t\u00e0 bung r\u1ea5t d\u1ec5 \u1ee9ng d\u1ee5ng trong nhi\u1ec1u phong c\u00e1ch kh\u00e1c nhau. V\u00ed d\u1ee5, b\u1ea1n c\u00f3 th\u1ec3 ph\u1ed1i c\u00f9ng gi\u00e0y cao g\u00f3t \u0111\u1ec3 t\u0103ng v\u1ebb thanh l\u1ecbch khi \u0111i l\u00e0m.<\/p>\n<p data-start=\"1570\" data-end=\"1724\">Ngo\u00e0i ra, khi k\u1ebft h\u1ee3p v\u1edbi gi\u00e0y b\u00fap b\u00ea ho\u1eb7c mary jane, t\u1ed5ng th\u1ec3 s\u1ebd tr\u1edf n\u00ean n\u1eef t\u00ednh h\u01a1n. Trong khi \u0111\u00f3, sneaker tr\u1eafng gi\u00fap outfit tr\u1ebb trung v\u00e0 n\u0103ng \u0111\u1ed9ng h\u01a1n.<\/p>\n<p data-start=\"1726\" data-end=\"1827\">N\u1ebfu mu\u1ed1n n\u1ed5i b\u1eadt h\u01a1n, b\u1ea1n c\u00f3 th\u1ec3 th\u00eam t\u00fai mini ho\u1eb7c ph\u1ee5 ki\u1ec7n t\u1ed1i gi\u1ea3n \u0111\u1ec3 gi\u1eef s\u1ef1 tinh t\u1ebf cho t\u1ed5ng th\u1ec3.<\/p>\n<h2 data-section-id=\"op80jt\" data-start=\"1834\" data-end=\"1857\">H\u01b0\u1edbng d\u1eabn b\u1ea3o qu\u1ea3n<\/h2>\n<p data-start=\"1858\" data-end=\"1971\">Tr\u01b0\u1edbc h\u1ebft, n\u00ean gi\u1eb7t nh\u1eb9 b\u1eb1ng tay ho\u1eb7c ch\u1ebf \u0111\u1ed9 gi\u1eb7t nh\u1eb9 \u0111\u1ec3 gi\u1eef form d\u00e1ng. \u0110\u1ed3ng th\u1eddi, tr\u00e1nh ng\u00e2m qu\u00e1 l\u00e2u trong n\u01b0\u1edbc.<\/p>\n<p data-start=\"1973\" data-end=\"2058\">Sau \u0111\u00f3, h\u00e3y ph\u01a1i \u1edf n\u01a1i tho\u00e1ng m\u00e1t v\u00e0 tr\u00e1nh \u00e1nh n\u1eafng tr\u1ef1c ti\u1ebfp \u0111\u1ec3 gi\u1eef m\u00e0u v\u1ea3i b\u1ec1n l\u00e2u.<\/p>\n<p data-start=\"2060\" data-end=\"2145\">Cu\u1ed1i c\u00f9ng, n\u1ebfu c\u1ea7n, c\u00f3 th\u1ec3 l\u00e0\/\u1ee7i \u1edf nhi\u1ec7t \u0111\u1ed9 th\u1ea5p \u0111\u1ec3 gi\u1eef b\u1ec1 m\u1eb7t v\u1ea3i lu\u00f4n ph\u1eb3ng v\u00e0 \u0111\u1eb9p.<\/p>\n","protected":false},"excerpt":{"rendered":"<p>\u0110\u1ea7m d\u00e1ng A tay ng\u1eafn ph\u1ed1i t\u00e0 bung \u2013 thanh l\u1ecbch, bay b\u1ed5ng v\u00e0 n\u1eef t\u00ednh C\u1ea3m h\u1ee9ng thi\u1ebft k\u1ebf \u0110\u1ea7m d\u00e1ng A tay ng\u1eafn ph\u1ed1i t\u00e0 bung \u0111\u01b0\u1ee3c l\u1ea5y c\u1ea3m h\u1ee9ng t\u1eeb s\u1ef1 m\u1ec1m m\u1ea1i v\u00e0 t\u1ef1 do trong chuy\u1ec3n \u0111\u1ed9ng. \u0110\u1ed3ng th\u1eddi, thi\u1ebft k\u1ebf h\u01b0\u1edbng \u0111\u1ebfn h\u00ecnh \u1ea3nh ng\u01b0\u1eddi ph\u1ee5 n\u1eef hi\u1ec7n \u0111\u1ea1i, [&#8230;]\n","protected":false},"featured_media":1562,"comment_status":"open","ping_status":"closed","template":"","meta":[],"product_brand":[],"product_cat":[17,18,27],"product_tag":[29,43],"class_list":{"0":"post-1552","1":"product","2":"type-product","3":"status-publish","4":"has-post-thumbnail","6":"product_cat-sap-ra-mat","7":"product_cat-dam","8":"product_cat-nien-y","9":"product_tag-dam","10":"product_tag-nien-y","12":"first","13":"instock","14":"sale","15":"shipping-taxable","16":"purchasable","17":"product-type-variable"},"yoast_head":"<!-- This site is optimized with the Yoast SEO plugin v27.1.1 - https:\/\/yoast.com\/product\/yoast-seo-wordpress\/ -->\n<title>\u0110\u1ea7m d\u00e1ng A tay ng\u1eafn ph\u1ed1i t\u00e0 bung - LIVIA store<\/title>\n<meta name=\"description\" content=\"\u0110\u1ea7m d\u00e1ng A tay ng\u1eafn ph\u1ed1i t\u00e0 bung thanh l\u1ecbch, n\u1eef t\u00ednh, nh\u1eb9 nh\u00e0ng. Ph\u00f9 h\u1ee3p \u0111i l\u00e0m, d\u1ea1o ph\u1ed1 v\u00e0 h\u1eb9n h\u00f2 phong c\u00e1ch hi\u1ec7n \u0111\u1ea1i.\" \/>\n<meta name=\"robots\" content=\"index, follow, max-snippet:-1, max-image-preview:large, max-video-preview:-1\" \/>\n<link rel=\"canonical\" href=\"https:\/\/livia.azdigi.shop\/?product=dam-dang-a-tay-ngan-phoi-ta-bung\" \/>\n<meta property=\"og:locale\" content=\"en_US\" \/>\n<meta property=\"og:type\" content=\"article\" \/>\n<meta property=\"og:title\" content=\"\u0110\u1ea7m d\u00e1ng A tay ng\u1eafn ph\u1ed1i t\u00e0 bung - LIVIA store\" \/>\n<meta property=\"og:description\" content=\"\u0110\u1ea7m d\u00e1ng A tay ng\u1eafn ph\u1ed1i t\u00e0 bung thanh l\u1ecbch, n\u1eef t\u00ednh, nh\u1eb9 nh\u00e0ng. Ph\u00f9 h\u1ee3p \u0111i l\u00e0m, d\u1ea1o ph\u1ed1 v\u00e0 h\u1eb9n h\u00f2 phong c\u00e1ch hi\u1ec7n \u0111\u1ea1i.\" \/>\n<meta property=\"og:url\" content=\"https:\/\/livia.azdigi.shop\/?product=dam-dang-a-tay-ngan-phoi-ta-bung\" \/>\n<meta property=\"og:site_name\" content=\"LIVIA store\" \/>\n<meta property=\"article:modified_time\" content=\"2026-04-19T15:52:59+00:00\" \/>\n<meta property=\"og:image\" content=\"https:\/\/livia.azdigi.shop\/wp-content\/uploads\/2026\/04\/z7742711419747_c61d01586c0fd1e97bbcfef5a8862f4a.jpg\" \/>\n\t<meta property=\"og:image:width\" content=\"1708\" \/>\n\t<meta property=\"og:image:height\" content=\"2502\" \/>\n\t<meta property=\"og:image:type\" content=\"image\/jpeg\" \/>\n<meta name=\"twitter:card\" content=\"summary_large_image\" \/>\n<meta name=\"twitter:label1\" content=\"Est. reading time\" \/>\n\t<meta name=\"twitter:data1\" content=\"3 minutes\" \/>\n<script type=\"application\/ld+json\" class=\"yoast-schema-graph\">{\"@context\":\"https:\/\/schema.org\",\"@graph\":[{\"@type\":\"WebPage\",\"@id\":\"https:\/\/livia.azdigi.shop\/?product=dam-dang-a-tay-ngan-phoi-ta-bung\",\"url\":\"https:\/\/livia.azdigi.shop\/?product=dam-dang-a-tay-ngan-phoi-ta-bung\",\"name\":\"\u0110\u1ea7m d\u00e1ng A tay ng\u1eafn ph\u1ed1i t\u00e0 bung - LIVIA store\",\"isPartOf\":{\"@id\":\"https:\/\/livia.azdigi.shop\/#website\"},\"primaryImageOfPage\":{\"@id\":\"https:\/\/livia.azdigi.shop\/?product=dam-dang-a-tay-ngan-phoi-ta-bung#primaryimage\"},\"image\":{\"@id\":\"https:\/\/livia.azdigi.shop\/?product=dam-dang-a-tay-ngan-phoi-ta-bung#primaryimage\"},\"thumbnailUrl\":\"https:\/\/livia.azdigi.shop\/wp-content\/uploads\/2026\/04\/z7742711419747_c61d01586c0fd1e97bbcfef5a8862f4a.jpg\",\"datePublished\":\"2026-04-19T15:52:21+00:00\",\"dateModified\":\"2026-04-19T15:52:59+00:00\",\"description\":\"\u0110\u1ea7m d\u00e1ng A tay ng\u1eafn ph\u1ed1i t\u00e0 bung thanh l\u1ecbch, n\u1eef t\u00ednh, nh\u1eb9 nh\u00e0ng. Ph\u00f9 h\u1ee3p \u0111i l\u00e0m, d\u1ea1o ph\u1ed1 v\u00e0 h\u1eb9n h\u00f2 phong c\u00e1ch hi\u1ec7n \u0111\u1ea1i.\",\"breadcrumb\":{\"@id\":\"https:\/\/livia.azdigi.shop\/?product=dam-dang-a-tay-ngan-phoi-ta-bung#breadcrumb\"},\"inLanguage\":\"en-US\",\"potentialAction\":[{\"@type\":\"ReadAction\",\"target\":[\"https:\/\/livia.azdigi.shop\/?product=dam-dang-a-tay-ngan-phoi-ta-bung\"]}]},{\"@type\":\"ImageObject\",\"inLanguage\":\"en-US\",\"@id\":\"https:\/\/livia.azdigi.shop\/?product=dam-dang-a-tay-ngan-phoi-ta-bung#primaryimage\",\"url\":\"https:\/\/livia.azdigi.shop\/wp-content\/uploads\/2026\/04\/z7742711419747_c61d01586c0fd1e97bbcfef5a8862f4a.jpg\",\"contentUrl\":\"https:\/\/livia.azdigi.shop\/wp-content\/uploads\/2026\/04\/z7742711419747_c61d01586c0fd1e97bbcfef5a8862f4a.jpg\",\"width\":1708,\"height\":2502},{\"@type\":\"BreadcrumbList\",\"@id\":\"https:\/\/livia.azdigi.shop\/?product=dam-dang-a-tay-ngan-phoi-ta-bung#breadcrumb\",\"itemListElement\":[{\"@type\":\"ListItem\",\"position\":1,\"name\":\"Home\",\"item\":\"https:\/\/livia.azdigi.shop\/\"},{\"@type\":\"ListItem\",\"position\":2,\"name\":\"Shop\",\"item\":\"https:\/\/livia.azdigi.shop\/?page_id=45\"},{\"@type\":\"ListItem\",\"position\":3,\"name\":\"\u0110\u1ea7m d\u00e1ng A tay ng\u1eafn ph\u1ed1i t\u00e0 bung\"}]},{\"@type\":\"WebSite\",\"@id\":\"https:\/\/livia.azdigi.shop\/#website\",\"url\":\"https:\/\/livia.azdigi.shop\/\",\"name\":\"livia\",\"description\":\"\",\"publisher\":{\"@id\":\"https:\/\/livia.azdigi.shop\/#organization\"},\"potentialAction\":[{\"@type\":\"SearchAction\",\"target\":{\"@type\":\"EntryPoint\",\"urlTemplate\":\"https:\/\/livia.azdigi.shop\/?s={search_term_string}\"},\"query-input\":{\"@type\":\"PropertyValueSpecification\",\"valueRequired\":true,\"valueName\":\"search_term_string\"}}],\"inLanguage\":\"en-US\"},{\"@type\":\"Organization\",\"@id\":\"https:\/\/livia.azdigi.shop\/#organization\",\"name\":\"thoitrangnu\",\"url\":\"https:\/\/livia.azdigi.shop\/\",\"logo\":{\"@type\":\"ImageObject\",\"inLanguage\":\"en-US\",\"@id\":\"https:\/\/livia.azdigi.shop\/#\/schema\/logo\/image\/\",\"url\":\"https:\/\/livia.azdigi.shop\/wp-content\/uploads\/2026\/03\/Screenshot-2026-03-05-143026.png\",\"contentUrl\":\"https:\/\/livia.azdigi.shop\/wp-content\/uploads\/2026\/03\/Screenshot-2026-03-05-143026.png\",\"width\":438,\"height\":270,\"caption\":\"thoitrangnu\"},\"image\":{\"@id\":\"https:\/\/livia.azdigi.shop\/#\/schema\/logo\/image\/\"}}]}<\/script>\n<!-- \/ Yoast SEO plugin. -->","yoast_head_json":{"title":"\u0110\u1ea7m d\u00e1ng A tay ng\u1eafn ph\u1ed1i t\u00e0 bung - LIVIA store","description":"\u0110\u1ea7m d\u00e1ng A tay ng\u1eafn ph\u1ed1i t\u00e0 bung thanh l\u1ecbch, n\u1eef t\u00ednh, nh\u1eb9 nh\u00e0ng. Ph\u00f9 h\u1ee3p \u0111i l\u00e0m, d\u1ea1o ph\u1ed1 v\u00e0 h\u1eb9n h\u00f2 phong c\u00e1ch hi\u1ec7n \u0111\u1ea1i.","robots":{"index":"index","follow":"follow","max-snippet":"max-snippet:-1","max-image-preview":"max-image-preview:large","max-video-preview":"max-video-preview:-1"},"canonical":"https:\/\/livia.azdigi.shop\/?product=dam-dang-a-tay-ngan-phoi-ta-bung","og_locale":"en_US","og_type":"article","og_title":"\u0110\u1ea7m d\u00e1ng A tay ng\u1eafn ph\u1ed1i t\u00e0 bung - LIVIA store","og_description":"\u0110\u1ea7m d\u00e1ng A tay ng\u1eafn ph\u1ed1i t\u00e0 bung thanh l\u1ecbch, n\u1eef t\u00ednh, nh\u1eb9 nh\u00e0ng. Ph\u00f9 h\u1ee3p \u0111i l\u00e0m, d\u1ea1o ph\u1ed1 v\u00e0 h\u1eb9n h\u00f2 phong c\u00e1ch hi\u1ec7n \u0111\u1ea1i.","og_url":"https:\/\/livia.azdigi.shop\/?product=dam-dang-a-tay-ngan-phoi-ta-bung","og_site_name":"LIVIA store","article_modified_time":"2026-04-19T15:52:59+00:00","og_image":[{"width":1708,"height":2502,"url":"https:\/\/livia.azdigi.shop\/wp-content\/uploads\/2026\/04\/z7742711419747_c61d01586c0fd1e97bbcfef5a8862f4a.jpg","type":"image\/jpeg"}],"twitter_card":"summary_large_image","twitter_misc":{"Est. reading time":"3 minutes"},"schema":{"@context":"https:\/\/schema.org","@graph":[{"@type":"WebPage","@id":"https:\/\/livia.azdigi.shop\/?product=dam-dang-a-tay-ngan-phoi-ta-bung","url":"https:\/\/livia.azdigi.shop\/?product=dam-dang-a-tay-ngan-phoi-ta-bung","name":"\u0110\u1ea7m d\u00e1ng A tay ng\u1eafn ph\u1ed1i t\u00e0 bung - LIVIA store","isPartOf":{"@id":"https:\/\/livia.azdigi.shop\/#website"},"primaryImageOfPage":{"@id":"https:\/\/livia.azdigi.shop\/?product=dam-dang-a-tay-ngan-phoi-ta-bung#primaryimage"},"image":{"@id":"https:\/\/livia.azdigi.shop\/?product=dam-dang-a-tay-ngan-phoi-ta-bung#primaryimage"},"thumbnailUrl":"https:\/\/livia.azdigi.shop\/wp-content\/uploads\/2026\/04\/z7742711419747_c61d01586c0fd1e97bbcfef5a8862f4a.jpg","datePublished":"2026-04-19T15:52:21+00:00","dateModified":"2026-04-19T15:52:59+00:00","description":"\u0110\u1ea7m d\u00e1ng A tay ng\u1eafn ph\u1ed1i t\u00e0 bung thanh l\u1ecbch, n\u1eef t\u00ednh, nh\u1eb9 nh\u00e0ng. Ph\u00f9 h\u1ee3p \u0111i l\u00e0m, d\u1ea1o ph\u1ed1 v\u00e0 h\u1eb9n h\u00f2 phong c\u00e1ch hi\u1ec7n \u0111\u1ea1i.","breadcrumb":{"@id":"https:\/\/livia.azdigi.shop\/?product=dam-dang-a-tay-ngan-phoi-ta-bung#breadcrumb"},"inLanguage":"en-US","potentialAction":[{"@type":"ReadAction","target":["https:\/\/livia.azdigi.shop\/?product=dam-dang-a-tay-ngan-phoi-ta-bung"]}]},{"@type":"ImageObject","inLanguage":"en-US","@id":"https:\/\/livia.azdigi.shop\/?product=dam-dang-a-tay-ngan-phoi-ta-bung#primaryimage","url":"https:\/\/livia.azdigi.shop\/wp-content\/uploads\/2026\/04\/z7742711419747_c61d01586c0fd1e97bbcfef5a8862f4a.jpg","contentUrl":"https:\/\/livia.azdigi.shop\/wp-content\/uploads\/2026\/04\/z7742711419747_c61d01586c0fd1e97bbcfef5a8862f4a.jpg","width":1708,"height":2502},{"@type":"BreadcrumbList","@id":"https:\/\/livia.azdigi.shop\/?product=dam-dang-a-tay-ngan-phoi-ta-bung#breadcrumb","itemListElement":[{"@type":"ListItem","position":1,"name":"Home","item":"https:\/\/livia.azdigi.shop\/"},{"@type":"ListItem","position":2,"name":"Shop","item":"https:\/\/livia.azdigi.shop\/?page_id=45"},{"@type":"ListItem","position":3,"name":"\u0110\u1ea7m d\u00e1ng A tay ng\u1eafn ph\u1ed1i t\u00e0 bung"}]},{"@type":"WebSite","@id":"https:\/\/livia.azdigi.shop\/#website","url":"https:\/\/livia.azdigi.shop\/","name":"livia","description":"","publisher":{"@id":"https:\/\/livia.azdigi.shop\/#organization"},"potentialAction":[{"@type":"SearchAction","target":{"@type":"EntryPoint","urlTemplate":"https:\/\/livia.azdigi.shop\/?s={search_term_string}"},"query-input":{"@type":"PropertyValueSpecification","valueRequired":true,"valueName":"search_term_string"}}],"inLanguage":"en-US"},{"@type":"Organization","@id":"https:\/\/livia.azdigi.shop\/#organization","name":"thoitrangnu","url":"https:\/\/livia.azdigi.shop\/","logo":{"@type":"ImageObject","inLanguage":"en-US","@id":"https:\/\/livia.azdigi.shop\/#\/schema\/logo\/image\/","url":"https:\/\/livia.azdigi.shop\/wp-content\/uploads\/2026\/03\/Screenshot-2026-03-05-143026.png","contentUrl":"https:\/\/livia.azdigi.shop\/wp-content\/uploads\/2026\/03\/Screenshot-2026-03-05-143026.png","width":438,"height":270,"caption":"thoitrangnu"},"image":{"@id":"https:\/\/livia.azdigi.shop\/#\/schema\/logo\/image\/"}}]}},"_links":{"self":[{"href":"https:\/\/livia.azdigi.shop\/index.php?rest_route=\/wp\/v2\/product\/1552","targetHints":{"allow":["GET"]}}],"collection":[{"href":"https:\/\/livia.azdigi.shop\/index.php?rest_route=\/wp\/v2\/product"}],"about":[{"href":"https:\/\/livia.azdigi.shop\/index.php?rest_route=\/wp\/v2\/types\/product"}],"replies":[{"embeddable":true,"href":"https:\/\/livia.azdigi.shop\/index.php?rest_route=%2Fwp%2Fv2%2Fcomments&post=1552"}],"wp:featuredmedia":[{"embeddable":true,"href":"https:\/\/livia.azdigi.shop\/index.php?rest_route=\/wp\/v2\/media\/1562"}],"wp:attachment":[{"href":"https:\/\/livia.azdigi.shop\/index.php?rest_route=%2Fwp%2Fv2%2Fmedia&parent=1552"}],"wp:term":[{"taxonomy":"product_brand","embeddable":true,"href":"https:\/\/livia.azdigi.shop\/index.php?rest_route=%2Fwp%2Fv2%2Fproduct_brand&post=1552"},{"taxonomy":"product_cat","embeddable":true,"href":"https:\/\/livia.azdigi.shop\/index.php?rest_route=%2Fwp%2Fv2%2Fproduct_cat&post=1552"},{"taxonomy":"product_tag","embeddable":true,"href":"https:\/\/livia.azdigi.shop\/index.php?rest_route=%2Fwp%2Fv2%2Fproduct_tag&post=1552"}],"curies":[{"name":"wp","href":"https:\/\/api.w.org\/{rel}","templated":true}]}}