{"id":1527,"date":"2026-04-19T15:30:52","date_gmt":"2026-04-19T15:30:52","guid":{"rendered":"https:\/\/livia.azdigi.shop\/?post_type=product&#038;p=1527"},"modified":"2026-04-19T15:32:01","modified_gmt":"2026-04-19T15:32:01","slug":"dam-thu-dong-dang-a-co-duc-phoi-no","status":"publish","type":"product","link":"https:\/\/livia.azdigi.shop\/?product=dam-thu-dong-dang-a-co-duc-phoi-no","title":{"rendered":"\u0110\u1ea7m Thu \u0110\u00f4ng d\u00e1ng A c\u1ed5 \u0111\u1ee9c ph\u1ed1i n\u01a1"},"content":{"rendered":"<h1 data-section-id=\"1kujl9q\" data-start=\"127\" data-end=\"194\">\u0110\u1ea7m Thu \u0110\u00f4ng d\u00e1ng A c\u1ed5 \u0111\u1ee9c ph\u1ed1i n\u01a1 \u2013 thanh l\u1ecbch, \u1ea5m \u00e1p v\u00e0 n\u1eef t\u00ednh<\/h1>\n<h2 data-section-id=\"vn57je\" data-start=\"196\" data-end=\"218\">C\u1ea3m h\u1ee9ng thi\u1ebft k\u1ebf<\/h2>\n<p data-start=\"219\" data-end=\"434\">\u0110\u1ea7m Thu \u0110\u00f4ng d\u00e1ng A c\u1ed5 \u0111\u1ee9c ph\u1ed1i n\u01a1 \u0111\u01b0\u1ee3c l\u1ea5y c\u1ea3m h\u1ee9ng t\u1eeb v\u1ebb \u0111\u1eb9p nh\u1eb9 nh\u00e0ng v\u00e0 tinh t\u1ebf c\u1ee7a m\u00f9a Thu \u0110\u00f4ng. \u0110\u1ed3ng th\u1eddi, thi\u1ebft k\u1ebf h\u01b0\u1edbng \u0111\u1ebfn h\u00ecnh \u1ea3nh ng\u01b0\u1eddi ph\u1ee5 n\u1eef thanh l\u1ecbch, k\u00edn \u0111\u00e1o nh\u01b0ng v\u1eabn gi\u1eef \u0111\u01b0\u1ee3c s\u1ef1 m\u1ec1m m\u1ea1i v\u00e0 n\u1eef t\u00ednh.<\/p>\n<p data-start=\"436\" data-end=\"578\">B\u00ean c\u1ea1nh \u0111\u00f3, chi ti\u1ebft n\u01a1 c\u1ed5 t\u1ea1o \u0111i\u1ec3m nh\u1ea5n duy\u00ean d\u00e1ng. V\u00ec v\u1eady, t\u1ed5ng th\u1ec3 trang ph\u1ee5c v\u1eeba trang nh\u00e3 v\u1eeba hi\u1ec7n \u0111\u1ea1i, ph\u00f9 h\u1ee3p nhi\u1ec1u \u0111\u1ed9 tu\u1ed5i kh\u00e1c nhau.<\/p>\n<h2 data-section-id=\"2a54pb\" data-start=\"585\" data-end=\"598\">Thi\u1ebft k\u1ebf<\/h2>\n<p data-start=\"599\" data-end=\"743\">\u0110\u1ea7m Thu \u0110\u00f4ng d\u00e1ng A c\u1ed5 \u0111\u1ee9c ph\u1ed1i n\u01a1 s\u1edf h\u1eefu phom d\u00e1ng A-line kinh \u0111i\u1ec3n. Do \u0111\u00f3, trang ph\u1ee5c gi\u00fap che khuy\u1ebft \u0111i\u1ec3m c\u01a1 th\u1ec3 v\u00e0 t\u1ea1o c\u1ea3m gi\u00e1c c\u00e2n \u0111\u1ed1i h\u01a1n.<\/p>\n<p data-start=\"745\" data-end=\"878\">Ph\u1ea7n c\u1ed5 \u0111\u1ee9c mang l\u1ea1i s\u1ef1 l\u1ecbch s\u1ef1 v\u00e0 thanh l\u1ecbch. Trong khi \u0111\u00f3, chi ti\u1ebft n\u01a1 gi\u00fap t\u0103ng th\u00eam n\u00e9t n\u1eef t\u00ednh v\u00e0 m\u1ec1m m\u1ea1i cho t\u1ed5ng th\u1ec3 thi\u1ebft k\u1ebf.<\/p>\n<p data-start=\"880\" data-end=\"991\">Ngo\u00e0i ra, d\u00e1ng v\u00e1y x\u00f2e nh\u1eb9 gi\u00fap ng\u01b0\u1eddi m\u1eb7c d\u1ec5 d\u00e0ng di chuy\u1ec3n. V\u00ec v\u1eady, s\u1ea3n ph\u1ea9m ph\u00f9 h\u1ee3p c\u1ea3 khi \u0111i l\u00e0m v\u00e0 \u0111i ch\u01a1i.<\/p>\n<h2 data-section-id=\"103ci14\" data-start=\"998\" data-end=\"1012\">Ch\u1ea5t li\u1ec7u<\/h2>\n<p data-start=\"1013\" data-end=\"1146\">S\u1ea3n ph\u1ea9m s\u1eed d\u1ee5ng ch\u1ea5t li\u1ec7u v\u1ea3i d\u00e0y v\u1eeba ph\u1ea3i, ph\u00f9 h\u1ee3p th\u1eddi ti\u1ebft Thu \u0110\u00f4ng. Do \u0111\u00f3, ng\u01b0\u1eddi m\u1eb7c lu\u00f4n c\u1ea3m th\u1ea5y \u1ea5m \u00e1p nh\u01b0ng kh\u00f4ng b\u1ecb n\u1eb7ng n\u1ec1.<\/p>\n<p data-start=\"1148\" data-end=\"1252\">H\u01a1n n\u1eefa, ch\u1ea5t li\u1ec7u c\u00f3 \u0111\u1ed9 \u0111\u1ee9ng form t\u1ed1t. V\u00ec v\u1eady, \u0111\u1ea7m lu\u00f4n gi\u1eef \u0111\u01b0\u1ee3c phom d\u00e1ng A-line g\u1ecdn g\u00e0ng v\u00e0 ch\u1ec9n chu.<\/p>\n<p data-start=\"1254\" data-end=\"1337\">B\u00ean c\u1ea1nh \u0111\u00f3, b\u1ec1 m\u1eb7t v\u1ea3i m\u1ec1m m\u1ea1i gi\u00fap t\u0103ng s\u1ef1 tho\u1ea3i m\u00e1i khi m\u1eb7c trong th\u1eddi gian d\u00e0i.<\/p>\n<h2 data-section-id=\"dc1tlj\" data-start=\"1344\" data-end=\"1362\">G\u1ee3i \u00fd ph\u1ed1i \u0111\u1ed3<\/h2>\n<p data-start=\"1363\" data-end=\"1522\">Trang ph\u1ee5c r\u1ea5t d\u1ec5 ph\u1ed1i \u0111\u1ed3 trong nhi\u1ec1u ho\u00e0n c\u1ea3nh kh\u00e1c nhau. V\u00ed d\u1ee5, b\u1ea1n c\u00f3 th\u1ec3 k\u1ebft h\u1ee3p c\u00f9ng gi\u00e0y cao g\u00f3t \u0111\u1ec3 t\u1ea1o v\u1ebb thanh l\u1ecbch khi \u0111i l\u00e0m.<\/p>\n<p data-start=\"1524\" data-end=\"1611\">Ngo\u00e0i ra, khi ph\u1ed1i c\u00f9ng boots c\u1ed5 ng\u1eafn, t\u1ed5ng th\u1ec3 s\u1ebd tr\u1edf n\u00ean hi\u1ec7n \u0111\u1ea1i v\u00e0 th\u1eddi th\u01b0\u1ee3ng h\u01a1n.<\/p>\n<p data-start=\"1613\" data-end=\"1738\">N\u1ebfu mu\u1ed1n nh\u1eb9 nh\u00e0ng h\u01a1n, b\u1ea1n c\u00f3 th\u1ec3 ch\u1ecdn gi\u00e0y b\u00fap b\u00ea ho\u1eb7c mary jane. Trong khi \u0111\u00f3, t\u00fai x\u00e1ch nh\u1ecf s\u1ebd gi\u00fap t\u1ed5ng th\u1ec3 th\u00eam tinh t\u1ebf.<\/p>\n<h2 data-section-id=\"op80jt\" data-start=\"1745\" data-end=\"1768\">H\u01b0\u1edbng d\u1eabn b\u1ea3o qu\u1ea3n<\/h2>\n<p data-start=\"1769\" data-end=\"1882\">Tr\u01b0\u1edbc h\u1ebft, n\u00ean gi\u1eb7t nh\u1eb9 b\u1eb1ng tay ho\u1eb7c ch\u1ebf \u0111\u1ed9 gi\u1eb7t nh\u1eb9 \u0111\u1ec3 gi\u1eef form d\u00e1ng. \u0110\u1ed3ng th\u1eddi, tr\u00e1nh ng\u00e2m qu\u00e1 l\u00e2u trong n\u01b0\u1edbc.<\/p>\n<p data-start=\"1884\" data-end=\"1967\">Sau \u0111\u00f3, h\u00e3y ph\u01a1i \u1edf n\u01a1i tho\u00e1ng m\u00e1t, tr\u00e1nh \u00e1nh n\u1eafng tr\u1ef1c ti\u1ebfp \u0111\u1ec3 gi\u1eef m\u00e0u v\u1ea3i b\u1ec1n \u0111\u1eb9p.<\/p>\n<p data-start=\"1969\" data-end=\"2054\">Cu\u1ed1i c\u00f9ng, n\u1ebfu c\u1ea7n, c\u00f3 th\u1ec3 l\u00e0\/\u1ee7i \u1edf nhi\u1ec7t \u0111\u1ed9 th\u1ea5p \u0111\u1ec3 gi\u1eef b\u1ec1 m\u1eb7t v\u1ea3i lu\u00f4n ph\u1eb3ng v\u00e0 \u0111\u1eb9p.<\/p>\n","protected":false},"excerpt":{"rendered":"<p>\u0110\u1ea7m Thu \u0110\u00f4ng d\u00e1ng A c\u1ed5 \u0111\u1ee9c ph\u1ed1i n\u01a1 \u2013 thanh l\u1ecbch, \u1ea5m \u00e1p v\u00e0 n\u1eef t\u00ednh C\u1ea3m h\u1ee9ng thi\u1ebft k\u1ebf \u0110\u1ea7m Thu \u0110\u00f4ng d\u00e1ng A c\u1ed5 \u0111\u1ee9c ph\u1ed1i n\u01a1 \u0111\u01b0\u1ee3c l\u1ea5y c\u1ea3m h\u1ee9ng t\u1eeb v\u1ebb \u0111\u1eb9p nh\u1eb9 nh\u00e0ng v\u00e0 tinh t\u1ebf c\u1ee7a m\u00f9a Thu \u0110\u00f4ng. \u0110\u1ed3ng th\u1eddi, thi\u1ebft k\u1ebf h\u01b0\u1edbng \u0111\u1ebfn h\u00ecnh \u1ea3nh ng\u01b0\u1eddi [&#8230;]\n","protected":false},"featured_media":1531,"comment_status":"open","ping_status":"closed","template":"","meta":[],"product_brand":[],"product_cat":[17,18,25],"product_tag":[29,39,40],"class_list":{"0":"post-1527","1":"product","2":"type-product","3":"status-publish","4":"has-post-thumbnail","6":"product_cat-sap-ra-mat","7":"product_cat-dam","8":"product_cat-manh-ky-uc","9":"product_tag-dam","10":"product_tag-no","11":"product_tag-thu-dong","13":"first","14":"instock","15":"sale","16":"shipping-taxable","17":"purchasable","18":"product-type-variable"},"yoast_head":"<!-- This site is optimized with the Yoast SEO plugin v27.1.1 - https:\/\/yoast.com\/product\/yoast-seo-wordpress\/ -->\n<title>\u0110\u1ea7m Thu \u0110\u00f4ng d\u00e1ng A c\u1ed5 \u0111\u1ee9c ph\u1ed1i n\u01a1 - LIVIA store<\/title>\n<meta name=\"description\" content=\"\u0110\u1ea7m thu \u0111\u00f4ng d\u00e1ng A c\u1ed5 \u0111\u1ee9c ph\u1ed1i n\u01a1 thanh l\u1ecbch, \u1ea5m \u00e1p, n\u1eef t\u00ednh. Ph\u00f9 h\u1ee3p \u0111i l\u00e0m, d\u1ea1o ph\u1ed1 v\u00e0 d\u1ef1 ti\u1ec7c nh\u1eb9 m\u00f9a thu \u0111\u00f4ng.\" \/>\n<meta name=\"robots\" content=\"index, follow, max-snippet:-1, max-image-preview:large, max-video-preview:-1\" \/>\n<link rel=\"canonical\" href=\"https:\/\/livia.azdigi.shop\/?product=dam-thu-dong-dang-a-co-duc-phoi-no\" \/>\n<meta property=\"og:locale\" content=\"en_US\" \/>\n<meta property=\"og:type\" content=\"article\" \/>\n<meta property=\"og:title\" content=\"\u0110\u1ea7m Thu \u0110\u00f4ng d\u00e1ng A c\u1ed5 \u0111\u1ee9c ph\u1ed1i n\u01a1 - LIVIA store\" \/>\n<meta property=\"og:description\" content=\"\u0110\u1ea7m thu \u0111\u00f4ng d\u00e1ng A c\u1ed5 \u0111\u1ee9c ph\u1ed1i n\u01a1 thanh l\u1ecbch, \u1ea5m \u00e1p, n\u1eef t\u00ednh. Ph\u00f9 h\u1ee3p \u0111i l\u00e0m, d\u1ea1o ph\u1ed1 v\u00e0 d\u1ef1 ti\u1ec7c nh\u1eb9 m\u00f9a thu \u0111\u00f4ng.\" \/>\n<meta property=\"og:url\" content=\"https:\/\/livia.azdigi.shop\/?product=dam-thu-dong-dang-a-co-duc-phoi-no\" \/>\n<meta property=\"og:site_name\" content=\"LIVIA store\" \/>\n<meta property=\"article:modified_time\" content=\"2026-04-19T15:32:01+00:00\" \/>\n<meta property=\"og:image\" content=\"https:\/\/livia.azdigi.shop\/wp-content\/uploads\/2026\/04\/z7742625215476_3cbdb187d08a8d296f30263ecb7b8673.jpg\" \/>\n\t<meta property=\"og:image:width\" content=\"1708\" \/>\n\t<meta property=\"og:image:height\" content=\"2488\" \/>\n\t<meta property=\"og:image:type\" content=\"image\/jpeg\" \/>\n<meta name=\"twitter:card\" content=\"summary_large_image\" \/>\n<meta name=\"twitter:label1\" content=\"Est. reading time\" \/>\n\t<meta name=\"twitter:data1\" content=\"3 minutes\" \/>\n<script type=\"application\/ld+json\" class=\"yoast-schema-graph\">{\"@context\":\"https:\/\/schema.org\",\"@graph\":[{\"@type\":\"WebPage\",\"@id\":\"https:\/\/livia.azdigi.shop\/?product=dam-thu-dong-dang-a-co-duc-phoi-no\",\"url\":\"https:\/\/livia.azdigi.shop\/?product=dam-thu-dong-dang-a-co-duc-phoi-no\",\"name\":\"\u0110\u1ea7m Thu \u0110\u00f4ng d\u00e1ng A c\u1ed5 \u0111\u1ee9c ph\u1ed1i n\u01a1 - LIVIA store\",\"isPartOf\":{\"@id\":\"https:\/\/livia.azdigi.shop\/#website\"},\"primaryImageOfPage\":{\"@id\":\"https:\/\/livia.azdigi.shop\/?product=dam-thu-dong-dang-a-co-duc-phoi-no#primaryimage\"},\"image\":{\"@id\":\"https:\/\/livia.azdigi.shop\/?product=dam-thu-dong-dang-a-co-duc-phoi-no#primaryimage\"},\"thumbnailUrl\":\"https:\/\/livia.azdigi.shop\/wp-content\/uploads\/2026\/04\/z7742625215476_3cbdb187d08a8d296f30263ecb7b8673.jpg\",\"datePublished\":\"2026-04-19T15:30:52+00:00\",\"dateModified\":\"2026-04-19T15:32:01+00:00\",\"description\":\"\u0110\u1ea7m thu \u0111\u00f4ng d\u00e1ng A c\u1ed5 \u0111\u1ee9c ph\u1ed1i n\u01a1 thanh l\u1ecbch, \u1ea5m \u00e1p, n\u1eef t\u00ednh. Ph\u00f9 h\u1ee3p \u0111i l\u00e0m, d\u1ea1o ph\u1ed1 v\u00e0 d\u1ef1 ti\u1ec7c nh\u1eb9 m\u00f9a thu \u0111\u00f4ng.\",\"breadcrumb\":{\"@id\":\"https:\/\/livia.azdigi.shop\/?product=dam-thu-dong-dang-a-co-duc-phoi-no#breadcrumb\"},\"inLanguage\":\"en-US\",\"potentialAction\":[{\"@type\":\"ReadAction\",\"target\":[\"https:\/\/livia.azdigi.shop\/?product=dam-thu-dong-dang-a-co-duc-phoi-no\"]}]},{\"@type\":\"ImageObject\",\"inLanguage\":\"en-US\",\"@id\":\"https:\/\/livia.azdigi.shop\/?product=dam-thu-dong-dang-a-co-duc-phoi-no#primaryimage\",\"url\":\"https:\/\/livia.azdigi.shop\/wp-content\/uploads\/2026\/04\/z7742625215476_3cbdb187d08a8d296f30263ecb7b8673.jpg\",\"contentUrl\":\"https:\/\/livia.azdigi.shop\/wp-content\/uploads\/2026\/04\/z7742625215476_3cbdb187d08a8d296f30263ecb7b8673.jpg\",\"width\":1708,\"height\":2488},{\"@type\":\"BreadcrumbList\",\"@id\":\"https:\/\/livia.azdigi.shop\/?product=dam-thu-dong-dang-a-co-duc-phoi-no#breadcrumb\",\"itemListElement\":[{\"@type\":\"ListItem\",\"position\":1,\"name\":\"Home\",\"item\":\"https:\/\/livia.azdigi.shop\/\"},{\"@type\":\"ListItem\",\"position\":2,\"name\":\"Shop\",\"item\":\"https:\/\/livia.azdigi.shop\/?page_id=45\"},{\"@type\":\"ListItem\",\"position\":3,\"name\":\"\u0110\u1ea7m Thu \u0110\u00f4ng d\u00e1ng A c\u1ed5 \u0111\u1ee9c ph\u1ed1i n\u01a1\"}]},{\"@type\":\"WebSite\",\"@id\":\"https:\/\/livia.azdigi.shop\/#website\",\"url\":\"https:\/\/livia.azdigi.shop\/\",\"name\":\"livia\",\"description\":\"\",\"publisher\":{\"@id\":\"https:\/\/livia.azdigi.shop\/#organization\"},\"potentialAction\":[{\"@type\":\"SearchAction\",\"target\":{\"@type\":\"EntryPoint\",\"urlTemplate\":\"https:\/\/livia.azdigi.shop\/?s={search_term_string}\"},\"query-input\":{\"@type\":\"PropertyValueSpecification\",\"valueRequired\":true,\"valueName\":\"search_term_string\"}}],\"inLanguage\":\"en-US\"},{\"@type\":\"Organization\",\"@id\":\"https:\/\/livia.azdigi.shop\/#organization\",\"name\":\"thoitrangnu\",\"url\":\"https:\/\/livia.azdigi.shop\/\",\"logo\":{\"@type\":\"ImageObject\",\"inLanguage\":\"en-US\",\"@id\":\"https:\/\/livia.azdigi.shop\/#\/schema\/logo\/image\/\",\"url\":\"https:\/\/livia.azdigi.shop\/wp-content\/uploads\/2026\/03\/Screenshot-2026-03-05-143026.png\",\"contentUrl\":\"https:\/\/livia.azdigi.shop\/wp-content\/uploads\/2026\/03\/Screenshot-2026-03-05-143026.png\",\"width\":438,\"height\":270,\"caption\":\"thoitrangnu\"},\"image\":{\"@id\":\"https:\/\/livia.azdigi.shop\/#\/schema\/logo\/image\/\"}}]}<\/script>\n<!-- \/ Yoast SEO plugin. -->","yoast_head_json":{"title":"\u0110\u1ea7m Thu \u0110\u00f4ng d\u00e1ng A c\u1ed5 \u0111\u1ee9c ph\u1ed1i n\u01a1 - LIVIA store","description":"\u0110\u1ea7m thu \u0111\u00f4ng d\u00e1ng A c\u1ed5 \u0111\u1ee9c ph\u1ed1i n\u01a1 thanh l\u1ecbch, \u1ea5m \u00e1p, n\u1eef t\u00ednh. Ph\u00f9 h\u1ee3p \u0111i l\u00e0m, d\u1ea1o ph\u1ed1 v\u00e0 d\u1ef1 ti\u1ec7c nh\u1eb9 m\u00f9a thu \u0111\u00f4ng.","robots":{"index":"index","follow":"follow","max-snippet":"max-snippet:-1","max-image-preview":"max-image-preview:large","max-video-preview":"max-video-preview:-1"},"canonical":"https:\/\/livia.azdigi.shop\/?product=dam-thu-dong-dang-a-co-duc-phoi-no","og_locale":"en_US","og_type":"article","og_title":"\u0110\u1ea7m Thu \u0110\u00f4ng d\u00e1ng A c\u1ed5 \u0111\u1ee9c ph\u1ed1i n\u01a1 - LIVIA store","og_description":"\u0110\u1ea7m thu \u0111\u00f4ng d\u00e1ng A c\u1ed5 \u0111\u1ee9c ph\u1ed1i n\u01a1 thanh l\u1ecbch, \u1ea5m \u00e1p, n\u1eef t\u00ednh. Ph\u00f9 h\u1ee3p \u0111i l\u00e0m, d\u1ea1o ph\u1ed1 v\u00e0 d\u1ef1 ti\u1ec7c nh\u1eb9 m\u00f9a thu \u0111\u00f4ng.","og_url":"https:\/\/livia.azdigi.shop\/?product=dam-thu-dong-dang-a-co-duc-phoi-no","og_site_name":"LIVIA store","article_modified_time":"2026-04-19T15:32:01+00:00","og_image":[{"width":1708,"height":2488,"url":"https:\/\/livia.azdigi.shop\/wp-content\/uploads\/2026\/04\/z7742625215476_3cbdb187d08a8d296f30263ecb7b8673.jpg","type":"image\/jpeg"}],"twitter_card":"summary_large_image","twitter_misc":{"Est. reading time":"3 minutes"},"schema":{"@context":"https:\/\/schema.org","@graph":[{"@type":"WebPage","@id":"https:\/\/livia.azdigi.shop\/?product=dam-thu-dong-dang-a-co-duc-phoi-no","url":"https:\/\/livia.azdigi.shop\/?product=dam-thu-dong-dang-a-co-duc-phoi-no","name":"\u0110\u1ea7m Thu \u0110\u00f4ng d\u00e1ng A c\u1ed5 \u0111\u1ee9c ph\u1ed1i n\u01a1 - LIVIA store","isPartOf":{"@id":"https:\/\/livia.azdigi.shop\/#website"},"primaryImageOfPage":{"@id":"https:\/\/livia.azdigi.shop\/?product=dam-thu-dong-dang-a-co-duc-phoi-no#primaryimage"},"image":{"@id":"https:\/\/livia.azdigi.shop\/?product=dam-thu-dong-dang-a-co-duc-phoi-no#primaryimage"},"thumbnailUrl":"https:\/\/livia.azdigi.shop\/wp-content\/uploads\/2026\/04\/z7742625215476_3cbdb187d08a8d296f30263ecb7b8673.jpg","datePublished":"2026-04-19T15:30:52+00:00","dateModified":"2026-04-19T15:32:01+00:00","description":"\u0110\u1ea7m thu \u0111\u00f4ng d\u00e1ng A c\u1ed5 \u0111\u1ee9c ph\u1ed1i n\u01a1 thanh l\u1ecbch, \u1ea5m \u00e1p, n\u1eef t\u00ednh. Ph\u00f9 h\u1ee3p \u0111i l\u00e0m, d\u1ea1o ph\u1ed1 v\u00e0 d\u1ef1 ti\u1ec7c nh\u1eb9 m\u00f9a thu \u0111\u00f4ng.","breadcrumb":{"@id":"https:\/\/livia.azdigi.shop\/?product=dam-thu-dong-dang-a-co-duc-phoi-no#breadcrumb"},"inLanguage":"en-US","potentialAction":[{"@type":"ReadAction","target":["https:\/\/livia.azdigi.shop\/?product=dam-thu-dong-dang-a-co-duc-phoi-no"]}]},{"@type":"ImageObject","inLanguage":"en-US","@id":"https:\/\/livia.azdigi.shop\/?product=dam-thu-dong-dang-a-co-duc-phoi-no#primaryimage","url":"https:\/\/livia.azdigi.shop\/wp-content\/uploads\/2026\/04\/z7742625215476_3cbdb187d08a8d296f30263ecb7b8673.jpg","contentUrl":"https:\/\/livia.azdigi.shop\/wp-content\/uploads\/2026\/04\/z7742625215476_3cbdb187d08a8d296f30263ecb7b8673.jpg","width":1708,"height":2488},{"@type":"BreadcrumbList","@id":"https:\/\/livia.azdigi.shop\/?product=dam-thu-dong-dang-a-co-duc-phoi-no#breadcrumb","itemListElement":[{"@type":"ListItem","position":1,"name":"Home","item":"https:\/\/livia.azdigi.shop\/"},{"@type":"ListItem","position":2,"name":"Shop","item":"https:\/\/livia.azdigi.shop\/?page_id=45"},{"@type":"ListItem","position":3,"name":"\u0110\u1ea7m Thu \u0110\u00f4ng d\u00e1ng A c\u1ed5 \u0111\u1ee9c ph\u1ed1i n\u01a1"}]},{"@type":"WebSite","@id":"https:\/\/livia.azdigi.shop\/#website","url":"https:\/\/livia.azdigi.shop\/","name":"livia","description":"","publisher":{"@id":"https:\/\/livia.azdigi.shop\/#organization"},"potentialAction":[{"@type":"SearchAction","target":{"@type":"EntryPoint","urlTemplate":"https:\/\/livia.azdigi.shop\/?s={search_term_string}"},"query-input":{"@type":"PropertyValueSpecification","valueRequired":true,"valueName":"search_term_string"}}],"inLanguage":"en-US"},{"@type":"Organization","@id":"https:\/\/livia.azdigi.shop\/#organization","name":"thoitrangnu","url":"https:\/\/livia.azdigi.shop\/","logo":{"@type":"ImageObject","inLanguage":"en-US","@id":"https:\/\/livia.azdigi.shop\/#\/schema\/logo\/image\/","url":"https:\/\/livia.azdigi.shop\/wp-content\/uploads\/2026\/03\/Screenshot-2026-03-05-143026.png","contentUrl":"https:\/\/livia.azdigi.shop\/wp-content\/uploads\/2026\/03\/Screenshot-2026-03-05-143026.png","width":438,"height":270,"caption":"thoitrangnu"},"image":{"@id":"https:\/\/livia.azdigi.shop\/#\/schema\/logo\/image\/"}}]}},"_links":{"self":[{"href":"https:\/\/livia.azdigi.shop\/index.php?rest_route=\/wp\/v2\/product\/1527","targetHints":{"allow":["GET"]}}],"collection":[{"href":"https:\/\/livia.azdigi.shop\/index.php?rest_route=\/wp\/v2\/product"}],"about":[{"href":"https:\/\/livia.azdigi.shop\/index.php?rest_route=\/wp\/v2\/types\/product"}],"replies":[{"embeddable":true,"href":"https:\/\/livia.azdigi.shop\/index.php?rest_route=%2Fwp%2Fv2%2Fcomments&post=1527"}],"wp:featuredmedia":[{"embeddable":true,"href":"https:\/\/livia.azdigi.shop\/index.php?rest_route=\/wp\/v2\/media\/1531"}],"wp:attachment":[{"href":"https:\/\/livia.azdigi.shop\/index.php?rest_route=%2Fwp%2Fv2%2Fmedia&parent=1527"}],"wp:term":[{"taxonomy":"product_brand","embeddable":true,"href":"https:\/\/livia.azdigi.shop\/index.php?rest_route=%2Fwp%2Fv2%2Fproduct_brand&post=1527"},{"taxonomy":"product_cat","embeddable":true,"href":"https:\/\/livia.azdigi.shop\/index.php?rest_route=%2Fwp%2Fv2%2Fproduct_cat&post=1527"},{"taxonomy":"product_tag","embeddable":true,"href":"https:\/\/livia.azdigi.shop\/index.php?rest_route=%2Fwp%2Fv2%2Fproduct_tag&post=1527"}],"curies":[{"name":"wp","href":"https:\/\/api.w.org\/{rel}","templated":true}]}}