{"id":1515,"date":"2026-04-19T15:20:23","date_gmt":"2026-04-19T15:20:23","guid":{"rendered":"https:\/\/livia.azdigi.shop\/?post_type=product&#038;p=1515"},"modified":"2026-04-19T15:20:23","modified_gmt":"2026-04-19T15:20:23","slug":"quan-xuan-he-dang-ngan","status":"publish","type":"product","link":"https:\/\/livia.azdigi.shop\/?product=quan-xuan-he-dang-ngan","title":{"rendered":"Qu\u1ea7n Xu\u00e2n H\u00e8 d\u00e1ng ng\u1eafn"},"content":{"rendered":"<h1 data-section-id=\"1g118q3\" data-start=\"198\" data-end=\"259\">Qu\u1ea7n xu\u00e2n h\u00e8 d\u00e1ng ng\u1eafn \u2013 tr\u1ebb trung, tho\u1ea3i m\u00e1i v\u00e0 thanh l\u1ecbch<\/h1>\n<h2 data-section-id=\"vn57je\" data-start=\"261\" data-end=\"283\">C\u1ea3m h\u1ee9ng thi\u1ebft k\u1ebf<\/h2>\n<p data-start=\"284\" data-end=\"452\">Qu\u1ea7n xu\u00e2n h\u00e8 d\u00e1ng ng\u1eafn \u0111\u01b0\u1ee3c l\u1ea5y c\u1ea3m h\u1ee9ng t\u1eeb tinh th\u1ea7n n\u0103ng \u0111\u1ed9ng c\u1ee7a m\u00f9a Xu\u00e2n H\u00e8. \u0110\u1ed3ng th\u1eddi, thi\u1ebft k\u1ebf h\u01b0\u1edbng \u0111\u1ebfn s\u1ef1 tho\u1ea3i m\u00e1i nh\u01b0ng v\u1eabn gi\u1eef \u0111\u01b0\u1ee3c n\u00e9t thanh l\u1ecbch c\u1ea7n thi\u1ebft.<\/p>\n<p data-start=\"454\" data-end=\"618\">B\u00ean c\u1ea1nh \u0111\u00f3, s\u1ea3n ph\u1ea9m t\u1eadp trung v\u00e0o t\u00ednh \u1ee9ng d\u1ee5ng cao trong \u0111\u1eddi s\u1ed1ng h\u1eb1ng ng\u00e0y. V\u00ec v\u1eady, chi\u1ebfc qu\u1ea7n ph\u00f9 h\u1ee3p v\u1edbi nhi\u1ec1u phong c\u00e1ch kh\u00e1c nhau, t\u1eeb n\u1eef t\u00ednh \u0111\u1ebfn n\u0103ng \u0111\u1ed9ng.<\/p>\n<h2 data-section-id=\"2a54pb\" data-start=\"625\" data-end=\"638\">Thi\u1ebft k\u1ebf<\/h2>\n<p data-start=\"639\" data-end=\"796\">Qu\u1ea7n xu\u00e2n h\u00e8 d\u00e1ng ng\u1eafn c\u00f3 phom d\u00e1ng g\u1ecdn g\u00e0ng, gi\u00fap t\u00f4n ch\u00e2n v\u00e0 t\u1ea1o c\u1ea3m gi\u00e1c tr\u1ebb trung. \u0110\u1ed3ng th\u1eddi, thi\u1ebft k\u1ebf \u0111\u01b0\u1ee3c t\u1ed1i gi\u1ea3n \u0111\u1ec3 d\u1ec5 ph\u1ed1i \u0111\u1ed3 trong nhi\u1ec1u ho\u00e0n c\u1ea3nh.<\/p>\n<p data-start=\"798\" data-end=\"933\">Ph\u1ea7n c\u1ea1p qu\u1ea7n \u0111\u01b0\u1ee3c x\u1eed l\u00fd ch\u1eafc ch\u1eafn, gi\u00fap \u00f4m v\u1eeba v\u1eb7n c\u01a1 th\u1ec3. Ngo\u00e0i ra, \u0111\u01b0\u1eddng c\u1eaft may tinh t\u1ebf gi\u00fap t\u1ed5ng th\u1ec3 tr\u1edf n\u00ean ch\u1ec9n chu v\u00e0 hi\u1ec7n \u0111\u1ea1i.<\/p>\n<p data-start=\"935\" data-end=\"1003\">V\u00ec v\u1eady, ng\u01b0\u1eddi m\u1eb7c c\u00f3 th\u1ec3 d\u1ec5 d\u00e0ng s\u1eed d\u1ee5ng trong c\u1ea3 \u0111i l\u00e0m v\u00e0 \u0111i ch\u01a1i.<\/p>\n<h2 data-section-id=\"103ci14\" data-start=\"1010\" data-end=\"1024\">Ch\u1ea5t li\u1ec7u<\/h2>\n<p data-start=\"1025\" data-end=\"1155\">S\u1ea3n ph\u1ea9m s\u1eed d\u1ee5ng ch\u1ea5t li\u1ec7u v\u1ea3i nh\u1eb9, tho\u00e1ng kh\u00ed v\u00e0 c\u00f3 \u0111\u1ed9 co gi\u00e3n nh\u1eb9. Do \u0111\u00f3, ng\u01b0\u1eddi m\u1eb7c lu\u00f4n c\u1ea3m th\u1ea5y tho\u1ea3i m\u00e1i trong su\u1ed1t ng\u00e0y d\u00e0i.<\/p>\n<p data-start=\"1157\" data-end=\"1255\">H\u01a1n n\u1eefa, ch\u1ea5t li\u1ec7u c\u00f3 kh\u1ea3 n\u0103ng gi\u1eef form t\u1ed1t. V\u00ec v\u1eady, qu\u1ea7n lu\u00f4n gi\u1eef \u0111\u01b0\u1ee3c d\u00e1ng g\u1ecdn g\u00e0ng khi s\u1eed d\u1ee5ng.<\/p>\n<p data-start=\"1257\" data-end=\"1331\">B\u00ean c\u1ea1nh \u0111\u00f3, v\u1ea3i \u00edt nh\u0103n n\u00ean r\u1ea5t ti\u1ec7n l\u1ee3i trong qu\u00e1 tr\u00ecnh m\u1eb7c v\u00e0 b\u1ea3o qu\u1ea3n.<\/p>\n<h2 data-section-id=\"dc1tlj\" data-start=\"1338\" data-end=\"1356\">G\u1ee3i \u00fd ph\u1ed1i \u0111\u1ed3<\/h2>\n<p data-start=\"1357\" data-end=\"1497\">Qu\u1ea7n xu\u00e2n h\u00e8 d\u00e1ng ng\u1eafn r\u1ea5t d\u1ec5 ph\u1ed1i \u0111\u1ed3 trong nhi\u1ec1u ho\u00e0n c\u1ea3nh kh\u00e1c nhau. V\u00ed d\u1ee5, b\u1ea1n c\u00f3 th\u1ec3 k\u1ebft h\u1ee3p c\u00f9ng \u00e1o s\u01a1 mi \u0111\u1ec3 t\u1ea1o phong c\u00e1ch thanh l\u1ecbch.<\/p>\n<p data-start=\"1499\" data-end=\"1591\">Ngo\u00e0i ra, khi ph\u1ed1i v\u1edbi \u00e1o thun ho\u1eb7c croptop, t\u1ed5ng th\u1ec3 s\u1ebd tr\u1edf n\u00ean tr\u1ebb trung v\u00e0 n\u0103ng \u0111\u1ed9ng h\u01a1n.<\/p>\n<p data-start=\"1593\" data-end=\"1737\">N\u1ebfu mu\u1ed1n tinh t\u1ebf h\u01a1n, b\u1ea1n c\u00f3 th\u1ec3 k\u1ebft h\u1ee3p c\u00f9ng \u00e1o blouse v\u00e0 gi\u00e0y cao g\u00f3t. Trong khi \u0111\u00f3, sneaker tr\u1eafng s\u1ebd mang l\u1ea1i v\u1ebb ngo\u00e0i tho\u1ea3i m\u00e1i v\u00e0 hi\u1ec7n \u0111\u1ea1i.<\/p>\n<h2 data-section-id=\"op80jt\" data-start=\"1744\" data-end=\"1767\">H\u01b0\u1edbng d\u1eabn b\u1ea3o qu\u1ea3n<\/h2>\n<p data-start=\"1768\" data-end=\"1882\">Tr\u01b0\u1edbc h\u1ebft, n\u00ean gi\u1eb7t qu\u1ea7n b\u1eb1ng tay ho\u1eb7c ch\u1ebf \u0111\u1ed9 gi\u1eb7t nh\u1eb9 \u0111\u1ec3 gi\u1eef form d\u00e1ng. \u0110\u1ed3ng th\u1eddi, tr\u00e1nh ng\u00e2m qu\u00e1 l\u00e2u trong n\u01b0\u1edbc.<\/p>\n<p data-start=\"1884\" data-end=\"1981\">Sau \u0111\u00f3, h\u00e3y ph\u01a1i \u1edf n\u01a1i tho\u00e1ng m\u00e1t v\u00e0 tr\u00e1nh \u00e1nh n\u1eafng tr\u1ef1c ti\u1ebfp. \u0110i\u1ec1u n\u00e0y gi\u00fap gi\u1eef m\u00e0u v\u1ea3i b\u1ec1n h\u01a1n.<\/p>\n<p data-start=\"1983\" data-end=\"2066\">Cu\u1ed1i c\u00f9ng, n\u1ebfu c\u1ea7n, c\u00f3 th\u1ec3 \u1ee7i \u1edf nhi\u1ec7t \u0111\u1ed9 th\u1ea5p \u0111\u1ec3 \u0111\u1ea3m b\u1ea3o b\u1ec1 m\u1eb7t v\u1ea3i lu\u00f4n ph\u1eb3ng \u0111\u1eb9p.<\/p>\n","protected":false},"excerpt":{"rendered":"<p>Qu\u1ea7n xu\u00e2n h\u00e8 d\u00e1ng ng\u1eafn \u2013 tr\u1ebb trung, tho\u1ea3i m\u00e1i v\u00e0 thanh l\u1ecbch C\u1ea3m h\u1ee9ng thi\u1ebft k\u1ebf Qu\u1ea7n xu\u00e2n h\u00e8 d\u00e1ng ng\u1eafn \u0111\u01b0\u1ee3c l\u1ea5y c\u1ea3m h\u1ee9ng t\u1eeb tinh th\u1ea7n n\u0103ng \u0111\u1ed9ng c\u1ee7a m\u00f9a Xu\u00e2n H\u00e8. \u0110\u1ed3ng th\u1eddi, thi\u1ebft k\u1ebf h\u01b0\u1edbng \u0111\u1ebfn s\u1ef1 tho\u1ea3i m\u00e1i nh\u01b0ng v\u1eabn gi\u1eef \u0111\u01b0\u1ee3c n\u00e9t thanh l\u1ecbch c\u1ea7n thi\u1ebft. B\u00ean c\u1ea1nh [&#8230;]\n","protected":false},"featured_media":1516,"comment_status":"open","ping_status":"closed","template":"","meta":[],"product_brand":[],"product_cat":[20,24],"product_tag":[37,36,38],"class_list":{"0":"post-1515","1":"product","2":"type-product","3":"status-publish","4":"has-post-thumbnail","6":"product_cat-quan","7":"product_cat-yeu-va-duoc-yeu","8":"product_tag-ngan","9":"product_tag-quan","10":"product_tag-xuan-he","12":"first","13":"instock","14":"sale","15":"shipping-taxable","16":"purchasable","17":"product-type-variable"},"yoast_head":"<!-- This site is optimized with the Yoast SEO plugin v27.1.1 - https:\/\/yoast.com\/product\/yoast-seo-wordpress\/ -->\n<title>Qu\u1ea7n Xu\u00e2n H\u00e8 d\u00e1ng ng\u1eafn - LIVIA store<\/title>\n<meta name=\"description\" content=\"Qu\u1ea7n xu\u00e2n h\u00e8 d\u00e1ng ng\u1eafn tr\u1ebb trung, tho\u1ea3i m\u00e1i, d\u1ec5 ph\u1ed1i \u0111\u1ed3. Ph\u00f9 h\u1ee3p \u0111i l\u00e0m, \u0111i ch\u01a1i v\u00e0 d\u1ea1o ph\u1ed1 m\u00f9a h\u00e8.\" \/>\n<meta name=\"robots\" content=\"index, follow, max-snippet:-1, max-image-preview:large, max-video-preview:-1\" \/>\n<link rel=\"canonical\" href=\"https:\/\/livia.azdigi.shop\/?product=quan-xuan-he-dang-ngan\" \/>\n<meta property=\"og:locale\" content=\"en_US\" \/>\n<meta property=\"og:type\" content=\"article\" \/>\n<meta property=\"og:title\" content=\"Qu\u1ea7n Xu\u00e2n H\u00e8 d\u00e1ng ng\u1eafn - LIVIA store\" \/>\n<meta property=\"og:description\" content=\"Qu\u1ea7n xu\u00e2n h\u00e8 d\u00e1ng ng\u1eafn tr\u1ebb trung, tho\u1ea3i m\u00e1i, d\u1ec5 ph\u1ed1i \u0111\u1ed3. Ph\u00f9 h\u1ee3p \u0111i l\u00e0m, \u0111i ch\u01a1i v\u00e0 d\u1ea1o ph\u1ed1 m\u00f9a h\u00e8.\" \/>\n<meta property=\"og:url\" content=\"https:\/\/livia.azdigi.shop\/?product=quan-xuan-he-dang-ngan\" \/>\n<meta property=\"og:site_name\" content=\"LIVIA store\" \/>\n<meta property=\"og:image\" content=\"https:\/\/livia.azdigi.shop\/wp-content\/uploads\/2026\/04\/z7742605996300_3dc15c9fbf874366750d228e753a9433.jpg\" \/>\n\t<meta property=\"og:image:width\" content=\"1708\" \/>\n\t<meta property=\"og:image:height\" content=\"2496\" \/>\n\t<meta property=\"og:image:type\" content=\"image\/jpeg\" \/>\n<meta name=\"twitter:card\" content=\"summary_large_image\" \/>\n<meta name=\"twitter:label1\" content=\"Est. reading time\" \/>\n\t<meta name=\"twitter:data1\" content=\"2 minutes\" \/>\n<script type=\"application\/ld+json\" class=\"yoast-schema-graph\">{\"@context\":\"https:\/\/schema.org\",\"@graph\":[{\"@type\":\"WebPage\",\"@id\":\"https:\/\/livia.azdigi.shop\/?product=quan-xuan-he-dang-ngan\",\"url\":\"https:\/\/livia.azdigi.shop\/?product=quan-xuan-he-dang-ngan\",\"name\":\"Qu\u1ea7n Xu\u00e2n H\u00e8 d\u00e1ng ng\u1eafn - LIVIA store\",\"isPartOf\":{\"@id\":\"https:\/\/livia.azdigi.shop\/#website\"},\"primaryImageOfPage\":{\"@id\":\"https:\/\/livia.azdigi.shop\/?product=quan-xuan-he-dang-ngan#primaryimage\"},\"image\":{\"@id\":\"https:\/\/livia.azdigi.shop\/?product=quan-xuan-he-dang-ngan#primaryimage\"},\"thumbnailUrl\":\"https:\/\/livia.azdigi.shop\/wp-content\/uploads\/2026\/04\/z7742605996300_3dc15c9fbf874366750d228e753a9433.jpg\",\"datePublished\":\"2026-04-19T15:20:23+00:00\",\"description\":\"Qu\u1ea7n xu\u00e2n h\u00e8 d\u00e1ng ng\u1eafn tr\u1ebb trung, tho\u1ea3i m\u00e1i, d\u1ec5 ph\u1ed1i \u0111\u1ed3. Ph\u00f9 h\u1ee3p \u0111i l\u00e0m, \u0111i ch\u01a1i v\u00e0 d\u1ea1o ph\u1ed1 m\u00f9a h\u00e8.\",\"breadcrumb\":{\"@id\":\"https:\/\/livia.azdigi.shop\/?product=quan-xuan-he-dang-ngan#breadcrumb\"},\"inLanguage\":\"en-US\",\"potentialAction\":[{\"@type\":\"ReadAction\",\"target\":[\"https:\/\/livia.azdigi.shop\/?product=quan-xuan-he-dang-ngan\"]}]},{\"@type\":\"ImageObject\",\"inLanguage\":\"en-US\",\"@id\":\"https:\/\/livia.azdigi.shop\/?product=quan-xuan-he-dang-ngan#primaryimage\",\"url\":\"https:\/\/livia.azdigi.shop\/wp-content\/uploads\/2026\/04\/z7742605996300_3dc15c9fbf874366750d228e753a9433.jpg\",\"contentUrl\":\"https:\/\/livia.azdigi.shop\/wp-content\/uploads\/2026\/04\/z7742605996300_3dc15c9fbf874366750d228e753a9433.jpg\",\"width\":1708,\"height\":2496},{\"@type\":\"BreadcrumbList\",\"@id\":\"https:\/\/livia.azdigi.shop\/?product=quan-xuan-he-dang-ngan#breadcrumb\",\"itemListElement\":[{\"@type\":\"ListItem\",\"position\":1,\"name\":\"Home\",\"item\":\"https:\/\/livia.azdigi.shop\/\"},{\"@type\":\"ListItem\",\"position\":2,\"name\":\"Shop\",\"item\":\"https:\/\/livia.azdigi.shop\/?page_id=45\"},{\"@type\":\"ListItem\",\"position\":3,\"name\":\"Qu\u1ea7n Xu\u00e2n H\u00e8 d\u00e1ng ng\u1eafn\"}]},{\"@type\":\"WebSite\",\"@id\":\"https:\/\/livia.azdigi.shop\/#website\",\"url\":\"https:\/\/livia.azdigi.shop\/\",\"name\":\"livia\",\"description\":\"\",\"publisher\":{\"@id\":\"https:\/\/livia.azdigi.shop\/#organization\"},\"potentialAction\":[{\"@type\":\"SearchAction\",\"target\":{\"@type\":\"EntryPoint\",\"urlTemplate\":\"https:\/\/livia.azdigi.shop\/?s={search_term_string}\"},\"query-input\":{\"@type\":\"PropertyValueSpecification\",\"valueRequired\":true,\"valueName\":\"search_term_string\"}}],\"inLanguage\":\"en-US\"},{\"@type\":\"Organization\",\"@id\":\"https:\/\/livia.azdigi.shop\/#organization\",\"name\":\"thoitrangnu\",\"url\":\"https:\/\/livia.azdigi.shop\/\",\"logo\":{\"@type\":\"ImageObject\",\"inLanguage\":\"en-US\",\"@id\":\"https:\/\/livia.azdigi.shop\/#\/schema\/logo\/image\/\",\"url\":\"https:\/\/livia.azdigi.shop\/wp-content\/uploads\/2026\/03\/Screenshot-2026-03-05-143026.png\",\"contentUrl\":\"https:\/\/livia.azdigi.shop\/wp-content\/uploads\/2026\/03\/Screenshot-2026-03-05-143026.png\",\"width\":438,\"height\":270,\"caption\":\"thoitrangnu\"},\"image\":{\"@id\":\"https:\/\/livia.azdigi.shop\/#\/schema\/logo\/image\/\"}}]}<\/script>\n<!-- \/ Yoast SEO plugin. -->","yoast_head_json":{"title":"Qu\u1ea7n Xu\u00e2n H\u00e8 d\u00e1ng ng\u1eafn - LIVIA store","description":"Qu\u1ea7n xu\u00e2n h\u00e8 d\u00e1ng ng\u1eafn tr\u1ebb trung, tho\u1ea3i m\u00e1i, d\u1ec5 ph\u1ed1i \u0111\u1ed3. Ph\u00f9 h\u1ee3p \u0111i l\u00e0m, \u0111i ch\u01a1i v\u00e0 d\u1ea1o ph\u1ed1 m\u00f9a h\u00e8.","robots":{"index":"index","follow":"follow","max-snippet":"max-snippet:-1","max-image-preview":"max-image-preview:large","max-video-preview":"max-video-preview:-1"},"canonical":"https:\/\/livia.azdigi.shop\/?product=quan-xuan-he-dang-ngan","og_locale":"en_US","og_type":"article","og_title":"Qu\u1ea7n Xu\u00e2n H\u00e8 d\u00e1ng ng\u1eafn - LIVIA store","og_description":"Qu\u1ea7n xu\u00e2n h\u00e8 d\u00e1ng ng\u1eafn tr\u1ebb trung, tho\u1ea3i m\u00e1i, d\u1ec5 ph\u1ed1i \u0111\u1ed3. Ph\u00f9 h\u1ee3p \u0111i l\u00e0m, \u0111i ch\u01a1i v\u00e0 d\u1ea1o ph\u1ed1 m\u00f9a h\u00e8.","og_url":"https:\/\/livia.azdigi.shop\/?product=quan-xuan-he-dang-ngan","og_site_name":"LIVIA store","og_image":[{"width":1708,"height":2496,"url":"https:\/\/livia.azdigi.shop\/wp-content\/uploads\/2026\/04\/z7742605996300_3dc15c9fbf874366750d228e753a9433.jpg","type":"image\/jpeg"}],"twitter_card":"summary_large_image","twitter_misc":{"Est. reading time":"2 minutes"},"schema":{"@context":"https:\/\/schema.org","@graph":[{"@type":"WebPage","@id":"https:\/\/livia.azdigi.shop\/?product=quan-xuan-he-dang-ngan","url":"https:\/\/livia.azdigi.shop\/?product=quan-xuan-he-dang-ngan","name":"Qu\u1ea7n Xu\u00e2n H\u00e8 d\u00e1ng ng\u1eafn - LIVIA store","isPartOf":{"@id":"https:\/\/livia.azdigi.shop\/#website"},"primaryImageOfPage":{"@id":"https:\/\/livia.azdigi.shop\/?product=quan-xuan-he-dang-ngan#primaryimage"},"image":{"@id":"https:\/\/livia.azdigi.shop\/?product=quan-xuan-he-dang-ngan#primaryimage"},"thumbnailUrl":"https:\/\/livia.azdigi.shop\/wp-content\/uploads\/2026\/04\/z7742605996300_3dc15c9fbf874366750d228e753a9433.jpg","datePublished":"2026-04-19T15:20:23+00:00","description":"Qu\u1ea7n xu\u00e2n h\u00e8 d\u00e1ng ng\u1eafn tr\u1ebb trung, tho\u1ea3i m\u00e1i, d\u1ec5 ph\u1ed1i \u0111\u1ed3. Ph\u00f9 h\u1ee3p \u0111i l\u00e0m, \u0111i ch\u01a1i v\u00e0 d\u1ea1o ph\u1ed1 m\u00f9a h\u00e8.","breadcrumb":{"@id":"https:\/\/livia.azdigi.shop\/?product=quan-xuan-he-dang-ngan#breadcrumb"},"inLanguage":"en-US","potentialAction":[{"@type":"ReadAction","target":["https:\/\/livia.azdigi.shop\/?product=quan-xuan-he-dang-ngan"]}]},{"@type":"ImageObject","inLanguage":"en-US","@id":"https:\/\/livia.azdigi.shop\/?product=quan-xuan-he-dang-ngan#primaryimage","url":"https:\/\/livia.azdigi.shop\/wp-content\/uploads\/2026\/04\/z7742605996300_3dc15c9fbf874366750d228e753a9433.jpg","contentUrl":"https:\/\/livia.azdigi.shop\/wp-content\/uploads\/2026\/04\/z7742605996300_3dc15c9fbf874366750d228e753a9433.jpg","width":1708,"height":2496},{"@type":"BreadcrumbList","@id":"https:\/\/livia.azdigi.shop\/?product=quan-xuan-he-dang-ngan#breadcrumb","itemListElement":[{"@type":"ListItem","position":1,"name":"Home","item":"https:\/\/livia.azdigi.shop\/"},{"@type":"ListItem","position":2,"name":"Shop","item":"https:\/\/livia.azdigi.shop\/?page_id=45"},{"@type":"ListItem","position":3,"name":"Qu\u1ea7n Xu\u00e2n H\u00e8 d\u00e1ng ng\u1eafn"}]},{"@type":"WebSite","@id":"https:\/\/livia.azdigi.shop\/#website","url":"https:\/\/livia.azdigi.shop\/","name":"livia","description":"","publisher":{"@id":"https:\/\/livia.azdigi.shop\/#organization"},"potentialAction":[{"@type":"SearchAction","target":{"@type":"EntryPoint","urlTemplate":"https:\/\/livia.azdigi.shop\/?s={search_term_string}"},"query-input":{"@type":"PropertyValueSpecification","valueRequired":true,"valueName":"search_term_string"}}],"inLanguage":"en-US"},{"@type":"Organization","@id":"https:\/\/livia.azdigi.shop\/#organization","name":"thoitrangnu","url":"https:\/\/livia.azdigi.shop\/","logo":{"@type":"ImageObject","inLanguage":"en-US","@id":"https:\/\/livia.azdigi.shop\/#\/schema\/logo\/image\/","url":"https:\/\/livia.azdigi.shop\/wp-content\/uploads\/2026\/03\/Screenshot-2026-03-05-143026.png","contentUrl":"https:\/\/livia.azdigi.shop\/wp-content\/uploads\/2026\/03\/Screenshot-2026-03-05-143026.png","width":438,"height":270,"caption":"thoitrangnu"},"image":{"@id":"https:\/\/livia.azdigi.shop\/#\/schema\/logo\/image\/"}}]}},"_links":{"self":[{"href":"https:\/\/livia.azdigi.shop\/index.php?rest_route=\/wp\/v2\/product\/1515","targetHints":{"allow":["GET"]}}],"collection":[{"href":"https:\/\/livia.azdigi.shop\/index.php?rest_route=\/wp\/v2\/product"}],"about":[{"href":"https:\/\/livia.azdigi.shop\/index.php?rest_route=\/wp\/v2\/types\/product"}],"replies":[{"embeddable":true,"href":"https:\/\/livia.azdigi.shop\/index.php?rest_route=%2Fwp%2Fv2%2Fcomments&post=1515"}],"wp:featuredmedia":[{"embeddable":true,"href":"https:\/\/livia.azdigi.shop\/index.php?rest_route=\/wp\/v2\/media\/1516"}],"wp:attachment":[{"href":"https:\/\/livia.azdigi.shop\/index.php?rest_route=%2Fwp%2Fv2%2Fmedia&parent=1515"}],"wp:term":[{"taxonomy":"product_brand","embeddable":true,"href":"https:\/\/livia.azdigi.shop\/index.php?rest_route=%2Fwp%2Fv2%2Fproduct_brand&post=1515"},{"taxonomy":"product_cat","embeddable":true,"href":"https:\/\/livia.azdigi.shop\/index.php?rest_route=%2Fwp%2Fv2%2Fproduct_cat&post=1515"},{"taxonomy":"product_tag","embeddable":true,"href":"https:\/\/livia.azdigi.shop\/index.php?rest_route=%2Fwp%2Fv2%2Fproduct_tag&post=1515"}],"curies":[{"name":"wp","href":"https:\/\/api.w.org\/{rel}","templated":true}]}}