{"id":1055,"date":"2026-03-16T11:17:14","date_gmt":"2026-03-16T11:17:14","guid":{"rendered":"https:\/\/livia.azdigi.shop\/?page_id=1055"},"modified":"2026-04-17T17:29:53","modified_gmt":"2026-04-17T17:29:53","slug":"bo-suu-tap-cham-dong","status":"publish","type":"page","link":"https:\/\/livia.azdigi.shop\/?page_id=1055","title":{"rendered":"CH\u1ea0M \u0110\u00d4NG"},"content":{"rendered":"\n<h2 class=\"wp-block-heading\">B\u1ed8 S\u01afU T\u1eacP CH\u1ea0M \u0110\u00d4NG \u2013 PHONG C\u00c1CH M\u00d9A \u0110\u00d4NG TINH T\u1ebe<\/h2>\n\n\n\n<p>BST CH\u1ea0M \u0110\u00d4NG mang \u0111\u1ebfn c\u1ea3m gi\u00e1c d\u1ecbu d\u00e0ng c\u1ee7a m\u00f9a l\u1ea1nh, khi kh\u00f4ng kh\u00ed tr\u1edf n\u00ean y\u00ean t\u0129nh v\u00e0 nh\u1eb9 nh\u00e0ng h\u01a1n. \u0110\u00e2y l\u00e0 th\u1eddi \u0111i\u1ec3m l\u00fd t\u01b0\u1edfng \u0111\u1ec3 phong c\u00e1ch th\u1eddi trang h\u01b0\u1edbng \u0111\u1ebfn s\u1ef1 \u1ea5m \u00e1p nh\u01b0ng v\u1eabn gi\u1eef \u0111\u01b0\u1ee3c n\u00e9t thanh l\u1ecbch.<\/p>\n\n\n\n<p>L\u1ea5y c\u1ea3m h\u1ee9ng t\u1eeb nh\u1eefng ng\u00e0y \u0111\u1ea7u \u0111\u00f4ng, BST CH\u1ea0M \u0110\u00d4NG t\u1eadp trung v\u00e0o s\u1ef1 t\u1ed1i gi\u1ea3n v\u00e0 tinh t\u1ebf. Nh\u1edd \u0111\u00f3, m\u1ed7i thi\u1ebft k\u1ebf kh\u00f4ng ch\u1ec9 \u0111\u1eb9p m\u00e0 c\u00f2n d\u1ec5 \u1ee9ng d\u1ee5ng trong cu\u1ed9c s\u1ed1ng h\u1eb1ng ng\u00e0y.<\/p>\n\n\n\n<p><strong>PHONG C\u00c1CH THI\u1ebeT K\u1ebe CH\u1ea0M \u0110\u00d4NG<\/strong><\/p>\n\n\n\n<p>\u0110i\u1ec3m n\u1ed5i b\u1eadt c\u1ee7a BST CH\u1ea0M \u0110\u00d4NG n\u1eb1m \u1edf phom d\u00e1ng thanh l\u1ecbch v\u00e0 \u0111\u01b0\u1eddng c\u1eaft m\u1ec1m m\u1ea1i. C\u00e1c thi\u1ebft k\u1ebf \u0111\u01b0\u1ee3c ch\u0103m ch\u00fat k\u1ef9 l\u01b0\u1ee1ng nh\u1eb1m t\u00f4n l\u00ean v\u1ebb n\u1eef t\u00ednh m\u00e0 kh\u00f4ng qu\u00e1 c\u1ea7u k\u1ef3.<\/p>\n\n\n\n<p>H\u01a1n n\u1eefa, phong c\u00e1ch t\u1ed1i gi\u1ea3n gi\u00fap trang ph\u1ee5c tr\u1edf n\u00ean d\u1ec5 m\u1eb7c v\u00e0 ph\u00f9 h\u1ee3p v\u1edbi nhi\u1ec1u ho\u00e0n c\u1ea3nh kh\u00e1c nhau. V\u00ec v\u1eady, ng\u01b0\u1eddi m\u1eb7c lu\u00f4n c\u1ea3m th\u1ea5y t\u1ef1 tin v\u00e0 tho\u1ea3i m\u00e1i.<\/p>\n\n\n\n<h2 class=\"wp-block-heading\">\ud83d\udc49 Check gi\u00e1 s\u1ea3n ph\u1ea9m: <a href=\"https:\/\/livia.azdigi.shop\/?product_cat=cham-dong\" type=\"link\" id=\"https:\/\/livia.azdigi.shop\/?product_cat=cham-dong\">T\u1ea0I \u0110\u00c2Y<\/a><\/h2>\n\n\n\n<h2 class=\"wp-block-heading\">\ud83d\udc49Fanpage: <a href=\"https:\/\/www.facebook.com\/profile.php?id=61581730348708\" type=\"link\" id=\"https:\/\/www.facebook.com\/profile.php?id=61581730348708\">T\u1ea0I \u0110\u00c2Y<\/a><\/h2>\n\n\n\n<div class=\"wp-block-columns is-layout-flex wp-container-core-columns-is-layout-9d6595d7 wp-block-columns-is-layout-flex\">\n<div class=\"wp-block-column is-layout-flow wp-block-column-is-layout-flow\">\n<figure class=\"wp-block-image size-large\"><img loading=\"lazy\" decoding=\"async\" width=\"683\" height=\"1024\" src=\"https:\/\/livia.azdigi.shop\/wp-content\/uploads\/2026\/04\/20251231_1GeNukRY-683x1024.jpeg\" alt=\"\" class=\"wp-image-1374\" srcset=\"https:\/\/livia.azdigi.shop\/wp-content\/uploads\/2026\/04\/20251231_1GeNukRY-683x1024.jpeg 683w, https:\/\/livia.azdigi.shop\/wp-content\/uploads\/2026\/04\/20251231_1GeNukRY-200x300.jpeg 200w, https:\/\/livia.azdigi.shop\/wp-content\/uploads\/2026\/04\/20251231_1GeNukRY-768x1152.jpeg 768w, https:\/\/livia.azdigi.shop\/wp-content\/uploads\/2026\/04\/20251231_1GeNukRY-1024x1536.jpeg 1024w, https:\/\/livia.azdigi.shop\/wp-content\/uploads\/2026\/04\/20251231_1GeNukRY-1365x2048.jpeg 1365w, https:\/\/livia.azdigi.shop\/wp-content\/uploads\/2026\/04\/20251231_1GeNukRY-600x900.jpeg 600w, https:\/\/livia.azdigi.shop\/wp-content\/uploads\/2026\/04\/20251231_1GeNukRY-scaled.jpeg 1707w\" sizes=\"auto, (max-width: 683px) 100vw, 683px\" \/><\/figure>\n<\/div>\n\n\n\n<div class=\"wp-block-column is-layout-flow wp-block-column-is-layout-flow\">\n<figure class=\"wp-block-image size-large\"><img loading=\"lazy\" decoding=\"async\" width=\"682\" height=\"1024\" src=\"https:\/\/livia.azdigi.shop\/wp-content\/uploads\/2026\/03\/20251031_Tl5GjzUo-682x1024.jpeg\" alt=\"\" class=\"wp-image-105\" srcset=\"https:\/\/livia.azdigi.shop\/wp-content\/uploads\/2026\/03\/20251031_Tl5GjzUo-682x1024.jpeg 682w, https:\/\/livia.azdigi.shop\/wp-content\/uploads\/2026\/03\/20251031_Tl5GjzUo-200x300.jpeg 200w, https:\/\/livia.azdigi.shop\/wp-content\/uploads\/2026\/03\/20251031_Tl5GjzUo-768x1153.jpeg 768w, https:\/\/livia.azdigi.shop\/wp-content\/uploads\/2026\/03\/20251031_Tl5GjzUo-1023x1536.jpeg 1023w, https:\/\/livia.azdigi.shop\/wp-content\/uploads\/2026\/03\/20251031_Tl5GjzUo-600x900.jpeg 600w, https:\/\/livia.azdigi.shop\/wp-content\/uploads\/2026\/03\/20251031_Tl5GjzUo.jpeg 1296w\" sizes=\"auto, (max-width: 682px) 100vw, 682px\" \/><\/figure>\n<\/div>\n<\/div>\n\n\n\n<div class=\"row\"  id=\"row-1738887012\">\n\n\n\t<div id=\"col-1020881132\" class=\"col medium-4 small-12 large-4\"  >\n\t\t\t\t<div class=\"col-inner\"  >\n\t\t\t\n\t\t\t\n\n\t<div class=\"img has-hover x md-x lg-x y md-y lg-y\" id=\"image_1769217558\">\n\t\t\t\t\t\t\t\t<div class=\"img-inner dark\" >\n\t\t\t\t\t\t\t\t\t\n\t\t\t\t\t<\/div>\n\t\t\t\t\t\t\t\t\n<style>\n#image_1769217558 {\n  width: 100%;\n}\n<\/style>\n\t<\/div>\n\t\n\n\n\t\t<\/div>\n\t\t\t\t\t<\/div>\n\n\t\n\n\t<div id=\"col-1551575577\" class=\"col medium-4 small-12 large-4\"  >\n\t\t\t\t<div class=\"col-inner\"  >\n\t\t\t\n\t\t\t\n\n\t<div class=\"img has-hover x md-x lg-x y md-y lg-y\" id=\"image_1506709615\">\n\t\t\t\t\t\t\t\t<div class=\"img-inner dark\" >\n\t\t\t\t\t\t\t\t\t\n\t\t\t\t\t<\/div>\n\t\t\t\t\t\t\t\t\n<style>\n#image_1506709615 {\n  width: 100%;\n}\n<\/style>\n\t<\/div>\n\t\n\n\n\t\t<\/div>\n\t\t\t\t\t<\/div>\n\n\t\n\n\t<div id=\"col-1587832953\" class=\"col medium-4 small-12 large-4\"  >\n\t\t\t\t<div class=\"col-inner\"  >\n\t\t\t\n\t\t\t\n\n\t<div class=\"img has-hover x md-x lg-x y md-y lg-y\" id=\"image_302994423\">\n\t\t\t\t\t\t\t\t<div class=\"img-inner dark\" >\n\t\t\t\t\t\t\t\t\t\n\t\t\t\t\t<\/div>\n\t\t\t\t\t\t\t\t\n<style>\n#image_302994423 {\n  width: 100%;\n}\n<\/style>\n\t<\/div>\n\t\n\n\n\t\t<\/div>\n\t\t\t\t\t<\/div>\n\n\t\n\n\t<div id=\"col-1187296992\" class=\"col medium-4 small-12 large-4\"  >\n\t\t\t\t<div class=\"col-inner\"  >\n\t\t\t\n\t\t\t\n\n\t<div class=\"img has-hover x md-x lg-x y md-y lg-y\" id=\"image_2146450932\">\n\t\t\t\t\t\t\t\t<div class=\"img-inner dark\" >\n\t\t\t\t\t\t\t\t\t\n\t\t\t\t\t<\/div>\n\t\t\t\t\t\t\t\t\n<style>\n#image_2146450932 {\n  width: 100%;\n}\n<\/style>\n\t<\/div>\n\t\n\n\n\t\t<\/div>\n\t\t\t\t\t<\/div>\n\n\t\n\n\t<div id=\"col-988723759\" class=\"col medium-4 small-12 large-4\"  >\n\t\t\t\t<div class=\"col-inner\"  >\n\t\t\t\n\t\t\t\n\n\t<div class=\"img has-hover x md-x lg-x y md-y lg-y\" id=\"image_1073092681\">\n\t\t\t\t\t\t\t\t<div class=\"img-inner dark\" >\n\t\t\t\t\t\t\t\t\t\n\t\t\t\t\t<\/div>\n\t\t\t\t\t\t\t\t\n<style>\n#image_1073092681 {\n  width: 100%;\n}\n<\/style>\n\t<\/div>\n\t\n\n\n\t\t<\/div>\n\t\t\t\t\t<\/div>\n\n\t\n\n\t<div id=\"col-1302497643\" class=\"col medium-4 small-12 large-4\"  >\n\t\t\t\t<div class=\"col-inner\"  >\n\t\t\t\n\t\t\t\n\n\t<div class=\"img has-hover x md-x lg-x y md-y lg-y\" id=\"image_794740748\">\n\t\t\t\t\t\t\t\t<div class=\"img-inner dark\" >\n\t\t\t\t\t\t\t\t\t\n\t\t\t\t\t<\/div>\n\t\t\t\t\t\t\t\t\n<style>\n#image_794740748 {\n  width: 100%;\n}\n<\/style>\n\t<\/div>\n\t\n\n\n\t\t<\/div>\n\t\t\t\t\t<\/div>\n\n\t\n\n<\/div>\n\n\n\n<div class=\"wp-block-columns is-layout-flex wp-container-core-columns-is-layout-9d6595d7 wp-block-columns-is-layout-flex\">\n<div class=\"wp-block-column is-layout-flow wp-block-column-is-layout-flow\">\n<figure class=\"wp-block-image size-large\"><img loading=\"lazy\" decoding=\"async\" width=\"683\" height=\"1024\" src=\"https:\/\/livia.azdigi.shop\/wp-content\/uploads\/2026\/04\/20251231_5oVwj4L5-683x1024.jpeg\" alt=\"\" class=\"wp-image-1375\" srcset=\"https:\/\/livia.azdigi.shop\/wp-content\/uploads\/2026\/04\/20251231_5oVwj4L5-683x1024.jpeg 683w, https:\/\/livia.azdigi.shop\/wp-content\/uploads\/2026\/04\/20251231_5oVwj4L5-200x300.jpeg 200w, https:\/\/livia.azdigi.shop\/wp-content\/uploads\/2026\/04\/20251231_5oVwj4L5-768x1152.jpeg 768w, https:\/\/livia.azdigi.shop\/wp-content\/uploads\/2026\/04\/20251231_5oVwj4L5-1024x1536.jpeg 1024w, https:\/\/livia.azdigi.shop\/wp-content\/uploads\/2026\/04\/20251231_5oVwj4L5-1365x2048.jpeg 1365w, https:\/\/livia.azdigi.shop\/wp-content\/uploads\/2026\/04\/20251231_5oVwj4L5-600x900.jpeg 600w, https:\/\/livia.azdigi.shop\/wp-content\/uploads\/2026\/04\/20251231_5oVwj4L5-scaled.jpeg 1707w\" sizes=\"auto, (max-width: 683px) 100vw, 683px\" \/><\/figure>\n<\/div>\n\n\n\n<div class=\"wp-block-column is-layout-flow wp-block-column-is-layout-flow\">\n<figure class=\"wp-block-image size-large\"><img loading=\"lazy\" decoding=\"async\" width=\"683\" height=\"1024\" src=\"https:\/\/livia.azdigi.shop\/wp-content\/uploads\/2026\/04\/20251231_Bf774q5x-683x1024.jpeg\" alt=\"\" class=\"wp-image-1376\" srcset=\"https:\/\/livia.azdigi.shop\/wp-content\/uploads\/2026\/04\/20251231_Bf774q5x-683x1024.jpeg 683w, https:\/\/livia.azdigi.shop\/wp-content\/uploads\/2026\/04\/20251231_Bf774q5x-200x300.jpeg 200w, https:\/\/livia.azdigi.shop\/wp-content\/uploads\/2026\/04\/20251231_Bf774q5x-768x1152.jpeg 768w, https:\/\/livia.azdigi.shop\/wp-content\/uploads\/2026\/04\/20251231_Bf774q5x-1024x1536.jpeg 1024w, https:\/\/livia.azdigi.shop\/wp-content\/uploads\/2026\/04\/20251231_Bf774q5x-1365x2048.jpeg 1365w, https:\/\/livia.azdigi.shop\/wp-content\/uploads\/2026\/04\/20251231_Bf774q5x-600x900.jpeg 600w, https:\/\/livia.azdigi.shop\/wp-content\/uploads\/2026\/04\/20251231_Bf774q5x-scaled.jpeg 1707w\" sizes=\"auto, (max-width: 683px) 100vw, 683px\" \/><\/figure>\n<\/div>\n<\/div>\n\n\n\n<p><\/p>\n","protected":false},"excerpt":{"rendered":"<p>B\u1ed8 S\u01afU T\u1eacP CH\u1ea0M \u0110\u00d4NG \u2013 PHONG C\u00c1CH M\u00d9A \u0110\u00d4NG TINH T\u1ebe BST CH\u1ea0M \u0110\u00d4NG mang \u0111\u1ebfn c\u1ea3m gi\u00e1c d\u1ecbu d\u00e0ng c\u1ee7a m\u00f9a l\u1ea1nh, khi kh\u00f4ng kh\u00ed tr\u1edf n\u00ean y\u00ean t\u0129nh v\u00e0 nh\u1eb9 nh\u00e0ng h\u01a1n. \u0110\u00e2y l\u00e0 th\u1eddi \u0111i\u1ec3m l\u00fd t\u01b0\u1edfng \u0111\u1ec3 phong c\u00e1ch th\u1eddi trang h\u01b0\u1edbng \u0111\u1ebfn s\u1ef1 \u1ea5m \u00e1p nh\u01b0ng v\u1eabn gi\u1eef \u0111\u01b0\u1ee3c [&#8230;]\n","protected":false},"author":1,"featured_media":0,"parent":0,"menu_order":0,"comment_status":"closed","ping_status":"closed","template":"","meta":{"footnotes":""},"class_list":["post-1055","page","type-page","status-publish","hentry"],"yoast_head":"<!-- This site is optimized with the Yoast SEO plugin v27.1.1 - https:\/\/yoast.com\/product\/yoast-seo-wordpress\/ -->\n<title>CH\u1ea0M \u0110\u00d4NG - LIVIA store CH\u1ea0M \u0110\u00d4NG \u2013 Phong c\u00e1ch m\u00f9a \u0111\u00f4ng tinh t\u1ebf<\/title>\n<meta name=\"description\" content=\"B\u1ed9 s\u01b0u t\u1eadp CH\u1ea0M \u0110\u00d4NG mang \u0111\u1ebfn phong c\u00e1ch m\u00f9a \u0111\u00f4ng tinh t\u1ebf v\u1edbi thi\u1ebft k\u1ebf thanh l\u1ecbch, ch\u1ea5t li\u1ec7u \u1ea5m \u00e1p v\u00e0 d\u1ec5 \u1ee9ng d\u1ee5ng trong cu\u1ed9c s\u1ed1ng h\u1eb1ng ng\u00e0y.\" \/>\n<meta name=\"robots\" content=\"index, follow, max-snippet:-1, max-image-preview:large, max-video-preview:-1\" \/>\n<link rel=\"canonical\" href=\"https:\/\/livia.azdigi.shop\/?page_id=1055\" \/>\n<meta property=\"og:locale\" content=\"en_US\" \/>\n<meta property=\"og:type\" content=\"article\" \/>\n<meta property=\"og:title\" content=\"CH\u1ea0M \u0110\u00d4NG - LIVIA store CH\u1ea0M \u0110\u00d4NG \u2013 Phong c\u00e1ch m\u00f9a \u0111\u00f4ng tinh t\u1ebf\" \/>\n<meta property=\"og:description\" content=\"B\u1ed9 s\u01b0u t\u1eadp CH\u1ea0M \u0110\u00d4NG mang \u0111\u1ebfn phong c\u00e1ch m\u00f9a \u0111\u00f4ng tinh t\u1ebf v\u1edbi thi\u1ebft k\u1ebf thanh l\u1ecbch, ch\u1ea5t li\u1ec7u \u1ea5m \u00e1p v\u00e0 d\u1ec5 \u1ee9ng d\u1ee5ng trong cu\u1ed9c s\u1ed1ng h\u1eb1ng ng\u00e0y.\" \/>\n<meta property=\"og:url\" content=\"https:\/\/livia.azdigi.shop\/?page_id=1055\" \/>\n<meta property=\"og:site_name\" content=\"LIVIA store\" \/>\n<meta property=\"article:modified_time\" content=\"2026-04-17T17:29:53+00:00\" \/>\n<meta property=\"og:image\" content=\"https:\/\/livia.azdigi.shop\/wp-content\/uploads\/2026\/04\/20251231_1GeNukRY-scaled.jpeg\" \/>\n\t<meta property=\"og:image:width\" content=\"1707\" \/>\n\t<meta property=\"og:image:height\" content=\"2560\" \/>\n\t<meta property=\"og:image:type\" content=\"image\/jpeg\" \/>\n<meta name=\"twitter:card\" content=\"summary_large_image\" \/>\n<meta name=\"twitter:label1\" content=\"Est. reading time\" \/>\n\t<meta name=\"twitter:data1\" content=\"2 minutes\" \/>\n<script type=\"application\/ld+json\" class=\"yoast-schema-graph\">{\"@context\":\"https:\/\/schema.org\",\"@graph\":[{\"@type\":\"WebPage\",\"@id\":\"https:\/\/livia.azdigi.shop\/?page_id=1055\",\"url\":\"https:\/\/livia.azdigi.shop\/?page_id=1055\",\"name\":\"CH\u1ea0M \u0110\u00d4NG - LIVIA store CH\u1ea0M \u0110\u00d4NG \u2013 Phong c\u00e1ch m\u00f9a \u0111\u00f4ng tinh t\u1ebf\",\"isPartOf\":{\"@id\":\"https:\/\/livia.azdigi.shop\/#website\"},\"primaryImageOfPage\":{\"@id\":\"https:\/\/livia.azdigi.shop\/?page_id=1055#primaryimage\"},\"image\":{\"@id\":\"https:\/\/livia.azdigi.shop\/?page_id=1055#primaryimage\"},\"thumbnailUrl\":\"https:\/\/livia.azdigi.shop\/wp-content\/uploads\/2026\/04\/20251231_1GeNukRY-683x1024.jpeg\",\"datePublished\":\"2026-03-16T11:17:14+00:00\",\"dateModified\":\"2026-04-17T17:29:53+00:00\",\"description\":\"B\u1ed9 s\u01b0u t\u1eadp CH\u1ea0M \u0110\u00d4NG mang \u0111\u1ebfn phong c\u00e1ch m\u00f9a \u0111\u00f4ng tinh t\u1ebf v\u1edbi thi\u1ebft k\u1ebf thanh l\u1ecbch, ch\u1ea5t li\u1ec7u \u1ea5m \u00e1p v\u00e0 d\u1ec5 \u1ee9ng d\u1ee5ng trong cu\u1ed9c s\u1ed1ng h\u1eb1ng ng\u00e0y.\",\"breadcrumb\":{\"@id\":\"https:\/\/livia.azdigi.shop\/?page_id=1055#breadcrumb\"},\"inLanguage\":\"en-US\",\"potentialAction\":[{\"@type\":\"ReadAction\",\"target\":[\"https:\/\/livia.azdigi.shop\/?page_id=1055\"]}]},{\"@type\":\"ImageObject\",\"inLanguage\":\"en-US\",\"@id\":\"https:\/\/livia.azdigi.shop\/?page_id=1055#primaryimage\",\"url\":\"https:\/\/livia.azdigi.shop\/wp-content\/uploads\/2026\/04\/20251231_1GeNukRY-scaled.jpeg\",\"contentUrl\":\"https:\/\/livia.azdigi.shop\/wp-content\/uploads\/2026\/04\/20251231_1GeNukRY-scaled.jpeg\",\"width\":1707,\"height\":2560,\"caption\":\"{\\\"ARInfo\\\":{\\\"IsUseAR\\\":false},\\\"Version\\\":\\\"1.0.0\\\",\\\"MakeupInfo\\\":{\\\"IsUseMakeup\\\":false},\\\"FaceliftInfo\\\":{\\\"IsChangeEyeLift\\\":false,\\\"IsChangeFacelift\\\":false,\\\"IsChangePostureLift\\\":false,\\\"IsChangeNose\\\":false,\\\"IsChangeFaceChin\\\":false,\\\"IsChangeMouth\\\":false,\\\"IsChangeThinFace\\\":true},\\\"BeautyInfo\\\":{\\\"SwitchMedicatedAcne\\\":false,\\\"IsAIBeauty\\\":false,\\\"IsBrightEyes\\\":false,\\\"IsSharpen\\\":false,\\\"IsOldBeauty\\\":false,\\\"IsReduceBlackEyes\\\":false},\\\"HandlerInfo\\\":{\\\"AppName\\\":2},\\\"FilterInfo\\\":{\\\"IsUseFilter\\\":false}}\"},{\"@type\":\"BreadcrumbList\",\"@id\":\"https:\/\/livia.azdigi.shop\/?page_id=1055#breadcrumb\",\"itemListElement\":[{\"@type\":\"ListItem\",\"position\":1,\"name\":\"Home\",\"item\":\"https:\/\/livia.azdigi.shop\/\"},{\"@type\":\"ListItem\",\"position\":2,\"name\":\"CH\u1ea0M \u0110\u00d4NG\"}]},{\"@type\":\"WebSite\",\"@id\":\"https:\/\/livia.azdigi.shop\/#website\",\"url\":\"https:\/\/livia.azdigi.shop\/\",\"name\":\"livia\",\"description\":\"\",\"publisher\":{\"@id\":\"https:\/\/livia.azdigi.shop\/#organization\"},\"potentialAction\":[{\"@type\":\"SearchAction\",\"target\":{\"@type\":\"EntryPoint\",\"urlTemplate\":\"https:\/\/livia.azdigi.shop\/?s={search_term_string}\"},\"query-input\":{\"@type\":\"PropertyValueSpecification\",\"valueRequired\":true,\"valueName\":\"search_term_string\"}}],\"inLanguage\":\"en-US\"},{\"@type\":\"Organization\",\"@id\":\"https:\/\/livia.azdigi.shop\/#organization\",\"name\":\"thoitrangnu\",\"url\":\"https:\/\/livia.azdigi.shop\/\",\"logo\":{\"@type\":\"ImageObject\",\"inLanguage\":\"en-US\",\"@id\":\"https:\/\/livia.azdigi.shop\/#\/schema\/logo\/image\/\",\"url\":\"https:\/\/livia.azdigi.shop\/wp-content\/uploads\/2026\/03\/Screenshot-2026-03-05-143026.png\",\"contentUrl\":\"https:\/\/livia.azdigi.shop\/wp-content\/uploads\/2026\/03\/Screenshot-2026-03-05-143026.png\",\"width\":438,\"height\":270,\"caption\":\"thoitrangnu\"},\"image\":{\"@id\":\"https:\/\/livia.azdigi.shop\/#\/schema\/logo\/image\/\"}}]}<\/script>\n<!-- \/ Yoast SEO plugin. -->","yoast_head_json":{"title":"CH\u1ea0M \u0110\u00d4NG - LIVIA store CH\u1ea0M \u0110\u00d4NG \u2013 Phong c\u00e1ch m\u00f9a \u0111\u00f4ng tinh t\u1ebf","description":"B\u1ed9 s\u01b0u t\u1eadp CH\u1ea0M \u0110\u00d4NG mang \u0111\u1ebfn phong c\u00e1ch m\u00f9a \u0111\u00f4ng tinh t\u1ebf v\u1edbi thi\u1ebft k\u1ebf thanh l\u1ecbch, ch\u1ea5t li\u1ec7u \u1ea5m \u00e1p v\u00e0 d\u1ec5 \u1ee9ng d\u1ee5ng trong cu\u1ed9c s\u1ed1ng h\u1eb1ng ng\u00e0y.","robots":{"index":"index","follow":"follow","max-snippet":"max-snippet:-1","max-image-preview":"max-image-preview:large","max-video-preview":"max-video-preview:-1"},"canonical":"https:\/\/livia.azdigi.shop\/?page_id=1055","og_locale":"en_US","og_type":"article","og_title":"CH\u1ea0M \u0110\u00d4NG - LIVIA store CH\u1ea0M \u0110\u00d4NG \u2013 Phong c\u00e1ch m\u00f9a \u0111\u00f4ng tinh t\u1ebf","og_description":"B\u1ed9 s\u01b0u t\u1eadp CH\u1ea0M \u0110\u00d4NG mang \u0111\u1ebfn phong c\u00e1ch m\u00f9a \u0111\u00f4ng tinh t\u1ebf v\u1edbi thi\u1ebft k\u1ebf thanh l\u1ecbch, ch\u1ea5t li\u1ec7u \u1ea5m \u00e1p v\u00e0 d\u1ec5 \u1ee9ng d\u1ee5ng trong cu\u1ed9c s\u1ed1ng h\u1eb1ng ng\u00e0y.","og_url":"https:\/\/livia.azdigi.shop\/?page_id=1055","og_site_name":"LIVIA store","article_modified_time":"2026-04-17T17:29:53+00:00","og_image":[{"width":1707,"height":2560,"url":"https:\/\/livia.azdigi.shop\/wp-content\/uploads\/2026\/04\/20251231_1GeNukRY-scaled.jpeg","type":"image\/jpeg"}],"twitter_card":"summary_large_image","twitter_misc":{"Est. reading time":"2 minutes"},"schema":{"@context":"https:\/\/schema.org","@graph":[{"@type":"WebPage","@id":"https:\/\/livia.azdigi.shop\/?page_id=1055","url":"https:\/\/livia.azdigi.shop\/?page_id=1055","name":"CH\u1ea0M \u0110\u00d4NG - LIVIA store CH\u1ea0M \u0110\u00d4NG \u2013 Phong c\u00e1ch m\u00f9a \u0111\u00f4ng tinh t\u1ebf","isPartOf":{"@id":"https:\/\/livia.azdigi.shop\/#website"},"primaryImageOfPage":{"@id":"https:\/\/livia.azdigi.shop\/?page_id=1055#primaryimage"},"image":{"@id":"https:\/\/livia.azdigi.shop\/?page_id=1055#primaryimage"},"thumbnailUrl":"https:\/\/livia.azdigi.shop\/wp-content\/uploads\/2026\/04\/20251231_1GeNukRY-683x1024.jpeg","datePublished":"2026-03-16T11:17:14+00:00","dateModified":"2026-04-17T17:29:53+00:00","description":"B\u1ed9 s\u01b0u t\u1eadp CH\u1ea0M \u0110\u00d4NG mang \u0111\u1ebfn phong c\u00e1ch m\u00f9a \u0111\u00f4ng tinh t\u1ebf v\u1edbi thi\u1ebft k\u1ebf thanh l\u1ecbch, ch\u1ea5t li\u1ec7u \u1ea5m \u00e1p v\u00e0 d\u1ec5 \u1ee9ng d\u1ee5ng trong cu\u1ed9c s\u1ed1ng h\u1eb1ng ng\u00e0y.","breadcrumb":{"@id":"https:\/\/livia.azdigi.shop\/?page_id=1055#breadcrumb"},"inLanguage":"en-US","potentialAction":[{"@type":"ReadAction","target":["https:\/\/livia.azdigi.shop\/?page_id=1055"]}]},{"@type":"ImageObject","inLanguage":"en-US","@id":"https:\/\/livia.azdigi.shop\/?page_id=1055#primaryimage","url":"https:\/\/livia.azdigi.shop\/wp-content\/uploads\/2026\/04\/20251231_1GeNukRY-scaled.jpeg","contentUrl":"https:\/\/livia.azdigi.shop\/wp-content\/uploads\/2026\/04\/20251231_1GeNukRY-scaled.jpeg","width":1707,"height":2560,"caption":"{\"ARInfo\":{\"IsUseAR\":false},\"Version\":\"1.0.0\",\"MakeupInfo\":{\"IsUseMakeup\":false},\"FaceliftInfo\":{\"IsChangeEyeLift\":false,\"IsChangeFacelift\":false,\"IsChangePostureLift\":false,\"IsChangeNose\":false,\"IsChangeFaceChin\":false,\"IsChangeMouth\":false,\"IsChangeThinFace\":true},\"BeautyInfo\":{\"SwitchMedicatedAcne\":false,\"IsAIBeauty\":false,\"IsBrightEyes\":false,\"IsSharpen\":false,\"IsOldBeauty\":false,\"IsReduceBlackEyes\":false},\"HandlerInfo\":{\"AppName\":2},\"FilterInfo\":{\"IsUseFilter\":false}}"},{"@type":"BreadcrumbList","@id":"https:\/\/livia.azdigi.shop\/?page_id=1055#breadcrumb","itemListElement":[{"@type":"ListItem","position":1,"name":"Home","item":"https:\/\/livia.azdigi.shop\/"},{"@type":"ListItem","position":2,"name":"CH\u1ea0M \u0110\u00d4NG"}]},{"@type":"WebSite","@id":"https:\/\/livia.azdigi.shop\/#website","url":"https:\/\/livia.azdigi.shop\/","name":"livia","description":"","publisher":{"@id":"https:\/\/livia.azdigi.shop\/#organization"},"potentialAction":[{"@type":"SearchAction","target":{"@type":"EntryPoint","urlTemplate":"https:\/\/livia.azdigi.shop\/?s={search_term_string}"},"query-input":{"@type":"PropertyValueSpecification","valueRequired":true,"valueName":"search_term_string"}}],"inLanguage":"en-US"},{"@type":"Organization","@id":"https:\/\/livia.azdigi.shop\/#organization","name":"thoitrangnu","url":"https:\/\/livia.azdigi.shop\/","logo":{"@type":"ImageObject","inLanguage":"en-US","@id":"https:\/\/livia.azdigi.shop\/#\/schema\/logo\/image\/","url":"https:\/\/livia.azdigi.shop\/wp-content\/uploads\/2026\/03\/Screenshot-2026-03-05-143026.png","contentUrl":"https:\/\/livia.azdigi.shop\/wp-content\/uploads\/2026\/03\/Screenshot-2026-03-05-143026.png","width":438,"height":270,"caption":"thoitrangnu"},"image":{"@id":"https:\/\/livia.azdigi.shop\/#\/schema\/logo\/image\/"}}]}},"_links":{"self":[{"href":"https:\/\/livia.azdigi.shop\/index.php?rest_route=\/wp\/v2\/pages\/1055","targetHints":{"allow":["GET"]}}],"collection":[{"href":"https:\/\/livia.azdigi.shop\/index.php?rest_route=\/wp\/v2\/pages"}],"about":[{"href":"https:\/\/livia.azdigi.shop\/index.php?rest_route=\/wp\/v2\/types\/page"}],"author":[{"embeddable":true,"href":"https:\/\/livia.azdigi.shop\/index.php?rest_route=\/wp\/v2\/users\/1"}],"replies":[{"embeddable":true,"href":"https:\/\/livia.azdigi.shop\/index.php?rest_route=%2Fwp%2Fv2%2Fcomments&post=1055"}],"version-history":[{"count":5,"href":"https:\/\/livia.azdigi.shop\/index.php?rest_route=\/wp\/v2\/pages\/1055\/revisions"}],"predecessor-version":[{"id":1406,"href":"https:\/\/livia.azdigi.shop\/index.php?rest_route=\/wp\/v2\/pages\/1055\/revisions\/1406"}],"wp:attachment":[{"href":"https:\/\/livia.azdigi.shop\/index.php?rest_route=%2Fwp%2Fv2%2Fmedia&parent=1055"}],"curies":[{"name":"wp","href":"https:\/\/api.w.org\/{rel}","templated":true}]}}